{"id":89,"date":"2025-07-02T09:33:28","date_gmt":"2025-07-02T09:33:28","guid":{"rendered":"https:\/\/ncbsolutions.pt\/?post_type=product&#038;p=89"},"modified":"2025-09-24T09:12:26","modified_gmt":"2025-09-24T09:12:26","slug":"big-bag-circular","status":"publish","type":"product","link":"https:\/\/ncbsolutions.pt\/en\/product\/big-bag-circular\/","title":{"rendered":"Circular Big Bag"},"content":{"rendered":"<p class=\"p1\">They are made of a single tubular fabric that forms all sides of the big bag.<\/p>\n<p class=\"p1\">Subsequently, the<span class=\"Apple-converted-space\">\u00a0\u00a0<\/span>loading and unloading system according to customer requirements.<\/p>","protected":false},"excerpt":{"rendered":"<p>S\u00e3o constru\u00eddos em tecido tubular \u00fanico que forma todos os lados do big bag. Posteriormente s\u00e3o produzidos o\u00a0\u00a0sistema de carga e descarga de acordo com a necessidade do cliente.<\/p>","protected":false},"featured_media":121,"comment_status":"closed","ping_status":"closed","template":"","meta":{"_et_pb_use_builder":"","_et_pb_old_content":"","_et_gb_content_width":""},"product_brand":[],"product_cat":[19],"product_tag":[],"class_list":{"0":"post-89","1":"product","2":"type-product","3":"status-publish","4":"has-post-thumbnail","6":"product_cat-big-bags-pt","8":"first","9":"instock","10":"shipping-taxable","11":"purchasable","12":"product-type-variable"},"_links":{"self":[{"href":"https:\/\/ncbsolutions.pt\/en\/wp-json\/wp\/v2\/product\/89","targetHints":{"allow":["GET"]}}],"collection":[{"href":"https:\/\/ncbsolutions.pt\/en\/wp-json\/wp\/v2\/product"}],"about":[{"href":"https:\/\/ncbsolutions.pt\/en\/wp-json\/wp\/v2\/types\/product"}],"replies":[{"embeddable":true,"href":"https:\/\/ncbsolutions.pt\/en\/wp-json\/wp\/v2\/comments?post=89"}],"wp:featuredmedia":[{"embeddable":true,"href":"https:\/\/ncbsolutions.pt\/en\/wp-json\/wp\/v2\/media\/121"}],"wp:attachment":[{"href":"https:\/\/ncbsolutions.pt\/en\/wp-json\/wp\/v2\/media?parent=89"}],"wp:term":[{"taxonomy":"product_brand","embeddable":true,"href":"https:\/\/ncbsolutions.pt\/en\/wp-json\/wp\/v2\/product_brand?post=89"},{"taxonomy":"product_cat","embeddable":true,"href":"https:\/\/ncbsolutions.pt\/en\/wp-json\/wp\/v2\/product_cat?post=89"},{"taxonomy":"product_tag","embeddable":true,"href":"https:\/\/ncbsolutions.pt\/en\/wp-json\/wp\/v2\/product_tag?post=89"}],"curies":[{"name":"wp","href":"https:\/\/api.w.org\/{rel}","templated":true}]}}