{"id":5775,"date":"2025-07-02T09:58:52","date_gmt":"2025-07-02T09:58:52","guid":{"rendered":"https:\/\/ncbsolutions.pt\/?page_id=5775"},"modified":"2025-10-03T10:31:14","modified_gmt":"2025-10-03T10:31:14","slug":"politica-de-privacidade","status":"publish","type":"page","link":"https:\/\/ncbsolutions.pt\/es\/politica-de-privacidade\/","title":{"rendered":"Pol\u00edtica de privacidad"},"content":{"rendered":"<p>[et_pb_section fb_built=&#8221;1&#8243; _builder_version=&#8221;4.27.4&#8243; _module_preset=&#8221;default&#8221; custom_padding=&#8221;0px|||||&#8221; global_colors_info=&#8221;{}&#8221;][et_pb_row _builder_version=&#8221;4.27.4&#8243; _module_preset=&#8221;default&#8221; global_colors_info=&#8221;{}&#8221;][et_pb_column type=&#8221;4_4&#8243; _builder_version=&#8221;4.27.4&#8243; _module_preset=&#8221;default&#8221; global_colors_info=&#8221;{}&#8221;][et_pb_text _builder_version=&#8221;4.27.4&#8243; _module_preset=&#8221;default&#8221; hover_enabled=&#8221;0&#8243; global_colors_info=&#8221;{}&#8221; sticky_enabled=&#8221;0&#8243;]<\/p>\n<h2><strong>Pol\u00edtica de privacidad<\/strong><\/h2>\n<p>Su privacidad es importante para nosotros. Nuestra pol\u00edtica es respetar su privacidad con respecto a cualquier informaci\u00f3n que podamos recopilar de usted a trav\u00e9s de nuestro sitio web ncbsolutions.co.uk.<\/p>\n<p>S\u00f3lo solicitamos informaci\u00f3n personal cuando realmente la necesitamos para prestarle un servicio. Lo hacemos por medios justos y legales, con su conocimiento y consentimiento. Tambi\u00e9n le explicamos por qu\u00e9 la recabamos y c\u00f3mo se utilizar\u00e1.<\/p>\n<p>S\u00f3lo conservamos la informaci\u00f3n recopilada durante el tiempo necesario para prestar el servicio solicitado. Cuando almacenamos datos, los protegemos con medios comercialmente aceptables para evitar p\u00e9rdidas y robos, as\u00ed como el acceso, la divulgaci\u00f3n, la copia, el uso o la modificaci\u00f3n no autorizados.<\/p>\n<p>No compartimos informaci\u00f3n de identificaci\u00f3n personal p\u00fablicamente ni con terceros, excepto cuando lo exige la ley.<\/p>\n<p>Nuestro sitio web puede contener enlaces a sitios web externos no gestionados por nosotros. Por favor, tenga en cuenta que no tenemos control sobre el contenido y las pr\u00e1cticas de estos sitios y no podemos aceptar responsabilidad por sus respectivas pol\u00edticas de privacidad.<\/p>\n<p>El Usuario es libre de rechazar nuestra solicitud de informaci\u00f3n personal, entendiendo que es posible que no podamos prestar algunos de los servicios deseados.<\/p>\n<p>Su uso continuado de nuestro sitio web se considerar\u00e1 una aceptaci\u00f3n de nuestras pr\u00e1cticas en torno a la privacidad y la informaci\u00f3n personal. Si tiene alguna pregunta sobre c\u00f3mo tratamos los datos de los usuarios y la informaci\u00f3n personal, p\u00f3ngase en contacto con nosotros.<\/p>\n<p>&nbsp;<\/p>\n<h2><strong>Qui\u00e9nes somos<\/strong><\/h2>\n<p>El sitio web ncbsolutions.pt es propiedad de la empresa NCB Solutions, Lda. con sede en Z<span>Pol\u00edgono industrial Monte Grande<\/span>, <span>Calle Nat\u00e1lia Correia, 265<\/span>, <span>4505-326<\/span> <span>Fi\u00e3es,<\/span> con el n\u00famero de IVA 513457054, en lo sucesivo denominada NCB Solutions.<\/p>\n<p>&nbsp;<\/p>\n<h2><strong>Pol\u00edtica de cookies de NCB Solutions<\/strong><\/h2>\n<p><strong><\/strong><\/p>\n<h3><strong>\u00bfQu\u00e9 son las cookies?<\/strong><\/h3>\n<p>Como es pr\u00e1ctica habitual en casi todos los sitios web profesionales, este sitio utiliza cookies, que son peque\u00f1os archivos almacenados en su ordenador, para mejorar su experiencia. Esta p\u00e1gina describe qu\u00e9 informaci\u00f3n recogen, c\u00f3mo la utilizamos y por qu\u00e9 a veces necesitamos almacenar estas cookies. Tambi\u00e9n le indicamos c\u00f3mo puede evitar que se almacenen estas cookies; sin embargo, esto puede degradar o \"romper\" ciertos elementos de la funcionalidad del sitio.<\/p>\n<p>&nbsp;<\/p>\n<h3><strong>\u00bfC\u00f3mo utilizamos las cookies?<\/strong><\/h3>\n<p>Utilizamos cookies por varias razones, que se detallan a continuaci\u00f3n. Lamentablemente, en la mayor\u00eda de los casos, no existen opciones est\u00e1ndar en la industria para desactivar las cookies sin desactivar por completo la funcionalidad y las caracter\u00edsticas que a\u00f1aden a este sitio web. Se recomienda que abandone todas las cookies si no est\u00e1 seguro de si las necesita o no en caso de que se utilicen para prestar un servicio que usted utilice.<\/p>\n<p>&nbsp;<\/p>\n<h3><strong>Desactivar cookies<\/strong><\/h3>\n<p>Puede evitar que se instalen cookies ajustando la configuraci\u00f3n de su navegador (consulte la ayuda de su navegador para saber c\u00f3mo hacerlo, tambi\u00e9n puede consultar el sitio web de ANACOM que explica c\u00f3mo hacerlo). <a href=\"https:\/\/www.anacom.pt\/render.jsp?categoryId=373375\" target=\"_blank\" rel=\"noopener noreferrer\">pulse aqu\u00ed<\/a>). Tenga en cuenta que deshabilitar las cookies afectar\u00e1 a la funcionalidad de este y de muchos otros sitios web que visite. Por lo general, la desactivaci\u00f3n de las cookies conlleva la desactivaci\u00f3n de determinadas funciones y caracter\u00edsticas de este sitio web. Por lo tanto, le recomendamos que no desactive las cookies.<\/p>\n<p>&nbsp;<\/p>\n<h3><strong>Cookies que instalamos<\/strong><\/h3>\n<ul>\n<li>Cookies relacionadas con la cuenta - Si crea una cuenta con nosotros, utilizaremos cookies para la gesti\u00f3n del proceso de inscripci\u00f3n y la administraci\u00f3n general. Estas cookies se eliminar\u00e1n normalmente cuando abandone el sitio, aunque en algunos casos pueden permanecer despu\u00e9s para recordar sus preferencias del sitio cuando lo abandone.<\/li>\n<li>Cookies relacionadas con el inicio de sesi\u00f3n: utilizamos cookies cuando inicia sesi\u00f3n para poder recordar esta acci\u00f3n. Esto evita que tenga que iniciar sesi\u00f3n cada vez que visita una nueva p\u00e1gina. Estas cookies suelen eliminarse o borrarse al cerrar la sesi\u00f3n para garantizar que solo pueda acceder a las funciones y \u00e1reas restringidas cuando haya iniciado sesi\u00f3n.<\/li>\n<li>Cookies de preferencias del sitio - Para ofrecerle una gran experiencia en este sitio, le proporcionamos la funcionalidad de establecer sus preferencias sobre c\u00f3mo funciona este sitio cuando lo utiliza. Para recordar sus preferencias, necesitamos instalar cookies de modo que esta informaci\u00f3n pueda ser consultada cada vez que interact\u00fae con una p\u00e1gina afectada por sus preferencias.<\/li>\n<\/ul>\n<p>&nbsp;<\/p>\n<h3><strong>Cookies de terceros<\/strong><\/h3>\n<p>En algunos casos especiales, tambi\u00e9n utilizamos cookies proporcionadas por terceros de confianza. En la siguiente secci\u00f3n se detalla qu\u00e9 cookies de terceros puede encontrar a trav\u00e9s de este sitio web.<\/p>\n<ul>\n<li>Este sitio utiliza Google Analytics, que es una de las soluciones de an\u00e1lisis m\u00e1s extendidas y fiables de la web, para ayudarnos a comprender c\u00f3mo utiliza el sitio y c\u00f3mo podemos mejorar su experiencia. Estas cookies pueden rastrear aspectos como el tiempo que pasas en el sitio y las p\u00e1ginas que visitas, para que podamos seguir produciendo contenidos atractivos.<\/li>\n<\/ul>\n<p>Para obtener m\u00e1s informaci\u00f3n sobre las cookies de Google Analytics, consulte la p\u00e1gina oficial de Google Analytics. <a href=\"https:\/\/developers.google.com\/analytics\/devguides\/collection\/analyticsjs\/cookie-usage\" target=\"_blank\" rel=\"noopener noreferrer\">Google Analytics<\/a>.<\/p>\n<ul>\n<li>Los an\u00e1lisis de terceros se utilizan para medir el uso de este sitio web, de modo que podamos seguir produciendo contenidos atractivos. Estas cookies pueden rastrear elementos como el tiempo que pasa en el sitio o las p\u00e1ginas que visita, lo que nos ayuda a entender c\u00f3mo podemos mejorar nuestro servicio.<\/li>\n<li>Peri\u00f3dicamente probamos nuevas funciones y hacemos cambios sutiles en el aspecto del sitio. Cuando a\u00fan estamos probando nuevas funciones, estas cookies pueden utilizarse para garantizar que usted recibe una experiencia coherente mientras est\u00e1 en el sitio, al tiempo que comprendemos qu\u00e9 optimizaciones aprecian m\u00e1s nuestros usuarios.<\/li>\n<\/ul>\n<p>&nbsp;<\/p>\n<h3><strong>Compromiso de los usuarios<\/strong><\/h3>\n<p>El usuario se compromete a hacer un uso adecuado de los contenidos e informaciones ofrecidos por NCB Solutions en la p\u00e1gina web, y ello con car\u00e1cter enunciativo pero no limitativo:<\/p>\n<ul>\n<li>A) No realizar actividades ilegales o contrarias a la buena fe y al orden p\u00fablico;<\/li>\n<li>B) No difundir propaganda o contenidos de car\u00e1cter racista, xen\u00f3fobo, o sobre casinos, apuestas online, juegos de azar, cualquier tipo de pornograf\u00eda ilegal, apolog\u00eda del terrorismo o contra los derechos humanos;<\/li>\n<li>C) No provocar da\u00f1os en los sistemas f\u00edsicos (hardware) y l\u00f3gicos (software) de NCB Solutions, de sus proveedores o de terceras personas, introducir o difundir en la red virus inform\u00e1ticos o cualesquiera otros sistemas f\u00edsicos o l\u00f3gicos que sean susceptibles de provocar los da\u00f1os anteriormente mencionados.<\/li>\n<\/ul>\n<p>&nbsp;<\/p>\n<h3><strong>Sus derechos<\/strong><\/h3>\n<p>Tiene derecho a ejercer los siguientes derechos:<\/p>\n<ul>\n<li>Derecho a la informaci\u00f3n: solicite informaci\u00f3n adicional sobre el uso que hacemos de sus datos personales;<\/li>\n<li>Derecho de acceso: acceder o solicitar el acceso a los datos personales que nos ha facilitado;<\/li>\n<li>Derecho de rectificaci\u00f3n: solicitar la rectificaci\u00f3n o actualizaci\u00f3n de sus datos personales;<\/li>\n<li>Derecho de supresi\u00f3n: solicitar la supresi\u00f3n de sus datos personales, cuando lo permita la ley o el contrato;<\/li>\n<li>Derecho de limitaci\u00f3n: solicitar que limitemos la forma en que utilizamos sus datos personales, mientras los corregimos o aclaramos cualquier duda sobre su contenido o el uso que hacemos de ellos;<\/li>\n<\/ul>\n<p>Tambi\u00e9n tiene derecho a retirar o modificar, en cualquier momento, el consentimiento que nos haya dado para utilizar sus datos personales, cuando ello haya legitimado su uso.<\/p>\n<p>Para ejercer sus derechos de protecci\u00f3n de datos personales, o si tiene alguna pregunta sobre el uso que hacemos de sus datos personales, p\u00f3ngase en contacto con nosotros por correo electr\u00f3nico en la siguiente direcci\u00f3n <a href=\"mailto:info@ncbsolutions.pt\">info@ncbsolutions.pt<\/a><\/p>\n<p>&nbsp;<\/p>\n<h2><strong>Qu\u00e9 recopilamos y almacenamos<\/strong><\/h2>\n<p>Mientras visite nuestro sitio, le grabaremos:<\/p>\n<ul>\n<li>Productos que ha visto: lo utilizaremos, por ejemplo, para mostrarle los productos que ha visto recientemente.<\/li>\n<li>Direcci\u00f3n de env\u00edo: le pediremos, por ejemplo, una estimaci\u00f3n de los gastos de env\u00edo antes de realizar el pedido.<\/li>\n<\/ul>\n<p>Tambi\u00e9n utilizamos cookies para mantener el contenido de su pedido mientras navega por nuestro sitio web.<\/p>\n<p>Cuando compre en nuestra tienda, se le pedir\u00e1 informaci\u00f3n como su nombre, direcci\u00f3n de facturaci\u00f3n, direcci\u00f3n de env\u00edo, direcci\u00f3n de correo electr\u00f3nico, n\u00famero de tel\u00e9fono, datos de la tarjeta de cr\u00e9dito y de pago, y otros datos opcionales de la cuenta como el nombre de usuario y la contrase\u00f1a. Esta informaci\u00f3n se utilizar\u00e1 para fines tales como:<\/p>\n<ul>\n<li>Enviarle informaci\u00f3n sobre su cuenta y su pedido<\/li>\n<li>Responder a sus solicitudes, incluidas devoluciones y reclamaciones<\/li>\n<li>Procesamiento de pagos y prevenci\u00f3n del fraude<\/li>\n<li>Crear una cuenta en nuestra tienda<\/li>\n<li>Cumplir con todas las obligaciones legales que tenemos, como calcular los impuestos<\/li>\n<li>Mejorar las ofertas de nuestra tienda<\/li>\n<li>Enviarle mensajes de marketing si desea recibirlos<\/li>\n<\/ul>\n<p>Si crea una cuenta, almacenamos su nombre, direcci\u00f3n, direcci\u00f3n de correo electr\u00f3nico y n\u00famero de tel\u00e9fono, que se utilizar\u00e1n para cumplimentar sus datos para futuros pedidos.<\/p>\n<p>En general, almacenamos informaci\u00f3n sobre usted durante el tiempo que la necesitamos por las razones por las que la recogimos, y no estamos legalmente obligados a conservarla. Por ejemplo, almacenaremos informaci\u00f3n durante el tiempo que sea legalmente necesario a efectos fiscales y contables. Esto incluye su nombre, direcci\u00f3n de correo electr\u00f3nico, direcci\u00f3n de facturaci\u00f3n y de env\u00edo.<\/p>\n<p>&nbsp;<\/p>\n<h2><strong>Qui\u00e9n de nuestro equipo tiene acceso<\/strong><\/h2>\n<p>Los miembros de nuestro equipo tienen acceso a la informaci\u00f3n que nos facilite. Por ejemplo, los administradores y gestores del sitio web pueden acceder:<\/p>\n<ul>\n<li>Informaci\u00f3n del pedido, qu\u00e9 compr\u00f3, cu\u00e1ndo lo compr\u00f3 y d\u00f3nde se enviar\u00e1, y<\/li>\n<li>Informaci\u00f3n del cliente, como nombre, direcci\u00f3n de correo electr\u00f3nico y direcci\u00f3n de facturaci\u00f3n y env\u00edo.<\/li>\n<\/ul>\n<p>Los miembros de nuestro equipo tienen acceso a esta informaci\u00f3n para tramitar los pedidos y prestar asistencia al cliente.<\/p>\n<p>&nbsp;<\/p>\n<h2><strong>Lo que compartimos con los dem\u00e1s<\/strong><\/h2>\n<p>Compartimos informaci\u00f3n con terceros que nos ayudan a procesar sus pedidos; por ejemplo, el transportista que se elegir\u00e1 para entregar su paquete.<\/p>\n<p>Esta pol\u00edtica entrar\u00e1 en vigor el 1 de enero de 2021<\/p>\n<p>[\/et_pb_text][\/et_pb_column][\/et_pb_row][\/et_pb_section]<\/p>","protected":false},"excerpt":{"rendered":"<p>Pol\u00edtica de Privacidade A sua privacidade \u00e9 importante para n\u00f3s. A nossa pol\u00edtica \u00e9 respeitar a sua privacidade em rela\u00e7\u00e3o a qualquer informa\u00e7\u00e3o sua que possamos recolher no site ncbsolutions.pt Solicitamos informa\u00e7\u00f5es pessoais apenas quando realmente precisamos delas para lhe fornecer um servi\u00e7o. Fazemo-lo por meios justos e legais, com o seu conhecimento e consentimento. [&hellip;]<\/p>","protected":false},"author":4,"featured_media":0,"parent":0,"menu_order":0,"comment_status":"closed","ping_status":"closed","template":"","meta":{"_et_pb_use_builder":"on","_et_pb_old_content":"","_et_gb_content_width":"","footnotes":""},"class_list":["post-5775","page","type-page","status-publish","hentry"],"_links":{"self":[{"href":"https:\/\/ncbsolutions.pt\/es\/wp-json\/wp\/v2\/pages\/5775","targetHints":{"allow":["GET"]}}],"collection":[{"href":"https:\/\/ncbsolutions.pt\/es\/wp-json\/wp\/v2\/pages"}],"about":[{"href":"https:\/\/ncbsolutions.pt\/es\/wp-json\/wp\/v2\/types\/page"}],"author":[{"embeddable":true,"href":"https:\/\/ncbsolutions.pt\/es\/wp-json\/wp\/v2\/users\/4"}],"replies":[{"embeddable":true,"href":"https:\/\/ncbsolutions.pt\/es\/wp-json\/wp\/v2\/comments?post=5775"}],"version-history":[{"count":0,"href":"https:\/\/ncbsolutions.pt\/es\/wp-json\/wp\/v2\/pages\/5775\/revisions"}],"wp:attachment":[{"href":"https:\/\/ncbsolutions.pt\/es\/wp-json\/wp\/v2\/media?parent=5775"}],"curies":[{"name":"wp","href":"https:\/\/api.w.org\/{rel}","templated":true}]}}