{"id":7961,"date":"2025-07-02T11:03:33","date_gmt":"2025-07-02T11:03:33","guid":{"rendered":"https:\/\/ncbsolutions.pt\/?page_id=7961"},"modified":"2025-07-24T10:26:46","modified_gmt":"2025-07-24T10:26:46","slug":"vantagens-sacos-de-rafia","status":"publish","type":"page","link":"https:\/\/ncbsolutions.pt\/es\/vantagens-sacos-de-rafia\/","title":{"rendered":"Ventajas de las bolsas de rafia"},"content":{"rendered":"<p>[et_pb_section fb_built=&#8221;1&#8243; _builder_version=&#8221;4.27.4&#8243; _module_preset=&#8221;default&#8221; custom_margin=&#8221;40px||||false|false&#8221; custom_padding=&#8221;0px||0px|||&#8221; locked=&#8221;off&#8221; global_colors_info=&#8221;{}&#8221;][et_pb_row column_structure=&#8221;1_2,1_2&#8243; _builder_version=&#8221;4.27.4&#8243; _module_preset=&#8221;default&#8221; global_colors_info=&#8221;{}&#8221;][et_pb_column type=&#8221;1_2&#8243; _builder_version=&#8221;4.27.4&#8243; _module_preset=&#8221;default&#8221; global_colors_info=&#8221;{}&#8221;][et_pb_text _builder_version=&#8221;4.27.4&#8243; _module_preset=&#8221;default&#8221; text_font_size=&#8221;16px&#8221; text_line_height=&#8221;2.2em&#8221; header_font=&#8221;Roboto Slab||||||||&#8221; header_font_size=&#8221;48px&#8221; global_colors_info=&#8221;{}&#8221;]<\/p>\n<p><span>Ventajas de<\/span><\/p>\n<h1>Bolsas de rafia<\/h1>\n<p>[\/et_pb_text][et_pb_text _builder_version=&#8221;4.27.4&#8243; _module_preset=&#8221;default&#8221; text_font=&#8221;Roboto Slab|300|||||||&#8221; text_text_color=&#8221;#000000&#8243; text_font_size=&#8221;16px&#8221; custom_margin=&#8221;||0px||false|false&#8221; global_colors_info=&#8221;{}&#8221;]<\/p>\n<p>Los sacos de rafia se utilizan en diversas actividades que requieren el envasado de productos a granel.<\/p>\n<p>Estas son algunas de las ventajas de los bolsos de rafia.<\/p>\n<ul>\n<li>Resistencia a la rotura, las ca\u00eddas y la fricci\u00f3n<\/li>\n<li>Estabilidad dimensional<\/li>\n<li>Calidad de impresi\u00f3n<\/li>\n<li>Tratamiento UV (si es necesario)<\/li>\n<li>Reutilizable<\/li>\n<li>Vers\u00e1til<\/li>\n<li>Apto para el contacto con alimentos<\/li>\n<\/ul>\n<p>[\/et_pb_text][et_pb_button button_url=&#8221;@ET-DC@eyJkeW5hbWljIjp0cnVlLCJjb250ZW50IjoicG9zdF9saW5rX3VybF9wYWdlIiwic2V0dGluZ3MiOnsicG9zdF9pZCI6IjUwNzYifX0=@&#8221; button_text=&#8221;Fale Connosco&#8221; button_alignment=&#8221;left&#8221; _builder_version=&#8221;4.27.4&#8243; _dynamic_attributes=&#8221;button_url&#8221; _module_preset=&#8221;default&#8221; custom_button=&#8221;on&#8221; button_text_size=&#8221;14px&#8221; button_text_color=&#8221;#385a84&#8243; button_border_color=&#8221;#385a84&#8243; button_font=&#8221;|600||on|||||&#8221; custom_padding=&#8221;8px||8px||true|false&#8221; locked=&#8221;off&#8221; global_colors_info=&#8221;{}&#8221;][\/et_pb_button][\/et_pb_column][et_pb_column type=&#8221;1_2&#8243; _builder_version=&#8221;4.27.4&#8243; _module_preset=&#8221;default&#8221; global_colors_info=&#8221;{}&#8221;][et_pb_image src=&#8221;https:\/\/ncbsolutions.pt\/wp-content\/uploads\/2025\/07\/vantagnes-sacos-de-rafia.jpg&#8221; _builder_version=&#8221;4.27.4&#8243; _module_preset=&#8221;default&#8221; custom_margin=&#8221;16px||||false|false&#8221; global_colors_info=&#8221;{}&#8221;][\/et_pb_image][\/et_pb_column][\/et_pb_row][\/et_pb_section][et_pb_section fb_built=&#8221;1&#8243; _builder_version=&#8221;4.27.4&#8243; _module_preset=&#8221;default&#8221; custom_padding=&#8221;0px||0px||false|false&#8221; hover_enabled=&#8221;0&#8243; locked=&#8221;off&#8221; global_colors_info=&#8221;{}&#8221; custom_margin=&#8221;30px||||false|false&#8221; sticky_enabled=&#8221;0&#8243;][et_pb_row _builder_version=&#8221;4.27.4&#8243; _module_preset=&#8221;default&#8221; custom_padding=&#8221;0px||0px|||&#8221; global_colors_info=&#8221;{}&#8221;][et_pb_column type=&#8221;4_4&#8243; _builder_version=&#8221;4.27.4&#8243; _module_preset=&#8221;default&#8221; global_colors_info=&#8221;{}&#8221;][et_pb_shop type=&#8221;product_category&#8221; posts_number=&#8221;4&#8243; include_categories=&#8221;20&#8243; _builder_version=&#8221;4.27.4&#8243; _module_preset=&#8221;default&#8221; global_colors_info=&#8221;{}&#8221;][\/et_pb_shop][\/et_pb_column][\/et_pb_row][\/et_pb_section]<\/p>","protected":false},"excerpt":{"rendered":"<p>Vantagens dos Sacos R\u00e1fiaOs sacos de r\u00e1fia s\u00e3o utilizados em v\u00e1rias atividades que necessitam de acondicionar o produto a granel. Abaixo indicamos algumas das vantagens dos sacos de r\u00e1fia. Resiste\u0302ncia a\u0300 quebra, quedas e fricc\u0327a\u0303o Estabilidade dimensional Qualidade de impressa\u0303o Tratamento UV (se necessa\u0301rio) Reutiliza\u0301vel Versa\u0301til Apto para contacto com alimentos<\/p>","protected":false},"author":4,"featured_media":0,"parent":0,"menu_order":0,"comment_status":"closed","ping_status":"closed","template":"","meta":{"_et_pb_use_builder":"on","_et_pb_old_content":"<!-- wp:divi\/placeholder \/-->","_et_gb_content_width":"","footnotes":""},"class_list":["post-7961","page","type-page","status-publish","hentry"],"_links":{"self":[{"href":"https:\/\/ncbsolutions.pt\/es\/wp-json\/wp\/v2\/pages\/7961","targetHints":{"allow":["GET"]}}],"collection":[{"href":"https:\/\/ncbsolutions.pt\/es\/wp-json\/wp\/v2\/pages"}],"about":[{"href":"https:\/\/ncbsolutions.pt\/es\/wp-json\/wp\/v2\/types\/page"}],"author":[{"embeddable":true,"href":"https:\/\/ncbsolutions.pt\/es\/wp-json\/wp\/v2\/users\/4"}],"replies":[{"embeddable":true,"href":"https:\/\/ncbsolutions.pt\/es\/wp-json\/wp\/v2\/comments?post=7961"}],"version-history":[{"count":0,"href":"https:\/\/ncbsolutions.pt\/es\/wp-json\/wp\/v2\/pages\/7961\/revisions"}],"wp:attachment":[{"href":"https:\/\/ncbsolutions.pt\/es\/wp-json\/wp\/v2\/media?parent=7961"}],"curies":[{"name":"wp","href":"https:\/\/api.w.org\/{rel}","templated":true}]}}