{"id":101,"date":"2025-07-02T09:33:29","date_gmt":"2025-07-02T09:33:29","guid":{"rendered":"https:\/\/ncbsolutions.pt\/?post_type=product&#038;p=101"},"modified":"2025-12-03T17:58:12","modified_gmt":"2025-12-03T17:58:12","slug":"filme-estiravel-sem-tubo-de-cartao-coreless","status":"publish","type":"product","link":"https:\/\/ncbsolutions.pt\/es\/product\/filme-estiravel-sem-tubo-de-cartao-coreless\/","title":{"rendered":"Film estirable sin n\u00facleo"},"content":{"rendered":"<div class=\"page\" title=\"P\u00e1gina 6\">\n<div class=\"section\">\n<div class=\"layoutArea\">\n<div class=\"column\">\n<p class=\"p1\">El film estirable manual sin tubo de cart\u00f3n (Coreless) permite a su usuario ser m\u00e1s rentable, ya que utiliza 100% de producto. En este caso, el peso del tubo de cart\u00f3n no se incorpora a la bobina de film. Tampoco hay residuos de tubo de cart\u00f3n, lo que supone una ventaja medioambiental.<\/p>\n<\/div>\n<\/div>\n<\/div>\n<\/div>","protected":false},"excerpt":{"rendered":"<p class=\"p1\">Aplicaci\u00f3n manual m\u00e1s rentable y respetuosa con el medio ambiente<\/p>\n<p><strong>Dimensiones<\/strong><br \/>\n<strong>Peso de la bobina:<\/strong> A petici\u00f3n del cliente<br \/>\n<strong>Grosor:<\/strong> a petici\u00f3n del cliente<br \/>\n<strong>Color:<\/strong> Transparente y otros<\/p>","protected":false},"featured_media":176,"comment_status":"closed","ping_status":"closed","template":"","meta":{"_et_pb_use_builder":"","_et_pb_old_content":"","_et_gb_content_width":""},"product_brand":[],"product_cat":[21],"product_tag":[],"class_list":{"0":"post-101","1":"product","2":"type-product","3":"status-publish","4":"has-post-thumbnail","6":"product_cat-filme-estiravel","8":"first","9":"instock","10":"shipping-taxable","11":"purchasable","12":"product-type-variable"},"_links":{"self":[{"href":"https:\/\/ncbsolutions.pt\/es\/wp-json\/wp\/v2\/product\/101","targetHints":{"allow":["GET"]}}],"collection":[{"href":"https:\/\/ncbsolutions.pt\/es\/wp-json\/wp\/v2\/product"}],"about":[{"href":"https:\/\/ncbsolutions.pt\/es\/wp-json\/wp\/v2\/types\/product"}],"replies":[{"embeddable":true,"href":"https:\/\/ncbsolutions.pt\/es\/wp-json\/wp\/v2\/comments?post=101"}],"wp:featuredmedia":[{"embeddable":true,"href":"https:\/\/ncbsolutions.pt\/es\/wp-json\/wp\/v2\/media\/176"}],"wp:attachment":[{"href":"https:\/\/ncbsolutions.pt\/es\/wp-json\/wp\/v2\/media?parent=101"}],"wp:term":[{"taxonomy":"product_brand","embeddable":true,"href":"https:\/\/ncbsolutions.pt\/es\/wp-json\/wp\/v2\/product_brand?post=101"},{"taxonomy":"product_cat","embeddable":true,"href":"https:\/\/ncbsolutions.pt\/es\/wp-json\/wp\/v2\/product_cat?post=101"},{"taxonomy":"product_tag","embeddable":true,"href":"https:\/\/ncbsolutions.pt\/es\/wp-json\/wp\/v2\/product_tag?post=101"}],"curies":[{"name":"wp","href":"https:\/\/api.w.org\/{rel}","templated":true}]}}