{"id":90,"date":"2025-07-02T09:33:28","date_gmt":"2025-07-02T09:33:28","guid":{"rendered":"https:\/\/ncbsolutions.pt\/?post_type=product&#038;p=90"},"modified":"2025-09-25T15:48:29","modified_gmt":"2025-09-25T15:48:29","slug":"big-bag-ventilado","status":"publish","type":"product","link":"https:\/\/ncbsolutions.pt\/es\/product\/big-bag-ventilado\/","title":{"rendered":"Big Bag ventilado"},"content":{"rendered":"<p class=\"p1\">Los big bags ventilados se utilizan para envasar, transportar o almacenar productos que requieren ventilaci\u00f3n del aire exterior natural.<\/p>\n<p class=\"p1\">Est\u00e1n fabricados con un tejido resistente<span class=\"Apple-converted-space\">\u00a0<\/span>con aberturas para que circule el aire y se conserve el producto en la bolsa grande.<\/p>","protected":false},"excerpt":{"rendered":"<p>Os big bags ventilados s\u00e3o utilizados para embalagem, transporte ou armazenamento de produtos que necessitem de ventila\u00e7\u00e3o do ar natural externo. S\u00e3o fabricados com tela resistente\u00a0com aberturas, para permitir que o ar circule e conserve o produto introduzido no big bag.<\/p>","protected":false},"featured_media":8900,"comment_status":"closed","ping_status":"closed","template":"","meta":{"_et_pb_use_builder":"","_et_pb_old_content":"","_et_gb_content_width":""},"product_brand":[],"product_cat":[19],"product_tag":[],"class_list":{"0":"post-90","1":"product","2":"type-product","3":"status-publish","4":"has-post-thumbnail","6":"product_cat-big-bags-pt","8":"first","9":"instock","10":"shipping-taxable","11":"purchasable","12":"product-type-variable"},"_links":{"self":[{"href":"https:\/\/ncbsolutions.pt\/es\/wp-json\/wp\/v2\/product\/90","targetHints":{"allow":["GET"]}}],"collection":[{"href":"https:\/\/ncbsolutions.pt\/es\/wp-json\/wp\/v2\/product"}],"about":[{"href":"https:\/\/ncbsolutions.pt\/es\/wp-json\/wp\/v2\/types\/product"}],"replies":[{"embeddable":true,"href":"https:\/\/ncbsolutions.pt\/es\/wp-json\/wp\/v2\/comments?post=90"}],"wp:featuredmedia":[{"embeddable":true,"href":"https:\/\/ncbsolutions.pt\/es\/wp-json\/wp\/v2\/media\/8900"}],"wp:attachment":[{"href":"https:\/\/ncbsolutions.pt\/es\/wp-json\/wp\/v2\/media?parent=90"}],"wp:term":[{"taxonomy":"product_brand","embeddable":true,"href":"https:\/\/ncbsolutions.pt\/es\/wp-json\/wp\/v2\/product_brand?post=90"},{"taxonomy":"product_cat","embeddable":true,"href":"https:\/\/ncbsolutions.pt\/es\/wp-json\/wp\/v2\/product_cat?post=90"},{"taxonomy":"product_tag","embeddable":true,"href":"https:\/\/ncbsolutions.pt\/es\/wp-json\/wp\/v2\/product_tag?post=90"}],"curies":[{"name":"wp","href":"https:\/\/api.w.org\/{rel}","templated":true}]}}