{"id":99,"date":"2025-07-02T09:33:29","date_gmt":"2025-07-02T09:33:29","guid":{"rendered":"https:\/\/ncbsolutions.pt\/?post_type=product&#038;p=99"},"modified":"2025-12-03T17:57:30","modified_gmt":"2025-12-03T17:57:30","slug":"filme-estiravel-automatico","status":"publish","type":"product","link":"https:\/\/ncbsolutions.pt\/es\/product\/filme-estiravel-automatico\/","title":{"rendered":"Film estirable autom\u00e1tico"},"content":{"rendered":"<div class=\"page\" title=\"P\u00e1gina 6\">\n<div class=\"section\">\n<div class=\"layoutArea\">\n<div class=\"column\">\n<p class=\"p1\">El film estirable autom\u00e1tico se utiliza junto con envolvedoras de pal\u00e9s autom\u00e1ticas y semiautom\u00e1ticas para que su proceso de envasado sea m\u00e1s r\u00e1pido y eficaz. Se utiliza mucho en empresas que necesitan paletizar y proteger sus productos a diario.<\/p>\n<\/div>\n<\/div>\n<\/div>\n<\/div>","protected":false},"excerpt":{"rendered":"<p class=\"p1\">Adecuado para empresas que necesitan envolver grandes cantidades de pel\u00edcula alrededor de sus productos<\/p>\n<p><strong>Dimensiones<\/strong><br \/>\n<strong>Peso de la bobina:<\/strong> Entre 15 y 17 kg<br \/>\n<strong>Grosor:<\/strong> a petici\u00f3n del cliente<br \/>\n<strong>Color:<\/strong> Transparente y otros<br \/>\nEstirabilidad hasta 300%<\/p>","protected":false},"featured_media":171,"comment_status":"closed","ping_status":"closed","template":"","meta":{"_et_pb_use_builder":"","_et_pb_old_content":"","_et_gb_content_width":""},"product_brand":[],"product_cat":[21],"product_tag":[],"class_list":{"0":"post-99","1":"product","2":"type-product","3":"status-publish","4":"has-post-thumbnail","6":"product_cat-filme-estiravel","8":"first","9":"instock","10":"shipping-taxable","11":"purchasable","12":"product-type-variable"},"_links":{"self":[{"href":"https:\/\/ncbsolutions.pt\/es\/wp-json\/wp\/v2\/product\/99","targetHints":{"allow":["GET"]}}],"collection":[{"href":"https:\/\/ncbsolutions.pt\/es\/wp-json\/wp\/v2\/product"}],"about":[{"href":"https:\/\/ncbsolutions.pt\/es\/wp-json\/wp\/v2\/types\/product"}],"replies":[{"embeddable":true,"href":"https:\/\/ncbsolutions.pt\/es\/wp-json\/wp\/v2\/comments?post=99"}],"wp:featuredmedia":[{"embeddable":true,"href":"https:\/\/ncbsolutions.pt\/es\/wp-json\/wp\/v2\/media\/171"}],"wp:attachment":[{"href":"https:\/\/ncbsolutions.pt\/es\/wp-json\/wp\/v2\/media?parent=99"}],"wp:term":[{"taxonomy":"product_brand","embeddable":true,"href":"https:\/\/ncbsolutions.pt\/es\/wp-json\/wp\/v2\/product_brand?post=99"},{"taxonomy":"product_cat","embeddable":true,"href":"https:\/\/ncbsolutions.pt\/es\/wp-json\/wp\/v2\/product_cat?post=99"},{"taxonomy":"product_tag","embeddable":true,"href":"https:\/\/ncbsolutions.pt\/es\/wp-json\/wp\/v2\/product_tag?post=99"}],"curies":[{"name":"wp","href":"https:\/\/api.w.org\/{rel}","templated":true}]}}