{"id":5775,"date":"2025-07-02T09:58:52","date_gmt":"2025-07-02T09:58:52","guid":{"rendered":"https:\/\/ncbsolutions.pt\/?page_id=5775"},"modified":"2025-10-03T10:31:14","modified_gmt":"2025-10-03T10:31:14","slug":"politica-de-privacidade","status":"publish","type":"page","link":"https:\/\/ncbsolutions.pt\/fr\/politica-de-privacidade\/","title":{"rendered":"Politique de confidentialit\u00e9"},"content":{"rendered":"<p>[et_pb_section fb_built=&#8221;1&#8243; _builder_version=&#8221;4.27.4&#8243; _module_preset=&#8221;default&#8221; custom_padding=&#8221;0px|||||&#8221; global_colors_info=&#8221;{}&#8221;][et_pb_row _builder_version=&#8221;4.27.4&#8243; _module_preset=&#8221;default&#8221; global_colors_info=&#8221;{}&#8221;][et_pb_column type=&#8221;4_4&#8243; _builder_version=&#8221;4.27.4&#8243; _module_preset=&#8221;default&#8221; global_colors_info=&#8221;{}&#8221;][et_pb_text _builder_version=&#8221;4.27.4&#8243; _module_preset=&#8221;default&#8221; hover_enabled=&#8221;0&#8243; global_colors_info=&#8221;{}&#8221; sticky_enabled=&#8221;0&#8243;]<\/p>\n<h2><strong>Politique de confidentialit\u00e9<\/strong><\/h2>\n<p>Votre vie priv\u00e9e est importante pour nous. Notre politique est de respecter votre vie priv\u00e9e en ce qui concerne toutes les informations que nous pouvons collecter sur notre site web ncbsolutions.co.uk.<\/p>\n<p>Nous ne demandons des informations personnelles que lorsque nous en avons r\u00e9ellement besoin pour vous fournir un service. Nous le faisons par des moyens justes et l\u00e9gaux, en vous informant et en obtenant votre consentement. Nous vous expliquons \u00e9galement pourquoi nous recueillons ces informations et comment elles seront utilis\u00e9es.<\/p>\n<p>Nous ne conservons les informations collect\u00e9es que le temps n\u00e9cessaire pour fournir le service demand\u00e9. Lorsque nous stockons des donn\u00e9es, nous les prot\u00e9geons par des moyens commercialement acceptables afin d'\u00e9viter la perte et le vol, ainsi que l'acc\u00e8s, la divulgation, la copie, l'utilisation ou la modification non autoris\u00e9s.<\/p>\n<p>Nous ne partageons pas les informations personnelles identifiables avec le public ou des tiers, sauf si la loi l'exige.<\/p>\n<p>Notre site web peut contenir des liens vers des sites web externes qui ne sont pas exploit\u00e9s par nous. Veuillez noter que nous n'avons aucun contr\u00f4le sur le contenu et les pratiques de ces sites et que nous ne pouvons \u00eatre tenus responsables de leurs politiques respectives en mati\u00e8re de protection de la vie priv\u00e9e.<\/p>\n<p>L'utilisateur est libre de refuser notre demande d'informations personnelles, sachant que nous pourrions ne pas \u00eatre en mesure de fournir certains des services souhait\u00e9s.<\/p>\n<p>En continuant \u00e0 utiliser notre site web, vous acceptez nos pratiques en mati\u00e8re de protection de la vie priv\u00e9e et des informations personnelles. Si vous avez des questions sur la mani\u00e8re dont nous traitons les donn\u00e9es des utilisateurs et les informations personnelles, veuillez nous contacter.<\/p>\n<p>&nbsp;<\/p>\n<h2><strong>Qui sommes-nous ?<\/strong><\/h2>\n<p>Le site web ncbsolutions.pt est la propri\u00e9t\u00e9 de la soci\u00e9t\u00e9 NCB Solutions, Lda. bas\u00e9e \u00e0 Z<span>Zone industrielle de Monte Grande<\/span>, <span>265, rue Nat\u00e1lia Correia<\/span>, <span>4505-326<\/span> <span>Fi\u00e3es,<\/span> avec le num\u00e9ro de TVA 513457054, ci-apr\u00e8s d\u00e9nomm\u00e9e NCB Solutions.<\/p>\n<p>&nbsp;<\/p>\n<h2><strong>NCB Solutions Politique en mati\u00e8re de cookies<\/strong><\/h2>\n<p><strong><\/strong><\/p>\n<h3><strong>Qu'est-ce qu'un biscuit ?<\/strong><\/h3>\n<p>Comme presque tous les sites web professionnels, ce site utilise des cookies, qui sont de petits fichiers stock\u00e9s sur votre ordinateur, afin d'am\u00e9liorer votre exp\u00e9rience. Cette page d\u00e9crit les informations qu'ils collectent, comment nous les utilisons et pourquoi nous avons parfois besoin de stocker ces cookies. Nous vous indiquons \u00e9galement comment vous pouvez emp\u00eacher le stockage de ces cookies, mais cela peut entra\u00eener une d\u00e9gradation ou une interruption de certains \u00e9l\u00e9ments de la fonctionnalit\u00e9 du site.<\/p>\n<p>&nbsp;<\/p>\n<h3><strong>Comment utilisons-nous les cookies ?<\/strong><\/h3>\n<p>Nous utilisons des cookies pour diverses raisons, d\u00e9taill\u00e9es ci-dessous. Malheureusement, dans la plupart des cas, il n'existe pas d'options standard pour d\u00e9sactiver les cookies sans d\u00e9sactiver compl\u00e8tement les fonctionnalit\u00e9s et les caract\u00e9ristiques qu'ils ajoutent \u00e0 ce site web. Il est recommand\u00e9 de laisser tous les cookies si vous n'\u00eates pas s\u00fbr d'en avoir besoin ou s'ils sont utilis\u00e9s pour fournir un service que vous utilisez.<\/p>\n<p>&nbsp;<\/p>\n<h3><strong>D\u00e9sactiver les cookies<\/strong><\/h3>\n<p>Vous pouvez emp\u00eacher l'installation de cookies en ajustant les param\u00e8tres de votre navigateur (consultez l'aide de votre navigateur pour savoir comment proc\u00e9der, vous pouvez \u00e9galement consulter le site web d'ANACOM qui explique comment proc\u00e9der). <a href=\"https:\/\/www.anacom.pt\/render.jsp?categoryId=373375\" target=\"_blank\" rel=\"noopener noreferrer\">cliquez ici<\/a>). Sachez que la d\u00e9sactivation des cookies affectera la fonctionnalit\u00e9 de ce site et de nombreux autres sites que vous visitez. La d\u00e9sactivation des cookies entra\u00eene g\u00e9n\u00e9ralement la d\u00e9sactivation de certaines fonctionnalit\u00e9s et caract\u00e9ristiques de ce site web. Il est donc recommand\u00e9 de ne pas d\u00e9sactiver les cookies.<\/p>\n<p>&nbsp;<\/p>\n<h3><strong>Cookies que nous utilisons<\/strong><\/h3>\n<ul>\n<li>Cookies li\u00e9s au compte - Si vous cr\u00e9ez un compte chez nous, nous utiliserons des cookies pour g\u00e9rer le processus d'inscription et l'administration g\u00e9n\u00e9rale. Ces cookies sont g\u00e9n\u00e9ralement supprim\u00e9s lorsque vous quittez le site. Toutefois, dans certains cas, ils peuvent \u00eatre conserv\u00e9s pour se souvenir de vos pr\u00e9f\u00e9rences lorsque vous quittez le site.<\/li>\n<li>Cookies li\u00e9s \u00e0 la connexion - Nous utilisons des cookies lorsque vous \u00eates connect\u00e9 afin de nous souvenir de cette action. Cela vous \u00e9vite d'avoir \u00e0 vous connecter chaque fois que vous visitez une nouvelle page. Ces cookies sont g\u00e9n\u00e9ralement supprim\u00e9s ou effac\u00e9s lorsque vous vous d\u00e9connectez afin de garantir que vous ne puissiez acc\u00e9der \u00e0 des fonctions et zones restreintes que lorsque vous \u00eates connect\u00e9.<\/li>\n<li>Cookies de pr\u00e9f\u00e9rences de site - Pour vous offrir une exp\u00e9rience agr\u00e9able sur ce site, nous vous offrons la possibilit\u00e9 de d\u00e9finir vos pr\u00e9f\u00e9rences quant au fonctionnement de ce site lorsque vous l'utilisez. Pour m\u00e9moriser vos pr\u00e9f\u00e9rences, nous devons installer des cookies afin que ces informations puissent \u00eatre consult\u00e9es chaque fois que vous interagissez avec une page affect\u00e9e par vos pr\u00e9f\u00e9rences.<\/li>\n<\/ul>\n<p>&nbsp;<\/p>\n<h3><strong>Cookies de tiers<\/strong><\/h3>\n<p>Dans certains cas particuliers, nous utilisons \u00e9galement des cookies fournis par des tiers de confiance. La section suivante d\u00e9taille les cookies de tiers que vous pouvez rencontrer sur ce site web.<\/p>\n<ul>\n<li>Ce site utilise Google Analytics, l'une des solutions d'analyse les plus r\u00e9pandues et les plus fiables sur le web, pour nous aider \u00e0 comprendre comment vous utilisez le site et comment nous pouvons am\u00e9liorer votre exp\u00e9rience. Ces cookies permettent de savoir, par exemple, combien de temps vous passez sur le site et les pages que vous visitez, afin que nous puissions continuer \u00e0 produire un contenu attrayant.<\/li>\n<\/ul>\n<p>Pour plus d'informations sur les cookies de Google Analytics, consultez la page officielle de Google Analytics. <a href=\"https:\/\/developers.google.com\/analytics\/devguides\/collection\/analyticsjs\/cookie-usage\" target=\"_blank\" rel=\"noopener noreferrer\">Google Analytics<\/a>.<\/p>\n<ul>\n<li>Les analyses de tiers sont utilis\u00e9es pour mesurer l'utilisation de ce site web afin que nous puissions continuer \u00e0 produire un contenu attrayant. Ces cookies peuvent suivre des \u00e9l\u00e9ments tels que le temps que vous passez sur le site ou les pages que vous visitez, ce qui nous aide \u00e0 comprendre comment nous pouvons am\u00e9liorer notre service.<\/li>\n<li>Nous testons p\u00e9riodiquement de nouvelles fonctionnalit\u00e9s et apportons des changements subtils \u00e0 l'apparence du site. Lorsque nous sommes encore en train de tester de nouvelles fonctionnalit\u00e9s, ces cookies peuvent \u00eatre utilis\u00e9s pour garantir que vous b\u00e9n\u00e9ficiez d'une exp\u00e9rience coh\u00e9rente sur le site, tout en nous permettant de comprendre quelles optimisations nos utilisateurs appr\u00e9cient le plus.<\/li>\n<\/ul>\n<p>&nbsp;<\/p>\n<h3><strong>Engagement de l'utilisateur<\/strong><\/h3>\n<p>L'utilisateur s'engage \u00e0 faire un usage appropri\u00e9 du contenu et des informations propos\u00e9s par NCB Solutions sur le site web, et ce \u00e0 titre d'exemple mais non limitatif :<\/p>\n<ul>\n<li>A) Ne pas s'engager dans des activit\u00e9s ill\u00e9gales ou contraires \u00e0 la bonne foi et \u00e0 l'ordre public ;<\/li>\n<li>B) Ne pas diffuser de propagande ou de contenu \u00e0 caract\u00e8re raciste, x\u00e9nophobe, ou concernant les casinos, les paris en ligne, les jeux de hasard, toute forme de pornographie ill\u00e9gale, l'apologie du terrorisme ou des droits de l'homme ;<\/li>\n<li>C) Ne pas causer de dommages aux syst\u00e8mes physiques (hardware) et logiques (software) de NCB Solutions, de ses fournisseurs ou de tiers, introduire ou diffuser des virus informatiques ou tout autre syst\u00e8me hardware ou software capable de causer les dommages susmentionn\u00e9s.<\/li>\n<\/ul>\n<p>&nbsp;<\/p>\n<h3><strong>Vos droits<\/strong><\/h3>\n<p>Vous avez le droit d'exercer les droits suivants :<\/p>\n<ul>\n<li>Droit \u00e0 l'information : demander des informations suppl\u00e9mentaires sur l'utilisation que nous faisons de vos donn\u00e9es personnelles ;<\/li>\n<li>Droit d'acc\u00e8s : acc\u00e8s ou demande d'acc\u00e8s aux donn\u00e9es \u00e0 caract\u00e8re personnel que vous nous avez fournies ;<\/li>\n<li>Droit de rectification : demander la correction ou la mise \u00e0 jour de vos donn\u00e9es personnelles ;<\/li>\n<li>Droit \u00e0 l'effacement : demander l'effacement de vos donn\u00e9es \u00e0 caract\u00e8re personnel, lorsque la loi ou le contrat le permet ;<\/li>\n<li>Droit de limitation : demander que nous limitions la fa\u00e7on dont nous utilisons vos donn\u00e9es personnelles, que nous les corrigions ou que nous dissipions tout doute quant \u00e0 leur contenu ou \u00e0 l'usage que nous en faisons ;<\/li>\n<\/ul>\n<p>Vous avez \u00e9galement le droit de retirer ou de modifier, \u00e0 tout moment, le consentement que vous nous avez donn\u00e9 pour l'utilisation de vos donn\u00e9es personnelles, lorsque cela a l\u00e9gitim\u00e9 leur utilisation.<\/p>\n<p>Pour exercer vos droits en mati\u00e8re de protection des donn\u00e9es personnelles, ou si vous avez des questions sur la mani\u00e8re dont nous utilisons vos donn\u00e9es personnelles, veuillez nous contacter par courrier \u00e9lectronique \u00e0 l'adresse suivante <a href=\"mailto:info@ncbsolutions.pt\">info@ncbsolutions.pt<\/a><\/p>\n<p>&nbsp;<\/p>\n<h2><strong>Ce que nous collectons et conservons<\/strong><\/h2>\n<p>Pendant que vous visitez notre site, nous vous enregistrons :<\/p>\n<ul>\n<li>Produits que vous avez consult\u00e9s : nous utilisons ces donn\u00e9es, par exemple, pour afficher les produits que vous avez consult\u00e9s r\u00e9cemment.<\/li>\n<li>Adresse d'exp\u00e9dition : nous vous demanderons, par exemple, d'estimer les frais d'exp\u00e9dition avant de passer une commande !<\/li>\n<\/ul>\n<p>Nous utilisons \u00e9galement des cookies pour conserver le contenu de votre commande lorsque vous naviguez sur notre site web.<\/p>\n<p>Lorsque vous achetez dans notre boutique, il vous sera demand\u00e9 des informations telles que votre nom, votre adresse de facturation, votre adresse de livraison, votre adresse \u00e9lectronique, votre num\u00e9ro de t\u00e9l\u00e9phone, les d\u00e9tails de votre carte de cr\u00e9dit et de votre paiement, ainsi que d'autres informations facultatives sur votre compte, telles que votre nom d'utilisateur et votre mot de passe. Ces informations seront utilis\u00e9es \u00e0 des fins telles que :<\/p>\n<ul>\n<li>vous envoyer des informations sur votre compte et votre commande<\/li>\n<li>r\u00e9pondre \u00e0 vos demandes, y compris les remboursements et les r\u00e9clamations<\/li>\n<li>Traitement des paiements et pr\u00e9vention de la fraude<\/li>\n<li>Cr\u00e9ez votre compte pour notre boutique<\/li>\n<li>Respecter toutes les obligations l\u00e9gales qui nous incombent, telles que le calcul des imp\u00f4ts<\/li>\n<li>Am\u00e9liorer l'offre de notre boutique<\/li>\n<li>vous envoyer des messages marketing si vous souhaitez les recevoir<\/li>\n<\/ul>\n<p>Si vous cr\u00e9ez un compte, nous enregistrons votre nom, votre adresse, votre adresse \u00e9lectronique et votre num\u00e9ro de t\u00e9l\u00e9phone, qui seront utilis\u00e9s pour compl\u00e9ter vos coordonn\u00e9es lors de commandes ult\u00e9rieures.<\/p>\n<p>En g\u00e9n\u00e9ral, nous conservons les informations vous concernant aussi longtemps que nous en avons besoin pour les raisons pour lesquelles nous les avons collect\u00e9es, et nous ne sommes pas l\u00e9galement oblig\u00e9s de les conserver. Par exemple, nous conservons les informations aussi longtemps que la loi l'exige \u00e0 des fins fiscales et comptables. Il s'agit notamment de votre nom, de votre adresse \u00e9lectronique, de votre adresse de facturation et d'exp\u00e9dition.<\/p>\n<p>&nbsp;<\/p>\n<h2><strong>Qui, dans notre \u00e9quipe, a acc\u00e8s<\/strong><\/h2>\n<p>Les membres de notre \u00e9quipe ont acc\u00e8s aux informations que vous fournissez. Par exemple, les administrateurs et les gestionnaires du site web peuvent y acc\u00e9der :<\/p>\n<ul>\n<li>les informations relatives \u00e0 la commande, ce que vous avez achet\u00e9, quand vous l'avez achet\u00e9 et o\u00f9 il sera envoy\u00e9, et<\/li>\n<li>Les informations relatives aux clients, telles que le nom, l'adresse \u00e9lectronique et l'adresse de facturation et d'exp\u00e9dition.<\/li>\n<\/ul>\n<p>Les membres de notre \u00e9quipe ont acc\u00e8s \u00e0 ces informations afin d'ex\u00e9cuter les commandes et de fournir une assistance \u00e0 la client\u00e8le.<\/p>\n<p>&nbsp;<\/p>\n<h2><strong>Ce que nous partageons avec les autres<\/strong><\/h2>\n<p>Nous partageons des informations avec des tiers qui nous aident \u00e0 traiter vos commandes, par exemple le transporteur qui sera choisi pour livrer votre colis.<\/p>\n<p>Cette politique entre en vigueur le 1er janvier 2021<\/p>\n<p>[\/et_pb_text][\/et_pb_column][\/et_pb_row][\/et_pb_section]<\/p>","protected":false},"excerpt":{"rendered":"<p>Pol\u00edtica de Privacidade A sua privacidade \u00e9 importante para n\u00f3s. A nossa pol\u00edtica \u00e9 respeitar a sua privacidade em rela\u00e7\u00e3o a qualquer informa\u00e7\u00e3o sua que possamos recolher no site ncbsolutions.pt Solicitamos informa\u00e7\u00f5es pessoais apenas quando realmente precisamos delas para lhe fornecer um servi\u00e7o. Fazemo-lo por meios justos e legais, com o seu conhecimento e consentimento. [&hellip;]<\/p>","protected":false},"author":4,"featured_media":0,"parent":0,"menu_order":0,"comment_status":"closed","ping_status":"closed","template":"","meta":{"_et_pb_use_builder":"on","_et_pb_old_content":"","_et_gb_content_width":"","footnotes":""},"class_list":["post-5775","page","type-page","status-publish","hentry"],"_links":{"self":[{"href":"https:\/\/ncbsolutions.pt\/fr\/wp-json\/wp\/v2\/pages\/5775","targetHints":{"allow":["GET"]}}],"collection":[{"href":"https:\/\/ncbsolutions.pt\/fr\/wp-json\/wp\/v2\/pages"}],"about":[{"href":"https:\/\/ncbsolutions.pt\/fr\/wp-json\/wp\/v2\/types\/page"}],"author":[{"embeddable":true,"href":"https:\/\/ncbsolutions.pt\/fr\/wp-json\/wp\/v2\/users\/4"}],"replies":[{"embeddable":true,"href":"https:\/\/ncbsolutions.pt\/fr\/wp-json\/wp\/v2\/comments?post=5775"}],"version-history":[{"count":0,"href":"https:\/\/ncbsolutions.pt\/fr\/wp-json\/wp\/v2\/pages\/5775\/revisions"}],"wp:attachment":[{"href":"https:\/\/ncbsolutions.pt\/fr\/wp-json\/wp\/v2\/media?parent=5775"}],"curies":[{"name":"wp","href":"https:\/\/api.w.org\/{rel}","templated":true}]}}