{"id":7963,"date":"2025-07-02T11:05:05","date_gmt":"2025-07-02T11:05:05","guid":{"rendered":"https:\/\/ncbsolutions.pt\/?page_id=7963"},"modified":"2025-09-24T09:37:11","modified_gmt":"2025-09-24T09:37:11","slug":"vantagens-filme-estiravel","status":"publish","type":"page","link":"https:\/\/ncbsolutions.pt\/fr\/vantagens-filme-estiravel\/","title":{"rendered":"Avantages Film \u00e9tirable"},"content":{"rendered":"<p>[et_pb_section fb_built=&#8221;1&#8243; _builder_version=&#8221;4.27.4&#8243; _module_preset=&#8221;default&#8221; custom_margin=&#8221;40px||||false|false&#8221; custom_padding=&#8221;0px||0px|||&#8221; locked=&#8221;off&#8221; global_colors_info=&#8221;{}&#8221;][et_pb_row column_structure=&#8221;1_2,1_2&#8243; _builder_version=&#8221;4.27.4&#8243; _module_preset=&#8221;default&#8221; global_colors_info=&#8221;{}&#8221;][et_pb_column type=&#8221;1_2&#8243; _builder_version=&#8221;4.27.4&#8243; _module_preset=&#8221;default&#8221; global_colors_info=&#8221;{}&#8221;][et_pb_text _builder_version=&#8221;4.27.4&#8243; _module_preset=&#8221;default&#8221; text_font_size=&#8221;16px&#8221; text_line_height=&#8221;2.2em&#8221; header_font=&#8221;Roboto Slab||||||||&#8221; header_font_size=&#8221;48px&#8221; locked=&#8221;off&#8221; global_colors_info=&#8221;{}&#8221;]<\/p>\n<p><span>Avantages de la<\/span><\/p>\n<h1>Film<br \/>Extensible<\/h1>\n<p>[\/et_pb_text][et_pb_text _builder_version=&#8221;4.27.4&#8243; _module_preset=&#8221;default&#8221; text_font=&#8221;Roboto Slab|300|||||||&#8221; text_text_color=&#8221;#000000&#8243; text_font_size=&#8221;16px&#8221; custom_margin=&#8221;||0px||false|false&#8221; custom_padding=&#8221;0px||0px||false|false&#8221; hover_enabled=&#8221;0&#8243; global_colors_info=&#8221;{}&#8221; sticky_enabled=&#8221;0&#8243;]<\/p>\n<p>Le film \u00e9tirable est fabriqu\u00e9 \u00e0 partir de poly\u00e9thyl\u00e8ne basse densit\u00e9 et est principalement utilis\u00e9 pour prot\u00e9ger vos produits palettis\u00e9s lors du stockage ou du transport. Le film \u00e9tirable peut \u00eatre automatique, manuel ou sans mandrin et nous disposons de diff\u00e9rentes largeurs et \u00e9paisseurs en fonction du niveau d'\u00e9tirement requis.<\/p>\n<p><strong>Principaux avantages de son utilisation<\/strong><\/p>\n<ul class=\"ul1\">\n<li class=\"li1\">Protection des produits contre les facteurs atmosph\u00e9riques externes tels que la salet\u00e9, la poussi\u00e8re et l'humidit\u00e9<\/li>\n<li class=\"li1\">\u00c9tirer jusqu'\u00e0 300%<\/li>\n<li class=\"li1\">Haute r\u00e9sistance aux d\u00e9chirures et aux perforations<\/li>\n<li class=\"li1\">Facile \u00e0 utiliser<\/li>\n<\/ul>\n<p>[\/et_pb_text][et_pb_button button_url=&#8221;@ET-DC@eyJkeW5hbWljIjp0cnVlLCJjb250ZW50IjoicG9zdF9saW5rX3VybF9wYWdlIiwic2V0dGluZ3MiOnsicG9zdF9pZCI6IjUwNzYifX0=@&#8221; button_text=&#8221;Fale Connosco&#8221; button_alignment=&#8221;left&#8221; _builder_version=&#8221;4.27.4&#8243; _dynamic_attributes=&#8221;button_url&#8221; _module_preset=&#8221;default&#8221; custom_button=&#8221;on&#8221; button_text_size=&#8221;14px&#8221; button_text_color=&#8221;#385a84&#8243; button_border_color=&#8221;#385a84&#8243; button_font=&#8221;|600||on|||||&#8221; custom_padding=&#8221;8px||8px||true|false&#8221; locked=&#8221;off&#8221; global_colors_info=&#8221;{}&#8221;][\/et_pb_button][\/et_pb_column][et_pb_column type=&#8221;1_2&#8243; _builder_version=&#8221;4.27.4&#8243; _module_preset=&#8221;default&#8221; global_colors_info=&#8221;{}&#8221;][et_pb_image src=&#8221;https:\/\/ncbsolutions.pt\/wp-content\/uploads\/2025\/07\/vantagens-filme-estiravel.jpg&#8221; title_text=&#8221;vantagens-filme-estiravel&#8221; _builder_version=&#8221;4.27.4&#8243; _module_preset=&#8221;default&#8221; global_colors_info=&#8221;{}&#8221;][\/et_pb_image][\/et_pb_column][\/et_pb_row][\/et_pb_section][et_pb_section fb_built=&#8221;1&#8243; _builder_version=&#8221;4.27.4&#8243; _module_preset=&#8221;default&#8221; custom_margin=&#8221;30px||||false|false&#8221; custom_padding=&#8221;0px||0px|||&#8221; locked=&#8221;off&#8221; global_colors_info=&#8221;{}&#8221;][et_pb_row _builder_version=&#8221;4.27.4&#8243; _module_preset=&#8221;default&#8221; custom_padding=&#8221;||0px|||&#8221; global_colors_info=&#8221;{}&#8221;][et_pb_column type=&#8221;4_4&#8243; _builder_version=&#8221;4.27.4&#8243; _module_preset=&#8221;default&#8221; global_colors_info=&#8221;{}&#8221;][et_pb_shop type=&#8221;product_category&#8221; posts_number=&#8221;4&#8243; include_categories=&#8221;21&#8243; _builder_version=&#8221;4.27.4&#8243; _module_preset=&#8221;default&#8221; global_colors_info=&#8221;{}&#8221;][\/et_pb_shop][\/et_pb_column][\/et_pb_row][\/et_pb_section]<\/p>","protected":false},"excerpt":{"rendered":"<p>Vantagens dos FilmeEstir\u00e1velO filme estir\u00e1vel \u00e9 produzido com polietileno de baixa densidade e \u00e9 utilizado principalmente para proteger os seus produtos paletizados em armaz\u00e9m ou transporte. O filme estir\u00e1vel pode ser autom\u00e1tico, manual ou coreless e dispomos de diferentes larguras e espessuras de acordo com o n\u00edvel de estiramento pretendido. Principais vantagens na sua utiliza\u00e7\u00e3o [&hellip;]<\/p>","protected":false},"author":4,"featured_media":0,"parent":0,"menu_order":0,"comment_status":"closed","ping_status":"closed","template":"","meta":{"_et_pb_use_builder":"on","_et_pb_old_content":"<!-- wp:divi\/placeholder \/-->","_et_gb_content_width":"","footnotes":""},"class_list":["post-7963","page","type-page","status-publish","hentry"],"_links":{"self":[{"href":"https:\/\/ncbsolutions.pt\/fr\/wp-json\/wp\/v2\/pages\/7963","targetHints":{"allow":["GET"]}}],"collection":[{"href":"https:\/\/ncbsolutions.pt\/fr\/wp-json\/wp\/v2\/pages"}],"about":[{"href":"https:\/\/ncbsolutions.pt\/fr\/wp-json\/wp\/v2\/types\/page"}],"author":[{"embeddable":true,"href":"https:\/\/ncbsolutions.pt\/fr\/wp-json\/wp\/v2\/users\/4"}],"replies":[{"embeddable":true,"href":"https:\/\/ncbsolutions.pt\/fr\/wp-json\/wp\/v2\/comments?post=7963"}],"version-history":[{"count":0,"href":"https:\/\/ncbsolutions.pt\/fr\/wp-json\/wp\/v2\/pages\/7963\/revisions"}],"wp:attachment":[{"href":"https:\/\/ncbsolutions.pt\/fr\/wp-json\/wp\/v2\/media?parent=7963"}],"curies":[{"name":"wp","href":"https:\/\/api.w.org\/{rel}","templated":true}]}}