{"id":100,"date":"2025-07-02T09:33:29","date_gmt":"2025-07-02T09:33:29","guid":{"rendered":"https:\/\/ncbsolutions.pt\/?post_type=product&#038;p=100"},"modified":"2025-12-03T17:55:46","modified_gmt":"2025-12-03T17:55:46","slug":"filme-estiravel-manual","status":"publish","type":"product","link":"https:\/\/ncbsolutions.pt\/fr\/product\/filme-estiravel-manual\/","title":{"rendered":"Film \u00e9tirable manuel"},"content":{"rendered":"<div class=\"page\" title=\"Page 6\">\n<div class=\"section\">\n<div class=\"layoutArea\">\n<div class=\"column\">\n<p class=\"p1\">Le film \u00e9tirable manuel est appliqu\u00e9 par l'op\u00e9rateur directement sur la palette ou le produit. En raison de sa facilit\u00e9 d'utilisation, ce type de film est l'un des plus utilis\u00e9s pour la protection des produits.<span class=\"Apple-converted-space\">\u00a0 La largeur la plus couramment utilis\u00e9e est de 500 mm et le poids brut est de 2 kg (carton inclus) ; nous pouvons toutefois fournir d'autres mesures et d'autres poids.<\/span><\/p>\n<\/div>\n<\/div>\n<\/div>\n<\/div>","protected":false},"excerpt":{"rendered":"<p class=\"p1\">Application directe de l'op\u00e9rateur dans la protection des produits.<\/p>\n<p><strong>Dimensions<\/strong><br \/>\n<strong>Poids de la bobine :<\/strong> A la demande du client<br \/>\n<strong>\u00c9paisseur :<\/strong> \u00e0 la demande du client<br \/>\n<strong>Couleur :<\/strong> Transparent et autres<\/p>","protected":false},"featured_media":174,"comment_status":"closed","ping_status":"closed","template":"","meta":{"_et_pb_use_builder":"","_et_pb_old_content":"","_et_gb_content_width":""},"product_brand":[],"product_cat":[21],"product_tag":[],"class_list":{"0":"post-100","1":"product","2":"type-product","3":"status-publish","4":"has-post-thumbnail","6":"product_cat-filme-estiravel","8":"first","9":"instock","10":"shipping-taxable","11":"purchasable","12":"product-type-variable"},"_links":{"self":[{"href":"https:\/\/ncbsolutions.pt\/fr\/wp-json\/wp\/v2\/product\/100","targetHints":{"allow":["GET"]}}],"collection":[{"href":"https:\/\/ncbsolutions.pt\/fr\/wp-json\/wp\/v2\/product"}],"about":[{"href":"https:\/\/ncbsolutions.pt\/fr\/wp-json\/wp\/v2\/types\/product"}],"replies":[{"embeddable":true,"href":"https:\/\/ncbsolutions.pt\/fr\/wp-json\/wp\/v2\/comments?post=100"}],"wp:featuredmedia":[{"embeddable":true,"href":"https:\/\/ncbsolutions.pt\/fr\/wp-json\/wp\/v2\/media\/174"}],"wp:attachment":[{"href":"https:\/\/ncbsolutions.pt\/fr\/wp-json\/wp\/v2\/media?parent=100"}],"wp:term":[{"taxonomy":"product_brand","embeddable":true,"href":"https:\/\/ncbsolutions.pt\/fr\/wp-json\/wp\/v2\/product_brand?post=100"},{"taxonomy":"product_cat","embeddable":true,"href":"https:\/\/ncbsolutions.pt\/fr\/wp-json\/wp\/v2\/product_cat?post=100"},{"taxonomy":"product_tag","embeddable":true,"href":"https:\/\/ncbsolutions.pt\/fr\/wp-json\/wp\/v2\/product_tag?post=100"}],"curies":[{"name":"wp","href":"https:\/\/api.w.org\/{rel}","templated":true}]}}