{"id":106,"date":"2025-07-02T09:33:29","date_gmt":"2025-07-02T09:33:29","guid":{"rendered":"https:\/\/ncbsolutions.pt\/?post_type=product&#038;p=106"},"modified":"2025-11-05T14:56:37","modified_gmt":"2025-11-05T14:56:37","slug":"big-bag-un-materiais-perigosos","status":"publish","type":"product","link":"https:\/\/ncbsolutions.pt\/fr\/product\/big-bag-un-materiais-perigosos\/","title":{"rendered":"Big Bag UN - Mati\u00e8res dangereuses"},"content":{"rendered":"<p class=\"p1\">Les big bags pour le transport de mati\u00e8res dangereuses, d\u00e9sign\u00e9s par l'acronyme \"UN\", r\u00e9pondent \u00e0 toutes les normes de s\u00e9curit\u00e9 d\u00e9finies par l'Organisation des Nations unies. Tous les sigles et symboles obligatoires sont imprim\u00e9s sur le corps du big bag. Ils sont renforc\u00e9s pour emp\u00eacher la vidange des mati\u00e8res dangereuses, m\u00eame lorsque les big bags peuvent \u00eatre en danger. Tous les big bags UN sont test\u00e9s par des organismes ind\u00e9pendants et accr\u00e9dit\u00e9s afin de garantir une s\u00e9curit\u00e9 d'utilisation totale.<\/p>\n<p>&nbsp;<\/p>\n<table border=\"0\" cellspacing=\"0\" cellpadding=\"0\">\n<tbody>\n<tr>\n<td>\n<table cellpadding=\"10px\">\n<tbody>\n<tr style=\"background-color: #f2f2f2;\">\n<td style=\"color: #002653; text-align: right;\" width=\"33%\"><\/td>\n<td style=\"color: #0096d1;\" width=\"33%\"><b>Stratifi\u00e9 et broderie<\/b><\/td>\n<td style=\"color: #0096d1;\" width=\"33%\"><b>Liner<\/b><\/td>\n<\/tr>\n<tr>\n<td style=\"color: #002653; text-align: right;\" width=\"33%\"><b>13H1<\/b><\/td>\n<td style=\"text-align: center;\" width=\"33%\"><img loading=\"lazy\" decoding=\"async\" class=\"alignnone size-full wp-image-8964\" src=\"https:\/\/ncbsolutions.pt\/wp-content\/uploads\/2025\/07\/cancel-x.png\" alt=\"\" width=\"30\" height=\"24\" srcset=\"https:\/\/ncbsolutions.pt\/wp-content\/uploads\/2025\/07\/cancel-x.png 30w, https:\/\/ncbsolutions.pt\/wp-content\/uploads\/2025\/07\/cancel-x-15x12.png 15w\" sizes=\"(max-width: 30px) 100vw, 30px\" \/><\/td>\n<td style=\"text-align: center;\" width=\"33%\"><img loading=\"lazy\" decoding=\"async\" class=\"alignnone size-full wp-image-8964\" src=\"https:\/\/ncbsolutions.pt\/wp-content\/uploads\/2025\/07\/cancel-x.png\" alt=\"\" width=\"30\" height=\"24\" srcset=\"https:\/\/ncbsolutions.pt\/wp-content\/uploads\/2025\/07\/cancel-x.png 30w, https:\/\/ncbsolutions.pt\/wp-content\/uploads\/2025\/07\/cancel-x-15x12.png 15w\" sizes=\"(max-width: 30px) 100vw, 30px\" \/><\/td>\n<\/tr>\n<tr style=\"background-color: #f2f2f2;\">\n<td style=\"color: #002653; text-align: right;\" width=\"33%\"><b>13H2<\/b><\/td>\n<td style=\"text-align: center;\" width=\"33%\"><img loading=\"lazy\" decoding=\"async\" class=\"alignnone size-full wp-image-8963\" src=\"https:\/\/ncbsolutions.pt\/wp-content\/uploads\/2025\/07\/check-1.png\" alt=\"\" width=\"30\" height=\"24\" srcset=\"https:\/\/ncbsolutions.pt\/wp-content\/uploads\/2025\/07\/check-1.png 30w, https:\/\/ncbsolutions.pt\/wp-content\/uploads\/2025\/07\/check-1-15x12.png 15w\" sizes=\"(max-width: 30px) 100vw, 30px\" \/><\/td>\n<td style=\"text-align: center;\" width=\"33%\"><img loading=\"lazy\" decoding=\"async\" class=\"alignnone size-full wp-image-8964\" src=\"https:\/\/ncbsolutions.pt\/wp-content\/uploads\/2025\/07\/cancel-x.png\" alt=\"\" width=\"30\" height=\"24\" srcset=\"https:\/\/ncbsolutions.pt\/wp-content\/uploads\/2025\/07\/cancel-x.png 30w, https:\/\/ncbsolutions.pt\/wp-content\/uploads\/2025\/07\/cancel-x-15x12.png 15w\" sizes=\"(max-width: 30px) 100vw, 30px\" \/><\/td>\n<\/tr>\n<tr>\n<td style=\"color: #002653; text-align: right;\" width=\"33%\"><b>13H3<\/b><\/td>\n<td style=\"text-align: center;\" width=\"33%\"><img loading=\"lazy\" decoding=\"async\" class=\"alignnone size-full wp-image-8964\" src=\"https:\/\/ncbsolutions.pt\/wp-content\/uploads\/2025\/07\/cancel-x.png\" alt=\"\" width=\"30\" height=\"24\" srcset=\"https:\/\/ncbsolutions.pt\/wp-content\/uploads\/2025\/07\/cancel-x.png 30w, https:\/\/ncbsolutions.pt\/wp-content\/uploads\/2025\/07\/cancel-x-15x12.png 15w\" sizes=\"(max-width: 30px) 100vw, 30px\" \/><\/td>\n<td style=\"text-align: center;\" width=\"33%\"><img loading=\"lazy\" decoding=\"async\" class=\"alignnone size-full wp-image-8963\" src=\"https:\/\/ncbsolutions.pt\/wp-content\/uploads\/2025\/07\/check-1.png\" alt=\"\" width=\"30\" height=\"24\" srcset=\"https:\/\/ncbsolutions.pt\/wp-content\/uploads\/2025\/07\/check-1.png 30w, https:\/\/ncbsolutions.pt\/wp-content\/uploads\/2025\/07\/check-1-15x12.png 15w\" sizes=\"(max-width: 30px) 100vw, 30px\" \/><\/td>\n<\/tr>\n<tr style=\"background-color: #f2f2f2;\">\n<td style=\"color: #002653; text-align: right;\" width=\"33%\"><b>13H41<\/b><\/td>\n<td style=\"text-align: center;\" width=\"33%\"><img loading=\"lazy\" decoding=\"async\" class=\"alignnone size-full wp-image-8963\" src=\"https:\/\/ncbsolutions.pt\/wp-content\/uploads\/2025\/07\/check-1.png\" alt=\"\" width=\"30\" height=\"24\" srcset=\"https:\/\/ncbsolutions.pt\/wp-content\/uploads\/2025\/07\/check-1.png 30w, https:\/\/ncbsolutions.pt\/wp-content\/uploads\/2025\/07\/check-1-15x12.png 15w\" sizes=\"(max-width: 30px) 100vw, 30px\" \/><\/td>\n<td style=\"text-align: center;\" width=\"33%\"><img loading=\"lazy\" decoding=\"async\" class=\"alignnone size-full wp-image-8963\" src=\"https:\/\/ncbsolutions.pt\/wp-content\/uploads\/2025\/07\/check-1.png\" alt=\"\" width=\"30\" height=\"24\" srcset=\"https:\/\/ncbsolutions.pt\/wp-content\/uploads\/2025\/07\/check-1.png 30w, https:\/\/ncbsolutions.pt\/wp-content\/uploads\/2025\/07\/check-1-15x12.png 15w\" sizes=\"(max-width: 30px) 100vw, 30px\" \/><\/td>\n<\/tr>\n<\/tbody>\n<\/table>\n<\/td>\n<td>\n<table style=\"background-color: #f5f5f5;\" cellpadding=\"10px\">\n<tbody>\n<tr>\n<td style=\"text-align: center; vertical-align: middle;\" colspan=\"2\"><img loading=\"lazy\" decoding=\"async\" class=\"\" src=\"https:\/\/ncbsolutions.pt\/wp-content\/uploads\/2025\/07\/logo-big-bag-un-full-300x48.jpg\" alt=\"\" width=\"301\" height=\"48\" \/><\/td>\n<\/tr>\n<tr>\n<td style=\"color: #002653;\" width=\"50%\"><b>1- Symbole de l'ONU<\/b><\/td>\n<td style=\"color: #0096d1;\" width=\"50%\"><b>5- Pays de fabrication<\/b><\/td>\n<\/tr>\n<tr>\n<td style=\"color: #002653;\" width=\"50%\"><b>2- Type 13H1, 13H2, 13H3, 13H4<\/b><\/td>\n<td style=\"color: #0096d1;\" width=\"50%\"><b>6- Num\u00e9ro de r\u00e9f\u00e9rence<\/b><\/td>\n<\/tr>\n<tr>\n<td style=\"color: #002653;\" width=\"50%\"><b>3- Groupe d'emballage Y, Z<\/b><\/td>\n<td style=\"color: #0096d1;\" width=\"50%\"><b>7- Num\u00e9ro de certificat<\/b><\/td>\n<\/tr>\n<tr>\n<td style=\"color: #002653;\" width=\"50%\"><b>4 Mois et ann\u00e9e de fabrication - Symbole de l'ONU<\/b><\/td>\n<td style=\"color: #0096d1;\" width=\"50%\"><b>8- Poids brut maximum (sac + contenu)<\/b><\/td>\n<\/tr>\n<\/tbody>\n<\/table>\n<\/td>\n<\/tr>\n<\/tbody>\n<\/table>\n<table cellpadding=\"6px\">\n<tbody>\n<tr>\n<td style=\"width: 155.375px; text-align: center; vertical-align: text-top; font-size: 13px;\"><img decoding=\"async\" class=\"alignnone size-medium wp-image-8972\" src=\"https:\/\/ncbsolutions.pt\/wp-content\/uploads\/2025\/07\/un-flag-4c.jpg\" alt=\"\" width=\"150\" srcset=\"https:\/\/ncbsolutions.pt\/wp-content\/uploads\/2025\/07\/un-flag-4c.jpg 211w, https:\/\/ncbsolutions.pt\/wp-content\/uploads\/2025\/07\/un-flag-4c-150x150.jpg 150w, https:\/\/ncbsolutions.pt\/wp-content\/uploads\/2025\/07\/un-flag-4c-12x12.jpg 12w, https:\/\/ncbsolutions.pt\/wp-content\/uploads\/2025\/07\/un-flag-4c-100x100.jpg 100w, https:\/\/ncbsolutions.pt\/wp-content\/uploads\/2025\/07\/un-flag-4c-64x64.jpg 64w\" sizes=\"(max-width: 211px) 100vw, 211px\" \/><\/p>\n<h4><strong>CLASSE 4.1<\/strong><\/h4>\n<p>Solides inflammables et substances r\u00e9actives<\/td>\n<td style=\"width: 155.625px; text-align: center; vertical-align: text-top; font-size: 13px;\"><img decoding=\"async\" class=\"alignnone size-medium wp-image-8978\" src=\"https:\/\/ncbsolutions.pt\/wp-content\/uploads\/2025\/07\/un-flag-4a.jpg\" alt=\"\" width=\"150\" srcset=\"https:\/\/ncbsolutions.pt\/wp-content\/uploads\/2025\/07\/un-flag-4a.jpg 211w, https:\/\/ncbsolutions.pt\/wp-content\/uploads\/2025\/07\/un-flag-4a-150x150.jpg 150w, https:\/\/ncbsolutions.pt\/wp-content\/uploads\/2025\/07\/un-flag-4a-12x12.jpg 12w, https:\/\/ncbsolutions.pt\/wp-content\/uploads\/2025\/07\/un-flag-4a-100x100.jpg 100w, https:\/\/ncbsolutions.pt\/wp-content\/uploads\/2025\/07\/un-flag-4a-64x64.jpg 64w\" sizes=\"(max-width: 211px) 100vw, 211px\" \/><\/p>\n<h4><strong>CLASSE 4.2<\/strong><\/h4>\n<p>Substances sujettes \u00e0 la combustion spontan\u00e9e<\/td>\n<td style=\"width: 155.625px; text-align: center; vertical-align: text-top; font-size: 13px;\"><img decoding=\"async\" class=\"alignnone size-full wp-image-8971\" src=\"https:\/\/ncbsolutions.pt\/wp-content\/uploads\/2025\/07\/un-flag-4b.jpg\" alt=\"\" width=\"150\" srcset=\"https:\/\/ncbsolutions.pt\/wp-content\/uploads\/2025\/07\/un-flag-4b.jpg 211w, https:\/\/ncbsolutions.pt\/wp-content\/uploads\/2025\/07\/un-flag-4b-150x150.jpg 150w, https:\/\/ncbsolutions.pt\/wp-content\/uploads\/2025\/07\/un-flag-4b-12x12.jpg 12w, https:\/\/ncbsolutions.pt\/wp-content\/uploads\/2025\/07\/un-flag-4b-100x100.jpg 100w, https:\/\/ncbsolutions.pt\/wp-content\/uploads\/2025\/07\/un-flag-4b-64x64.jpg 64w\" sizes=\"(max-width: 211px) 100vw, 211px\" \/><\/p>\n<h4><strong>CLASSE 4.3<\/strong><\/h4>\n<p>Les substances qui entrent en contact avec l'eau d\u00e9gagent des gaz inflammables.<\/td>\n<td style=\"width: 155.625px; text-align: center; vertical-align: text-top; font-size: 13px;\"><img decoding=\"async\" class=\"alignnone size-medium wp-image-8976\" src=\"https:\/\/ncbsolutions.pt\/wp-content\/uploads\/2025\/07\/un-flag-51.jpg\" alt=\"\" width=\"150\" srcset=\"https:\/\/ncbsolutions.pt\/wp-content\/uploads\/2025\/07\/un-flag-51.jpg 211w, https:\/\/ncbsolutions.pt\/wp-content\/uploads\/2025\/07\/un-flag-51-150x150.jpg 150w, https:\/\/ncbsolutions.pt\/wp-content\/uploads\/2025\/07\/un-flag-51-12x12.jpg 12w, https:\/\/ncbsolutions.pt\/wp-content\/uploads\/2025\/07\/un-flag-51-100x100.jpg 100w, https:\/\/ncbsolutions.pt\/wp-content\/uploads\/2025\/07\/un-flag-51-64x64.jpg 64w\" sizes=\"(max-width: 211px) 100vw, 211px\" \/><\/p>\n<h4><strong>CLASSE 5.1<\/strong><\/h4>\n<p>Substances oxydantes<\/td>\n<td style=\"width: 175.125px; text-align: center; vertical-align: text-top; font-size: 13px;\"><img decoding=\"async\" class=\"alignnone wp-image-8977\" src=\"https:\/\/ncbsolutions.pt\/wp-content\/uploads\/2025\/07\/un-flag-52.jpg\" alt=\"\" width=\"150\" srcset=\"https:\/\/ncbsolutions.pt\/wp-content\/uploads\/2025\/07\/un-flag-52.jpg 211w, https:\/\/ncbsolutions.pt\/wp-content\/uploads\/2025\/07\/un-flag-52-150x150.jpg 150w, https:\/\/ncbsolutions.pt\/wp-content\/uploads\/2025\/07\/un-flag-52-12x12.jpg 12w, https:\/\/ncbsolutions.pt\/wp-content\/uploads\/2025\/07\/un-flag-52-100x100.jpg 100w, https:\/\/ncbsolutions.pt\/wp-content\/uploads\/2025\/07\/un-flag-52-64x64.jpg 64w\" sizes=\"(max-width: 211px) 100vw, 211px\" \/><\/p>\n<h4><strong>CLASSE 5.2<\/strong><\/h4>\n<p>Peroxyde organique<\/td>\n<td style=\"width: 156.578px; text-align: center; vertical-align: text-top; font-size: 13px;\"><img decoding=\"async\" class=\"alignnone size-medium wp-image-8973\" src=\"https:\/\/ncbsolutions.pt\/wp-content\/uploads\/2025\/07\/un-flag-6.jpg\" alt=\"\" width=\"150\" srcset=\"https:\/\/ncbsolutions.pt\/wp-content\/uploads\/2025\/07\/un-flag-6.jpg 211w, https:\/\/ncbsolutions.pt\/wp-content\/uploads\/2025\/07\/un-flag-6-150x150.jpg 150w, https:\/\/ncbsolutions.pt\/wp-content\/uploads\/2025\/07\/un-flag-6-12x12.jpg 12w, https:\/\/ncbsolutions.pt\/wp-content\/uploads\/2025\/07\/un-flag-6-100x100.jpg 100w, https:\/\/ncbsolutions.pt\/wp-content\/uploads\/2025\/07\/un-flag-6-64x64.jpg 64w\" sizes=\"(max-width: 211px) 100vw, 211px\" \/><\/p>\n<h4><strong>CLASSE 6.1<\/strong><\/h4>\n<p>Substances toxiques<\/td>\n<td style=\"width: 155.625px; text-align: center; vertical-align: text-top; font-size: 13px;\"><img decoding=\"async\" class=\"alignnone size-medium wp-image-8974\" src=\"https:\/\/ncbsolutions.pt\/wp-content\/uploads\/2025\/07\/un-flag-8.jpg\" alt=\"\" width=\"150\" srcset=\"https:\/\/ncbsolutions.pt\/wp-content\/uploads\/2025\/07\/un-flag-8.jpg 211w, https:\/\/ncbsolutions.pt\/wp-content\/uploads\/2025\/07\/un-flag-8-150x150.jpg 150w, https:\/\/ncbsolutions.pt\/wp-content\/uploads\/2025\/07\/un-flag-8-12x12.jpg 12w, https:\/\/ncbsolutions.pt\/wp-content\/uploads\/2025\/07\/un-flag-8-100x100.jpg 100w, https:\/\/ncbsolutions.pt\/wp-content\/uploads\/2025\/07\/un-flag-8-64x64.jpg 64w\" sizes=\"(max-width: 211px) 100vw, 211px\" \/><\/p>\n<h4><strong>CLASSE 8<\/strong><\/h4>\n<p>Substances corrosives<\/td>\n<td style=\"width: 155.422px; text-align: center; vertical-align: text-top; font-size: 13px;\"><img decoding=\"async\" class=\"alignnone wp-image-8975\" src=\"https:\/\/ncbsolutions.pt\/wp-content\/uploads\/2025\/07\/un-flag-9.jpg\" alt=\"\" width=\"150\" srcset=\"https:\/\/ncbsolutions.pt\/wp-content\/uploads\/2025\/07\/un-flag-9.jpg 211w, https:\/\/ncbsolutions.pt\/wp-content\/uploads\/2025\/07\/un-flag-9-150x150.jpg 150w, https:\/\/ncbsolutions.pt\/wp-content\/uploads\/2025\/07\/un-flag-9-12x12.jpg 12w, https:\/\/ncbsolutions.pt\/wp-content\/uploads\/2025\/07\/un-flag-9-100x100.jpg 100w, https:\/\/ncbsolutions.pt\/wp-content\/uploads\/2025\/07\/un-flag-9-64x64.jpg 64w\" sizes=\"(max-width: 211px) 100vw, 211px\" \/><\/p>\n<h4><strong>CLASSE 9<\/strong><\/h4>\n<p>Diverses substances et articles dangereux<\/td>\n<\/tr>\n<\/tbody>\n<\/table>","protected":false},"excerpt":{"rendered":"<p>Os big bags para transporte de mat\u00e9rias perigosas, designados pela sigla \u201cONU\u201d, respeitam todas as normas de seguran\u00e7a definidas pela Organiza\u00e7\u00e3o das Na\u00e7\u00f5es Unidas. Todas as siglas e s\u00edmbolos obrigat\u00f3rios est\u00e3o impressos no corpo do big bag. S\u00e3o constru\u00eddos de forma refor\u00e7ada para evitar o esvaziamento de materiais perigosos, mesmo quando os big bags podem [&hellip;]<\/p>","protected":false},"featured_media":139,"comment_status":"closed","ping_status":"closed","template":"","meta":{"_et_pb_use_builder":"off","_et_pb_old_content":"<p class=\"p1\">Os big bags para transporte de mat\u00e9rias perigosas, designados pela sigla \u201cONU\u201d, respeitam todas as normas de seguran\u00e7a definidas pela Organiza\u00e7\u00e3o das Na\u00e7\u00f5es Unidas. Todas as siglas e s\u00edmbolos obrigat\u00f3rios est\u00e3o impressos no corpo do big bag. S\u00e3o constru\u00eddos de forma refor\u00e7ada para evitar o esvaziamento de materiais perigosos, mesmo quando os big bags podem estar em perigo. Todos os big bags da ONU s\u00e3o testados por entidades independentes e acreditadas para garantir total seguran\u00e7a na sua utiliza\u00e7\u00e3o.<\/p>\r\n<img class=\"alignnone wp-image-6860\" src=\"https:\/\/ncbsolutions.pt\/wp-content\/uploads\/2020\/11\/Un-Tabela.jpg\" alt=\"\" width=\"164\" height=\"163\" \/>\u00a0 <img class=\"alignnone wp-image-12147\" src=\"https:\/\/ncbsolutions.pt\/wp-content\/uploads\/2020\/11\/un-rules-100-3.jpg\" alt=\"\" width=\"561\" height=\"207\" \/><img class=\"alignnone size-full wp-image-12249\" src=\"https:\/\/ncbsolutions.pt\/wp-content\/uploads\/2020\/11\/simbolos-un-2.jpg\" alt=\"\" width=\"1196\" height=\"255\" \/>","_et_gb_content_width":""},"product_brand":[],"product_cat":[19],"product_tag":[],"class_list":{"0":"post-106","1":"product","2":"type-product","3":"status-publish","4":"has-post-thumbnail","6":"product_cat-big-bags-pt","8":"first","9":"instock","10":"shipping-taxable","11":"purchasable","12":"product-type-variable"},"_links":{"self":[{"href":"https:\/\/ncbsolutions.pt\/fr\/wp-json\/wp\/v2\/product\/106","targetHints":{"allow":["GET"]}}],"collection":[{"href":"https:\/\/ncbsolutions.pt\/fr\/wp-json\/wp\/v2\/product"}],"about":[{"href":"https:\/\/ncbsolutions.pt\/fr\/wp-json\/wp\/v2\/types\/product"}],"replies":[{"embeddable":true,"href":"https:\/\/ncbsolutions.pt\/fr\/wp-json\/wp\/v2\/comments?post=106"}],"wp:featuredmedia":[{"embeddable":true,"href":"https:\/\/ncbsolutions.pt\/fr\/wp-json\/wp\/v2\/media\/139"}],"wp:attachment":[{"href":"https:\/\/ncbsolutions.pt\/fr\/wp-json\/wp\/v2\/media?parent=106"}],"wp:term":[{"taxonomy":"product_brand","embeddable":true,"href":"https:\/\/ncbsolutions.pt\/fr\/wp-json\/wp\/v2\/product_brand?post=106"},{"taxonomy":"product_cat","embeddable":true,"href":"https:\/\/ncbsolutions.pt\/fr\/wp-json\/wp\/v2\/product_cat?post=106"},{"taxonomy":"product_tag","embeddable":true,"href":"https:\/\/ncbsolutions.pt\/fr\/wp-json\/wp\/v2\/product_tag?post=106"}],"curies":[{"name":"wp","href":"https:\/\/api.w.org\/{rel}","templated":true}]}}