{"id":111,"date":"2025-07-02T09:33:30","date_gmt":"2025-07-02T09:33:30","guid":{"rendered":"https:\/\/ncbsolutions.pt\/?post_type=product&#038;p=111"},"modified":"2025-12-10T16:12:27","modified_gmt":"2025-12-10T16:12:27","slug":"big-bag-u2","status":"publish","type":"product","link":"https:\/\/ncbsolutions.pt\/fr\/product\/big-bag-u2\/","title":{"rendered":"Big Bag U+2"},"content":{"rendered":"<p>Ils sont constitu\u00e9s de trois \u00e9crans. L'un d'eux s'\u00e9tend sur la longueur et la base du big bag en forme de \"U\".<br \/>\nLes deux autres toiles ou tops sont cousus sur les c\u00f4t\u00e9s du big bag. Des syst\u00e8mes de chargement et de d\u00e9chargement sont ensuite fabriqu\u00e9s en fonction des besoins du client.<\/p>","protected":false},"excerpt":{"rendered":"<p>S\u00e3o constru\u00eddos com 3 telas. Uma que percorre todo o comprimento e base do big bag, ficando em formato de \u201cU\u201d. As outras duas telas ou tampos s\u00e3o costurados nas laterais do big bag. Posteriormente s\u00e3o produzidos sistemas de carga e descarga de acordo com a necessidade do cliente.<\/p>","protected":false},"featured_media":178,"comment_status":"closed","ping_status":"closed","template":"","meta":{"_et_pb_use_builder":"off","_et_pb_old_content":"S\u00e3o constru\u00eddos com 3 telas. Uma que percorre todo o comprimento e base do big bag, ficando em formato de \u201cU\u201d.\r\nAs outras duas telas ou tampos s\u00e3o costurados nas laterais do big bag. Posteriormente s\u00e3o produzidos sistemas de carga e descarga de acordo com a necessidade do cliente.","_et_gb_content_width":""},"product_brand":[],"product_cat":[19],"product_tag":[],"class_list":{"0":"post-111","1":"product","2":"type-product","3":"status-publish","4":"has-post-thumbnail","6":"product_cat-big-bags-pt","8":"first","9":"instock","10":"shipping-taxable","11":"purchasable","12":"product-type-variable"},"_links":{"self":[{"href":"https:\/\/ncbsolutions.pt\/fr\/wp-json\/wp\/v2\/product\/111","targetHints":{"allow":["GET"]}}],"collection":[{"href":"https:\/\/ncbsolutions.pt\/fr\/wp-json\/wp\/v2\/product"}],"about":[{"href":"https:\/\/ncbsolutions.pt\/fr\/wp-json\/wp\/v2\/types\/product"}],"replies":[{"embeddable":true,"href":"https:\/\/ncbsolutions.pt\/fr\/wp-json\/wp\/v2\/comments?post=111"}],"wp:featuredmedia":[{"embeddable":true,"href":"https:\/\/ncbsolutions.pt\/fr\/wp-json\/wp\/v2\/media\/178"}],"wp:attachment":[{"href":"https:\/\/ncbsolutions.pt\/fr\/wp-json\/wp\/v2\/media?parent=111"}],"wp:term":[{"taxonomy":"product_brand","embeddable":true,"href":"https:\/\/ncbsolutions.pt\/fr\/wp-json\/wp\/v2\/product_brand?post=111"},{"taxonomy":"product_cat","embeddable":true,"href":"https:\/\/ncbsolutions.pt\/fr\/wp-json\/wp\/v2\/product_cat?post=111"},{"taxonomy":"product_tag","embeddable":true,"href":"https:\/\/ncbsolutions.pt\/fr\/wp-json\/wp\/v2\/product_tag?post=111"}],"curies":[{"name":"wp","href":"https:\/\/api.w.org\/{rel}","templated":true}]}}