{"id":88,"date":"2025-07-02T09:33:28","date_gmt":"2025-07-02T09:33:28","guid":{"rendered":"https:\/\/ncbsolutions.pt\/?post_type=product&#038;p=88"},"modified":"2025-09-24T09:11:30","modified_gmt":"2025-09-24T09:11:30","slug":"big-bag-monoasa-e-biasa","status":"publish","type":"product","link":"https:\/\/ncbsolutions.pt\/fr\/product\/big-bag-monoasa-e-biasa\/","title":{"rendered":"Big Bag Monoasa et Biasa"},"content":{"rendered":"<p>Les big bags \u00e0 simple ou double poign\u00e9e repr\u00e9sentent une solution diff\u00e9rente pour la manutention et le stockage des mat\u00e9riaux. Un ou plusieurs big bags peuvent \u00eatre soulev\u00e9s simultan\u00e9ment \u00e0 l'aide d'un chariot \u00e9l\u00e9vateur ou d'un autre dispositif de levage. Gr\u00e2ce \u00e0 leur structure de fabrication, ces big bags offrent un rapport qualit\u00e9-prix int\u00e9ressant.<\/p>","protected":false},"excerpt":{"rendered":"<p>Les big bags \u00e0 simple ou double poign\u00e9e repr\u00e9sentent une solution diff\u00e9rente pour la manutention et le stockage des mat\u00e9riaux. Un ou plusieurs big bags peuvent \u00eatre soulev\u00e9s simultan\u00e9ment \u00e0 l'aide d'un chariot \u00e9l\u00e9vateur ou d'un autre dispositif de levage. Gr\u00e2ce \u00e0 leur structure de fabrication, ces big bags offrent un rapport qualit\u00e9-prix int\u00e9ressant.<\/p>","protected":false},"featured_media":118,"comment_status":"closed","ping_status":"closed","template":"","meta":{"_et_pb_use_builder":"","_et_pb_old_content":"","_et_gb_content_width":""},"product_brand":[],"product_cat":[19],"product_tag":[],"class_list":{"0":"post-88","1":"product","2":"type-product","3":"status-publish","4":"has-post-thumbnail","6":"product_cat-big-bags-pt","8":"first","9":"instock","10":"shipping-taxable","11":"purchasable","12":"product-type-variable"},"_links":{"self":[{"href":"https:\/\/ncbsolutions.pt\/fr\/wp-json\/wp\/v2\/product\/88","targetHints":{"allow":["GET"]}}],"collection":[{"href":"https:\/\/ncbsolutions.pt\/fr\/wp-json\/wp\/v2\/product"}],"about":[{"href":"https:\/\/ncbsolutions.pt\/fr\/wp-json\/wp\/v2\/types\/product"}],"replies":[{"embeddable":true,"href":"https:\/\/ncbsolutions.pt\/fr\/wp-json\/wp\/v2\/comments?post=88"}],"wp:featuredmedia":[{"embeddable":true,"href":"https:\/\/ncbsolutions.pt\/fr\/wp-json\/wp\/v2\/media\/118"}],"wp:attachment":[{"href":"https:\/\/ncbsolutions.pt\/fr\/wp-json\/wp\/v2\/media?parent=88"}],"wp:term":[{"taxonomy":"product_brand","embeddable":true,"href":"https:\/\/ncbsolutions.pt\/fr\/wp-json\/wp\/v2\/product_brand?post=88"},{"taxonomy":"product_cat","embeddable":true,"href":"https:\/\/ncbsolutions.pt\/fr\/wp-json\/wp\/v2\/product_cat?post=88"},{"taxonomy":"product_tag","embeddable":true,"href":"https:\/\/ncbsolutions.pt\/fr\/wp-json\/wp\/v2\/product_tag?post=88"}],"curies":[{"name":"wp","href":"https:\/\/api.w.org\/{rel}","templated":true}]}}