{"id":91,"date":"2025-07-02T09:33:28","date_gmt":"2025-07-02T09:33:28","guid":{"rendered":"https:\/\/ncbsolutions.pt\/?post_type=product&#038;p=91"},"modified":"2025-09-24T09:17:54","modified_gmt":"2025-09-24T09:17:54","slug":"big-bag-defletores-internos","status":"publish","type":"product","link":"https:\/\/ncbsolutions.pt\/fr\/product\/big-bag-defletores-internos\/","title":{"rendered":"D\u00e9flecteurs internes Big Bag"},"content":{"rendered":"<p class=\"p1\">Les big bags avec d\u00e9flecteurs internes optimisent encore l'espace de chargement. Gr\u00e2ce \u00e0 la couture int\u00e9rieure des d\u00e9flecteurs internes,<span class=\"Apple-converted-space\">\u00a0\u00a0<\/span>le grand sac prend la forme<span class=\"Apple-converted-space\">\u00a0\u00a0<\/span>carr\u00e9, ce qui permet d'annuler l'espace vide entre les big bags et de r\u00e9aliser des \u00e9conomies de charge suppl\u00e9mentaires allant jusqu'\u00e0 30%.<\/p>\n<div id=\"attachment_2240\" style=\"width: 310px\" class=\"wp-caption alignnone\"><img loading=\"lazy\" decoding=\"async\" aria-describedby=\"caption-attachment-2240\" class=\"size-full wp-image-2240\" src=\"https:\/\/ncbsolutions.pt\/wp-content\/uploads\/2020\/11\/Container-con-Big-Bags-estandar.jpg\" alt=\"\" width=\"300\" height=\"168\" \/><p id=\"caption-attachment-2240\" class=\"wp-caption-text\">Sans d\u00e9flecteurs<\/p><\/div>\n<p>&nbsp;<\/p>\n<div id=\"attachment_2241\" style=\"width: 310px\" class=\"wp-caption alignnone\"><img loading=\"lazy\" decoding=\"async\" aria-describedby=\"caption-attachment-2241\" class=\"size-full wp-image-2241\" src=\"https:\/\/ncbsolutions.pt\/wp-content\/uploads\/2020\/11\/Container-con-Big-Bags-Q-Bag.jpg\" alt=\"\" width=\"300\" height=\"168\" \/><p id=\"caption-attachment-2241\" class=\"wp-caption-text\">Avec d\u00e9flecteurs<\/p><\/div>","protected":false},"excerpt":{"rendered":"<p>Os big bags com defletores internos otimizam ainda mais o espa\u00e7o de carga. Devido \u00e0 costura interior de defletores internos,\u00a0\u00a0o big bag fica com o formato\u00a0\u00a0quadrado, o que permite anular o espa\u00e7o vazio entre os big bags e ter uma poupan\u00e7a adicional de carga at\u00e9 30%. &nbsp;<\/p>","protected":false},"featured_media":128,"comment_status":"closed","ping_status":"closed","template":"","meta":{"_et_pb_use_builder":"","_et_pb_old_content":"","_et_gb_content_width":""},"product_brand":[],"product_cat":[19],"product_tag":[],"class_list":{"0":"post-91","1":"product","2":"type-product","3":"status-publish","4":"has-post-thumbnail","6":"product_cat-big-bags-pt","8":"first","9":"instock","10":"shipping-taxable","11":"purchasable","12":"product-type-variable"},"_links":{"self":[{"href":"https:\/\/ncbsolutions.pt\/fr\/wp-json\/wp\/v2\/product\/91","targetHints":{"allow":["GET"]}}],"collection":[{"href":"https:\/\/ncbsolutions.pt\/fr\/wp-json\/wp\/v2\/product"}],"about":[{"href":"https:\/\/ncbsolutions.pt\/fr\/wp-json\/wp\/v2\/types\/product"}],"replies":[{"embeddable":true,"href":"https:\/\/ncbsolutions.pt\/fr\/wp-json\/wp\/v2\/comments?post=91"}],"wp:featuredmedia":[{"embeddable":true,"href":"https:\/\/ncbsolutions.pt\/fr\/wp-json\/wp\/v2\/media\/128"}],"wp:attachment":[{"href":"https:\/\/ncbsolutions.pt\/fr\/wp-json\/wp\/v2\/media?parent=91"}],"wp:term":[{"taxonomy":"product_brand","embeddable":true,"href":"https:\/\/ncbsolutions.pt\/fr\/wp-json\/wp\/v2\/product_brand?post=91"},{"taxonomy":"product_cat","embeddable":true,"href":"https:\/\/ncbsolutions.pt\/fr\/wp-json\/wp\/v2\/product_cat?post=91"},{"taxonomy":"product_tag","embeddable":true,"href":"https:\/\/ncbsolutions.pt\/fr\/wp-json\/wp\/v2\/product_tag?post=91"}],"curies":[{"name":"wp","href":"https:\/\/api.w.org\/{rel}","templated":true}]}}