{"id":92,"date":"2025-07-02T09:33:28","date_gmt":"2025-07-02T09:33:28","guid":{"rendered":"https:\/\/ncbsolutions.pt\/?post_type=product&#038;p=92"},"modified":"2025-09-24T09:22:19","modified_gmt":"2025-09-24T09:22:19","slug":"big-bag-plastico-interior","status":"publish","type":"product","link":"https:\/\/ncbsolutions.pt\/fr\/product\/big-bag-plastico-interior\/","title":{"rendered":"Big Bag Int\u00e9rieur plastique"},"content":{"rendered":"<p class=\"p1\">Le big bag avec plastique int\u00e9rieur est con\u00e7u pour prot\u00e9ger les mati\u00e8res premi\u00e8res des facteurs externes. Le plastique int\u00e9rieur en poly\u00e9thyl\u00e8ne prot\u00e8ge de l'humidit\u00e9 et \u00e9vite les pertes \u00e9ventuelles lors de la vidange des produits en vrac de tr\u00e8s faible densit\u00e9.<\/p>","protected":false},"excerpt":{"rendered":"<p>Le big bag avec plastique int\u00e9rieur est con\u00e7u pour prot\u00e9ger les mati\u00e8res premi\u00e8res des facteurs externes. Le plastique int\u00e9rieur en poly\u00e9thyl\u00e8ne prot\u00e8ge de l'humidit\u00e9 et \u00e9vite les pertes \u00e9ventuelles lors de la vidange des produits en vrac de tr\u00e8s faible densit\u00e9.<\/p>","protected":false},"featured_media":131,"comment_status":"closed","ping_status":"closed","template":"","meta":{"_et_pb_use_builder":"","_et_pb_old_content":"","_et_gb_content_width":""},"product_brand":[],"product_cat":[19],"product_tag":[],"class_list":{"0":"post-92","1":"product","2":"type-product","3":"status-publish","4":"has-post-thumbnail","6":"product_cat-big-bags-pt","8":"first","9":"instock","10":"shipping-taxable","11":"purchasable","12":"product-type-variable"},"_links":{"self":[{"href":"https:\/\/ncbsolutions.pt\/fr\/wp-json\/wp\/v2\/product\/92","targetHints":{"allow":["GET"]}}],"collection":[{"href":"https:\/\/ncbsolutions.pt\/fr\/wp-json\/wp\/v2\/product"}],"about":[{"href":"https:\/\/ncbsolutions.pt\/fr\/wp-json\/wp\/v2\/types\/product"}],"replies":[{"embeddable":true,"href":"https:\/\/ncbsolutions.pt\/fr\/wp-json\/wp\/v2\/comments?post=92"}],"wp:featuredmedia":[{"embeddable":true,"href":"https:\/\/ncbsolutions.pt\/fr\/wp-json\/wp\/v2\/media\/131"}],"wp:attachment":[{"href":"https:\/\/ncbsolutions.pt\/fr\/wp-json\/wp\/v2\/media?parent=92"}],"wp:term":[{"taxonomy":"product_brand","embeddable":true,"href":"https:\/\/ncbsolutions.pt\/fr\/wp-json\/wp\/v2\/product_brand?post=92"},{"taxonomy":"product_cat","embeddable":true,"href":"https:\/\/ncbsolutions.pt\/fr\/wp-json\/wp\/v2\/product_cat?post=92"},{"taxonomy":"product_tag","embeddable":true,"href":"https:\/\/ncbsolutions.pt\/fr\/wp-json\/wp\/v2\/product_tag?post=92"}],"curies":[{"name":"wp","href":"https:\/\/api.w.org\/{rel}","templated":true}]}}