{"id":94,"date":"2025-07-02T09:33:29","date_gmt":"2025-07-02T09:33:29","guid":{"rendered":"https:\/\/ncbsolutions.pt\/?post_type=product&#038;p=94"},"modified":"2025-11-05T13:28:23","modified_gmt":"2025-11-05T13:28:23","slug":"big-bag-antiestatico","status":"publish","type":"product","link":"https:\/\/ncbsolutions.pt\/fr\/product\/big-bag-antiestatico\/","title":{"rendered":"Big Bag antistatique"},"content":{"rendered":"<p class=\"p1\">Big bag adapt\u00e9 \u00e0 une manipulation sans risque, produits soumis \u00e0<span class=\"Apple-converted-space\">\u00a0 <\/span>l'\u00e9lectricit\u00e9 statique.<span class=\"Apple-converted-space\">\u00a0<\/span><\/p>\n<p class=\"p1\">Ils peuvent \u00eatre sp\u00e9cifiquement con\u00e7us avec des propri\u00e9t\u00e9s antistatiques ou conductrices et r\u00e9pondent aux exigences de la norme internationale IEC 61340-4-4 Ed. 3.0.<\/p>\n<p class=\"p1\">Il peut \u00eatre fabriqu\u00e9 d'innombrables fa\u00e7ons, en diff\u00e9rentes tailles, dimensions et sp\u00e9cifications, avec ou sans rev\u00eatement int\u00e9rieur en plastique, afin de garantir la s\u00e9curit\u00e9 du stockage\/chargement.<\/p>\n<p>Avantages des big bags avec protection antistatiqueDissipe l'\u00e9lectricit\u00e9 statiquePr\u00e9vient les \u00e9tincellesBloque les d\u00e9charges des brossesPr\u00e9vient la propagation des d\u00e9charges des brossesS\u00e9curis\u00e9 pour une utilisation avec des poudres inflammables (Mie  3ml)C\u00e2ble de mise \u00e0 la terre n\u00e9cessaire<\/p>\n<table cellpadding=\"10px\">\n<tbody>\n<tr style=\"background-color: #f2f2f2;\">\n<td style=\"color: #002653; text-align: right;\" width=\"70%\"><b>Avantages des big bags avec protection antistatique<\/b><\/td>\n<td style=\"color: #0096d1;\" width=\"10%\"><b>Type A<\/b><\/td>\n<td style=\"color: #0096d1;\" width=\"10%\"><b>Type B<\/b><\/td>\n<td style=\"color: #0096d1;\" width=\"10%\"><b>Type C<\/b><\/td>\n<\/tr>\n<tr>\n<td style=\"color: #002653; text-align: right;\" width=\"70%\"><b>Dissipe l'\u00e9lectricit\u00e9 statique<\/b><\/td>\n<td style=\"text-align: center;\" width=\"10%\"><img loading=\"lazy\" decoding=\"async\" src=\"https:\/\/ncbsolutions.pt\/wp-content\/uploads\/2025\/07\/cancel-x.png\" width=\"30\" height=\"24\" \/><\/td>\n<td style=\"text-align: center;\" width=\"10%\"><img loading=\"lazy\" decoding=\"async\" class=\"alignnone size-full wp-image-8963\" src=\"https:\/\/ncbsolutions.pt\/wp-content\/uploads\/2025\/07\/check-1.png\" alt=\"\" width=\"30\" height=\"24\" srcset=\"https:\/\/ncbsolutions.pt\/wp-content\/uploads\/2025\/07\/check-1.png 30w, https:\/\/ncbsolutions.pt\/wp-content\/uploads\/2025\/07\/check-1-15x12.png 15w\" sizes=\"(max-width: 30px) 100vw, 30px\" \/><\/td>\n<td style=\"text-align: center;\" width=\"10%\"><img loading=\"lazy\" decoding=\"async\" class=\"alignnone size-full wp-image-8963\" src=\"https:\/\/ncbsolutions.pt\/wp-content\/uploads\/2025\/07\/check-1.png\" alt=\"\" width=\"30\" height=\"24\" srcset=\"https:\/\/ncbsolutions.pt\/wp-content\/uploads\/2025\/07\/check-1.png 30w, https:\/\/ncbsolutions.pt\/wp-content\/uploads\/2025\/07\/check-1-15x12.png 15w\" sizes=\"(max-width: 30px) 100vw, 30px\" \/><\/td>\n<\/tr>\n<tr style=\"background-color: #f2f2f2;\">\n<td style=\"color: #002653; text-align: right;\" width=\"70%\"><b>Evite les \u00e9tincelles<\/b><\/td>\n<td style=\"text-align: center;\" width=\"10%\"><img loading=\"lazy\" decoding=\"async\" src=\"https:\/\/ncbsolutions.pt\/wp-content\/uploads\/2025\/07\/cancel-x.png\" width=\"30\" height=\"24\" \/><\/td>\n<td style=\"text-align: center;\" width=\"10%\"><img loading=\"lazy\" decoding=\"async\" class=\"alignnone size-full wp-image-8963\" src=\"https:\/\/ncbsolutions.pt\/wp-content\/uploads\/2025\/07\/check-1.png\" alt=\"\" width=\"30\" height=\"24\" srcset=\"https:\/\/ncbsolutions.pt\/wp-content\/uploads\/2025\/07\/check-1.png 30w, https:\/\/ncbsolutions.pt\/wp-content\/uploads\/2025\/07\/check-1-15x12.png 15w\" sizes=\"(max-width: 30px) 100vw, 30px\" \/><\/td>\n<td style=\"text-align: center;\" width=\"10%\"><img loading=\"lazy\" decoding=\"async\" class=\"alignnone size-full wp-image-8963\" src=\"https:\/\/ncbsolutions.pt\/wp-content\/uploads\/2025\/07\/check-1.png\" alt=\"\" width=\"30\" height=\"24\" srcset=\"https:\/\/ncbsolutions.pt\/wp-content\/uploads\/2025\/07\/check-1.png 30w, https:\/\/ncbsolutions.pt\/wp-content\/uploads\/2025\/07\/check-1-15x12.png 15w\" sizes=\"(max-width: 30px) 100vw, 30px\" \/><\/td>\n<\/tr>\n<tr>\n<td style=\"color: #002653; text-align: right;\" width=\"70%\"><b>Bloque les d\u00e9charges de brosses<\/b><\/td>\n<td style=\"text-align: center;\" width=\"10%\"><img loading=\"lazy\" decoding=\"async\" class=\"alignnone size-full wp-image-8963\" src=\"https:\/\/ncbsolutions.pt\/wp-content\/uploads\/2025\/07\/check-1.png\" alt=\"\" width=\"30\" height=\"24\" srcset=\"https:\/\/ncbsolutions.pt\/wp-content\/uploads\/2025\/07\/check-1.png 30w, https:\/\/ncbsolutions.pt\/wp-content\/uploads\/2025\/07\/check-1-15x12.png 15w\" sizes=\"(max-width: 30px) 100vw, 30px\" \/><\/td>\n<td style=\"text-align: center;\" width=\"10%\"><img loading=\"lazy\" decoding=\"async\" class=\"alignnone size-full wp-image-8963\" src=\"https:\/\/ncbsolutions.pt\/wp-content\/uploads\/2025\/07\/check-1.png\" alt=\"\" width=\"30\" height=\"24\" srcset=\"https:\/\/ncbsolutions.pt\/wp-content\/uploads\/2025\/07\/check-1.png 30w, https:\/\/ncbsolutions.pt\/wp-content\/uploads\/2025\/07\/check-1-15x12.png 15w\" sizes=\"(max-width: 30px) 100vw, 30px\" \/><\/td>\n<td style=\"text-align: center;\" width=\"10%\"><img loading=\"lazy\" decoding=\"async\" class=\"alignnone size-full wp-image-8963\" src=\"https:\/\/ncbsolutions.pt\/wp-content\/uploads\/2025\/07\/check-1.png\" alt=\"\" width=\"30\" height=\"24\" srcset=\"https:\/\/ncbsolutions.pt\/wp-content\/uploads\/2025\/07\/check-1.png 30w, https:\/\/ncbsolutions.pt\/wp-content\/uploads\/2025\/07\/check-1-15x12.png 15w\" sizes=\"(max-width: 30px) 100vw, 30px\" \/><\/td>\n<\/tr>\n<tr style=\"background-color: #f2f2f2;\">\n<td style=\"color: #002653; text-align: right;\" width=\"70%\"><b>Emp\u00eache la propagation des d\u00e9charges de broussailles<\/b><\/td>\n<td style=\"text-align: center;\" width=\"10%\"><img loading=\"lazy\" decoding=\"async\" class=\"alignnone size-full wp-image-8963\" src=\"https:\/\/ncbsolutions.pt\/wp-content\/uploads\/2025\/07\/check-1.png\" alt=\"\" width=\"30\" height=\"24\" srcset=\"https:\/\/ncbsolutions.pt\/wp-content\/uploads\/2025\/07\/check-1.png 30w, https:\/\/ncbsolutions.pt\/wp-content\/uploads\/2025\/07\/check-1-15x12.png 15w\" sizes=\"(max-width: 30px) 100vw, 30px\" \/><\/td>\n<td style=\"text-align: center;\" width=\"10%\"><img loading=\"lazy\" decoding=\"async\" class=\"alignnone size-full wp-image-8963\" src=\"https:\/\/ncbsolutions.pt\/wp-content\/uploads\/2025\/07\/check-1.png\" alt=\"\" width=\"30\" height=\"24\" srcset=\"https:\/\/ncbsolutions.pt\/wp-content\/uploads\/2025\/07\/check-1.png 30w, https:\/\/ncbsolutions.pt\/wp-content\/uploads\/2025\/07\/check-1-15x12.png 15w\" sizes=\"(max-width: 30px) 100vw, 30px\" \/><\/td>\n<td style=\"text-align: center;\" width=\"10%\"><img loading=\"lazy\" decoding=\"async\" class=\"alignnone size-full wp-image-8963\" src=\"https:\/\/ncbsolutions.pt\/wp-content\/uploads\/2025\/07\/check-1.png\" alt=\"\" width=\"30\" height=\"24\" srcset=\"https:\/\/ncbsolutions.pt\/wp-content\/uploads\/2025\/07\/check-1.png 30w, https:\/\/ncbsolutions.pt\/wp-content\/uploads\/2025\/07\/check-1-15x12.png 15w\" sizes=\"(max-width: 30px) 100vw, 30px\" \/><\/td>\n<\/tr>\n<tr>\n<td style=\"color: #002653; text-align: right;\" width=\"70%\"><b>Sans danger pour les poudres inflammables (Mie &lt; 3ml)<\/b><\/td>\n<td style=\"text-align: center;\" width=\"10%\"><img loading=\"lazy\" decoding=\"async\" src=\"https:\/\/ncbsolutions.pt\/wp-content\/uploads\/2025\/07\/cancel-x.png\" width=\"30\" height=\"24\" \/><\/td>\n<td style=\"text-align: center;\" width=\"10%\"><img loading=\"lazy\" decoding=\"async\" class=\"alignnone size-full wp-image-8963\" src=\"https:\/\/ncbsolutions.pt\/wp-content\/uploads\/2025\/07\/check-1.png\" alt=\"\" width=\"30\" height=\"24\" srcset=\"https:\/\/ncbsolutions.pt\/wp-content\/uploads\/2025\/07\/check-1.png 30w, https:\/\/ncbsolutions.pt\/wp-content\/uploads\/2025\/07\/check-1-15x12.png 15w\" sizes=\"(max-width: 30px) 100vw, 30px\" \/><\/td>\n<td style=\"text-align: center;\" width=\"10%\"><img loading=\"lazy\" decoding=\"async\" class=\"alignnone size-full wp-image-8963\" src=\"https:\/\/ncbsolutions.pt\/wp-content\/uploads\/2025\/07\/check-1.png\" alt=\"\" width=\"30\" height=\"24\" srcset=\"https:\/\/ncbsolutions.pt\/wp-content\/uploads\/2025\/07\/check-1.png 30w, https:\/\/ncbsolutions.pt\/wp-content\/uploads\/2025\/07\/check-1-15x12.png 15w\" sizes=\"(max-width: 30px) 100vw, 30px\" \/><\/td>\n<\/tr>\n<tr style=\"background-color: #f2f2f2;\">\n<td style=\"color: #002653; text-align: right;\" width=\"70%\"><b>Sans danger pour les poudres inflammables (Mie &gt; 3ml)<\/b><\/td>\n<td style=\"text-align: center;\" width=\"10%\"><img loading=\"lazy\" decoding=\"async\" class=\"alignnone size-full wp-image-8963\" src=\"https:\/\/ncbsolutions.pt\/wp-content\/uploads\/2025\/07\/check-1.png\" alt=\"\" width=\"30\" height=\"24\" srcset=\"https:\/\/ncbsolutions.pt\/wp-content\/uploads\/2025\/07\/check-1.png 30w, https:\/\/ncbsolutions.pt\/wp-content\/uploads\/2025\/07\/check-1-15x12.png 15w\" sizes=\"(max-width: 30px) 100vw, 30px\" \/><\/td>\n<td style=\"text-align: center;\" width=\"10%\"><img loading=\"lazy\" decoding=\"async\" class=\"alignnone size-full wp-image-8963\" src=\"https:\/\/ncbsolutions.pt\/wp-content\/uploads\/2025\/07\/check-1.png\" alt=\"\" width=\"30\" height=\"24\" srcset=\"https:\/\/ncbsolutions.pt\/wp-content\/uploads\/2025\/07\/check-1.png 30w, https:\/\/ncbsolutions.pt\/wp-content\/uploads\/2025\/07\/check-1-15x12.png 15w\" sizes=\"(max-width: 30px) 100vw, 30px\" \/><\/td>\n<td style=\"text-align: center;\" width=\"10%\"><img loading=\"lazy\" decoding=\"async\" class=\"alignnone size-full wp-image-8963\" src=\"https:\/\/ncbsolutions.pt\/wp-content\/uploads\/2025\/07\/check-1.png\" alt=\"\" width=\"30\" height=\"24\" srcset=\"https:\/\/ncbsolutions.pt\/wp-content\/uploads\/2025\/07\/check-1.png 30w, https:\/\/ncbsolutions.pt\/wp-content\/uploads\/2025\/07\/check-1-15x12.png 15w\" sizes=\"(max-width: 30px) 100vw, 30px\" \/><\/td>\n<\/tr>\n<tr>\n<td style=\"color: #002653; text-align: right;\" width=\"70%\"><b>C\u00e2ble de terre n\u00e9cessaire<\/b><\/td>\n<td style=\"text-align: center;\" width=\"10%\">N\/A<\/td>\n<td style=\"text-align: center;\" width=\"10%\"><img loading=\"lazy\" decoding=\"async\" class=\"alignnone size-full wp-image-8963\" src=\"https:\/\/ncbsolutions.pt\/wp-content\/uploads\/2025\/07\/check-1.png\" alt=\"\" width=\"30\" height=\"24\" srcset=\"https:\/\/ncbsolutions.pt\/wp-content\/uploads\/2025\/07\/check-1.png 30w, https:\/\/ncbsolutions.pt\/wp-content\/uploads\/2025\/07\/check-1-15x12.png 15w\" sizes=\"(max-width: 30px) 100vw, 30px\" \/><\/td>\n<td style=\"text-align: center;\" width=\"10%\"><img loading=\"lazy\" decoding=\"async\" src=\"https:\/\/ncbsolutions.pt\/wp-content\/uploads\/2025\/07\/cancel-x.png\" width=\"30\" height=\"24\" \/><\/td>\n<\/tr>\n<\/tbody>\n<\/table>","protected":false},"excerpt":{"rendered":"<p>Big bag apto para ser manuseado em seguran\u00e7a, produtos sujeitos a\u00a0 electricidade est\u00e1tica.\u00a0 Podem ser concebidos especificamente com propriedades antiest\u00e1ticas ou condutoras e cumprir os requisitos da norma internacional IEC 61340-4-4 Ed. 3.0. O fabrico pode ser feito de in\u00fameras formas, diferentes tamanhos, dimens\u00f5es, especifica\u00e7\u00f5es, com ou sem revestimento interno de pl\u00e1stico, de forma a [&hellip;]<\/p>","protected":false},"featured_media":8899,"comment_status":"closed","ping_status":"closed","template":"","meta":{"_et_pb_use_builder":"","_et_pb_old_content":"","_et_gb_content_width":""},"product_brand":[],"product_cat":[19],"product_tag":[],"class_list":{"0":"post-94","1":"product","2":"type-product","3":"status-publish","4":"has-post-thumbnail","6":"product_cat-big-bags-pt","8":"first","9":"instock","10":"shipping-taxable","11":"purchasable","12":"product-type-variable"},"_links":{"self":[{"href":"https:\/\/ncbsolutions.pt\/fr\/wp-json\/wp\/v2\/product\/94","targetHints":{"allow":["GET"]}}],"collection":[{"href":"https:\/\/ncbsolutions.pt\/fr\/wp-json\/wp\/v2\/product"}],"about":[{"href":"https:\/\/ncbsolutions.pt\/fr\/wp-json\/wp\/v2\/types\/product"}],"replies":[{"embeddable":true,"href":"https:\/\/ncbsolutions.pt\/fr\/wp-json\/wp\/v2\/comments?post=94"}],"wp:featuredmedia":[{"embeddable":true,"href":"https:\/\/ncbsolutions.pt\/fr\/wp-json\/wp\/v2\/media\/8899"}],"wp:attachment":[{"href":"https:\/\/ncbsolutions.pt\/fr\/wp-json\/wp\/v2\/media?parent=94"}],"wp:term":[{"taxonomy":"product_brand","embeddable":true,"href":"https:\/\/ncbsolutions.pt\/fr\/wp-json\/wp\/v2\/product_brand?post=94"},{"taxonomy":"product_cat","embeddable":true,"href":"https:\/\/ncbsolutions.pt\/fr\/wp-json\/wp\/v2\/product_cat?post=94"},{"taxonomy":"product_tag","embeddable":true,"href":"https:\/\/ncbsolutions.pt\/fr\/wp-json\/wp\/v2\/product_tag?post=94"}],"curies":[{"name":"wp","href":"https:\/\/api.w.org\/{rel}","templated":true}]}}