{"id":95,"date":"2025-07-02T09:33:29","date_gmt":"2025-07-02T09:33:29","guid":{"rendered":"https:\/\/ncbsolutions.pt\/?post_type=product&#038;p=95"},"modified":"2025-12-03T17:51:53","modified_gmt":"2025-12-03T17:51:53","slug":"sacos-de-rafia-laminados","status":"publish","type":"product","link":"https:\/\/ncbsolutions.pt\/fr\/product\/sacos-de-rafia-laminados\/","title":{"rendered":"Sacs en raphia lamin\u00e9"},"content":{"rendered":"<p class=\"p1\">Les sacs en polypropyl\u00e8ne lamin\u00e9 sont largement utilis\u00e9s dans l'industrie alimentaire et dans d'autres secteurs. Gr\u00e2ce \u00e0 leurs propri\u00e9t\u00e9s de r\u00e9sistance, d'imperm\u00e9abilit\u00e9 et de scellage, le tissu est prot\u00e9g\u00e9 de mani\u00e8re \u00e0 ne pas permettre la lib\u00e9ration d'odeurs et\/ou d'humidit\u00e9,<span class=\"Apple-converted-space\">\u00a0 <\/span>qui permet<span class=\"Apple-converted-space\">\u00a0 <\/span>la conservation des produits.<\/p>","protected":false},"excerpt":{"rendered":"<p>Haute r\u00e9sistance \u00e0 la rupture, aux chutes et aux frottements<br \/>\n- Stabilit\u00e9 dimensionnelle<br \/>\n- Qualit\u00e9 d'impression<br \/>\n- R\u00e9utilisable<br \/>\n- Polyvalent<br \/>\n- Adapt\u00e9 au contact alimentaire<\/p>\n<p><strong>Composition<\/strong><br \/>\nFabriqu\u00e9 en Prolipropyl\u00e8ne.<\/p>\n<div style=\"display: flex; margin-top: 10px;\"><span style=\"padding botton 6px; padding-right: 6px;\"><strong>Couleurs<\/strong><\/span> <img loading=\"lazy\" decoding=\"async\" class=\"wp-image-9056 alignnone size-full\" src=\"https:\/\/ncbsolutions.pt\/wp-content\/uploads\/2025\/12\/img-white.jpg\" alt=\"\" width=\"27\" height=\"27\" srcset=\"https:\/\/ncbsolutions.pt\/wp-content\/uploads\/2025\/12\/img-white.jpg 27w, https:\/\/ncbsolutions.pt\/wp-content\/uploads\/2025\/12\/img-white-12x12.jpg 12w\" sizes=\"(max-width: 27px) 100vw, 27px\" \/> <img loading=\"lazy\" decoding=\"async\" class=\"wp-image-9057 alignnone size-full\" src=\"https:\/\/ncbsolutions.pt\/wp-content\/uploads\/2025\/12\/img-blue-1.jpg\" alt=\"\" width=\"27\" height=\"27\" srcset=\"https:\/\/ncbsolutions.pt\/wp-content\/uploads\/2025\/12\/img-blue-1.jpg 27w, https:\/\/ncbsolutions.pt\/wp-content\/uploads\/2025\/12\/img-blue-1-12x12.jpg 12w\" sizes=\"(max-width: 27px) 100vw, 27px\" \/>\u00a0<img loading=\"lazy\" decoding=\"async\" class=\"wp-image-9055 alignnone size-full\" src=\"https:\/\/ncbsolutions.pt\/wp-content\/uploads\/2025\/12\/img-green.jpg\" alt=\"\" width=\"27\" height=\"27\" srcset=\"https:\/\/ncbsolutions.pt\/wp-content\/uploads\/2025\/12\/img-green.jpg 27w, https:\/\/ncbsolutions.pt\/wp-content\/uploads\/2025\/12\/img-green-12x12.jpg 12w\" sizes=\"(max-width: 27px) 100vw, 27px\" \/> <img loading=\"lazy\" decoding=\"async\" class=\"wp-image-9054 alignnone size-full\" src=\"https:\/\/ncbsolutions.pt\/wp-content\/uploads\/2025\/12\/img-color.jpg\" alt=\"\" width=\"27\" height=\"27\" srcset=\"https:\/\/ncbsolutions.pt\/wp-content\/uploads\/2025\/12\/img-color.jpg 27w, https:\/\/ncbsolutions.pt\/wp-content\/uploads\/2025\/12\/img-color-12x12.jpg 12w\" sizes=\"(max-width: 27px) 100vw, 27px\" \/><\/div>","protected":false},"featured_media":142,"comment_status":"closed","ping_status":"closed","template":"","meta":{"_et_pb_use_builder":"","_et_pb_old_content":"","_et_gb_content_width":""},"product_brand":[],"product_cat":[20],"product_tag":[],"class_list":{"0":"post-95","1":"product","2":"type-product","3":"status-publish","4":"has-post-thumbnail","6":"product_cat-sacos-de-rafia","8":"first","9":"instock","10":"shipping-taxable","11":"purchasable","12":"product-type-simple"},"_links":{"self":[{"href":"https:\/\/ncbsolutions.pt\/fr\/wp-json\/wp\/v2\/product\/95","targetHints":{"allow":["GET"]}}],"collection":[{"href":"https:\/\/ncbsolutions.pt\/fr\/wp-json\/wp\/v2\/product"}],"about":[{"href":"https:\/\/ncbsolutions.pt\/fr\/wp-json\/wp\/v2\/types\/product"}],"replies":[{"embeddable":true,"href":"https:\/\/ncbsolutions.pt\/fr\/wp-json\/wp\/v2\/comments?post=95"}],"wp:featuredmedia":[{"embeddable":true,"href":"https:\/\/ncbsolutions.pt\/fr\/wp-json\/wp\/v2\/media\/142"}],"wp:attachment":[{"href":"https:\/\/ncbsolutions.pt\/fr\/wp-json\/wp\/v2\/media?parent=95"}],"wp:term":[{"taxonomy":"product_brand","embeddable":true,"href":"https:\/\/ncbsolutions.pt\/fr\/wp-json\/wp\/v2\/product_brand?post=95"},{"taxonomy":"product_cat","embeddable":true,"href":"https:\/\/ncbsolutions.pt\/fr\/wp-json\/wp\/v2\/product_cat?post=95"},{"taxonomy":"product_tag","embeddable":true,"href":"https:\/\/ncbsolutions.pt\/fr\/wp-json\/wp\/v2\/product_tag?post=95"}],"curies":[{"name":"wp","href":"https:\/\/api.w.org\/{rel}","templated":true}]}}