{"id":97,"date":"2025-07-02T09:33:29","date_gmt":"2025-07-02T09:33:29","guid":{"rendered":"https:\/\/ncbsolutions.pt\/?post_type=product&#038;p=97"},"modified":"2025-12-03T17:53:28","modified_gmt":"2025-12-03T17:53:28","slug":"sacos-de-rafia-com-interior-de-plastico","status":"publish","type":"product","link":"https:\/\/ncbsolutions.pt\/fr\/product\/sacos-de-rafia-com-interior-de-plastico\/","title":{"rendered":"Sacs en raphia avec int\u00e9rieur en plastique"},"content":{"rendered":"<p class=\"p1\">Sac en raphia, renforc\u00e9 de plastique \u00e0 l'int\u00e9rieur, qui se compl\u00e8tent pour assurer le transport ou le stockage de produits aux caract\u00e9ristiques plus sp\u00e9cifiques. Meilleure protection contre l'air, la vapeur d'eau et la poussi\u00e8re.<\/p>","protected":false},"excerpt":{"rendered":"<p>- Haute r\u00e9sistance \u00e0 la rupture, aux chutes et aux frottements<br \/>\n- Stabilit\u00e9 dimensionnelle<br \/>\n- Qualit\u00e9 d'impression<br \/>\n- R\u00e9utilisable<br \/>\n- Polyvalent<br \/>\n- Adapt\u00e9 au contact alimentaire<\/p>\n<p><strong>Composition<\/strong><br \/>\nFabriqu\u00e9 en Prolipropyl\u00e8ne.<\/p>\n<div style=\"display: flex; margin-top: 10px;\"><span style=\"padding botton 6px; padding-right: 6px;\"><strong>Couleurs<\/strong><\/span> <img loading=\"lazy\" decoding=\"async\" class=\"wp-image-9056 alignnone size-full\" src=\"https:\/\/ncbsolutions.pt\/wp-content\/uploads\/2025\/12\/img-white.jpg\" alt=\"\" width=\"27\" height=\"27\" srcset=\"https:\/\/ncbsolutions.pt\/wp-content\/uploads\/2025\/12\/img-white.jpg 27w, https:\/\/ncbsolutions.pt\/wp-content\/uploads\/2025\/12\/img-white-12x12.jpg 12w\" sizes=\"(max-width: 27px) 100vw, 27px\" \/> <img loading=\"lazy\" decoding=\"async\" class=\"wp-image-9057 alignnone size-full\" src=\"https:\/\/ncbsolutions.pt\/wp-content\/uploads\/2025\/12\/img-blue-1.jpg\" alt=\"\" width=\"27\" height=\"27\" srcset=\"https:\/\/ncbsolutions.pt\/wp-content\/uploads\/2025\/12\/img-blue-1.jpg 27w, https:\/\/ncbsolutions.pt\/wp-content\/uploads\/2025\/12\/img-blue-1-12x12.jpg 12w\" sizes=\"(max-width: 27px) 100vw, 27px\" \/>\u00a0<img loading=\"lazy\" decoding=\"async\" class=\"wp-image-9055 alignnone size-full\" src=\"https:\/\/ncbsolutions.pt\/wp-content\/uploads\/2025\/12\/img-green.jpg\" alt=\"\" width=\"27\" height=\"27\" srcset=\"https:\/\/ncbsolutions.pt\/wp-content\/uploads\/2025\/12\/img-green.jpg 27w, https:\/\/ncbsolutions.pt\/wp-content\/uploads\/2025\/12\/img-green-12x12.jpg 12w\" sizes=\"(max-width: 27px) 100vw, 27px\" \/> <img loading=\"lazy\" decoding=\"async\" class=\"wp-image-9054 alignnone size-full\" src=\"https:\/\/ncbsolutions.pt\/wp-content\/uploads\/2025\/12\/img-color.jpg\" alt=\"\" width=\"27\" height=\"27\" srcset=\"https:\/\/ncbsolutions.pt\/wp-content\/uploads\/2025\/12\/img-color.jpg 27w, https:\/\/ncbsolutions.pt\/wp-content\/uploads\/2025\/12\/img-color-12x12.jpg 12w\" sizes=\"(max-width: 27px) 100vw, 27px\" \/><\/div>","protected":false},"featured_media":153,"comment_status":"closed","ping_status":"closed","template":"","meta":{"_et_pb_use_builder":"","_et_pb_old_content":"","_et_gb_content_width":""},"product_brand":[],"product_cat":[20],"product_tag":[],"class_list":{"0":"post-97","1":"product","2":"type-product","3":"status-publish","4":"has-post-thumbnail","6":"product_cat-sacos-de-rafia","8":"first","9":"instock","10":"shipping-taxable","11":"purchasable","12":"product-type-simple"},"_links":{"self":[{"href":"https:\/\/ncbsolutions.pt\/fr\/wp-json\/wp\/v2\/product\/97","targetHints":{"allow":["GET"]}}],"collection":[{"href":"https:\/\/ncbsolutions.pt\/fr\/wp-json\/wp\/v2\/product"}],"about":[{"href":"https:\/\/ncbsolutions.pt\/fr\/wp-json\/wp\/v2\/types\/product"}],"replies":[{"embeddable":true,"href":"https:\/\/ncbsolutions.pt\/fr\/wp-json\/wp\/v2\/comments?post=97"}],"wp:featuredmedia":[{"embeddable":true,"href":"https:\/\/ncbsolutions.pt\/fr\/wp-json\/wp\/v2\/media\/153"}],"wp:attachment":[{"href":"https:\/\/ncbsolutions.pt\/fr\/wp-json\/wp\/v2\/media?parent=97"}],"wp:term":[{"taxonomy":"product_brand","embeddable":true,"href":"https:\/\/ncbsolutions.pt\/fr\/wp-json\/wp\/v2\/product_brand?post=97"},{"taxonomy":"product_cat","embeddable":true,"href":"https:\/\/ncbsolutions.pt\/fr\/wp-json\/wp\/v2\/product_cat?post=97"},{"taxonomy":"product_tag","embeddable":true,"href":"https:\/\/ncbsolutions.pt\/fr\/wp-json\/wp\/v2\/product_tag?post=97"}],"curies":[{"name":"wp","href":"https:\/\/api.w.org\/{rel}","templated":true}]}}