{"id":3197,"date":"2025-07-02T09:45:41","date_gmt":"2025-07-02T09:45:41","guid":{"rendered":"https:\/\/ncbsolutions.pt\/?page_id=3197"},"modified":"2025-09-24T09:47:17","modified_gmt":"2025-09-24T09:47:17","slug":"sobre-nos","status":"publish","type":"page","link":"https:\/\/ncbsolutions.pt\/it\/sobre-nos\/","title":{"rendered":"Informazioni su NCB"},"content":{"rendered":"<p>[et_pb_section fb_built=&#8221;1&#8243; _builder_version=&#8221;4.27.4&#8243; _module_preset=&#8221;default&#8221; global_colors_info=&#8221;{}&#8221;][et_pb_row column_structure=&#8221;1_2,1_2&#8243; _builder_version=&#8221;4.27.4&#8243; _module_preset=&#8221;default&#8221; global_colors_info=&#8221;{}&#8221;][et_pb_column type=&#8221;1_2&#8243; _builder_version=&#8221;4.27.4&#8243; _module_preset=&#8221;default&#8221; global_colors_info=&#8221;{}&#8221;][et_pb_text _builder_version=&#8221;4.27.4&#8243; _module_preset=&#8221;default&#8221; header_2_font=&#8221;Roboto Slab||||||||&#8221; global_colors_info=&#8221;{}&#8221;]<\/p>\n<h2>SU DI NOI<\/h2>\n<p>NCB Solutions si dedica alla fornitura di imballaggi industriali. Siamo un team ben preparato che lavora ogni giorno per affrontare le sfide create dai nostri clienti. Troviamo sempre una soluzione per voi.<\/p>\n<p>La nostra gestione si basa su 3 pilastri. Qualit\u00e0, impegno e competitivit\u00e0!<\/p>\n<p>La qualit\u00e0 \u00e8 una premessa che deve essere sempre associata al prodotto. Testiamo e analizziamo ogni giorno la qualit\u00e0 dei nostri prodotti.<\/p>\n<p>Impegno per la soddisfazione del cliente! Dobbiamo essere sempre pronti a consegnare il prodotto in tempo.<\/p>\n<p>Competitivit\u00e0 contro i concorrenti. Questa \u00e8 l'unica strada per il successo. Vogliamo essere il vostro partner commerciale nel settore degli imballaggi. Il cliente \u00e8 la nostra priorit\u00e0, sempre!<\/p>\n<p>[\/et_pb_text][\/et_pb_column][et_pb_column type=&#8221;1_2&#8243; _builder_version=&#8221;4.27.4&#8243; _module_preset=&#8221;default&#8221; global_colors_info=&#8221;{}&#8221;][et_pb_image src=&#8221;https:\/\/ncbsolutions.pt\/wp-content\/uploads\/2025\/07\/shutterstock_1591282924-scaled-1.jpg&#8221; alt=&#8221;NCB Solutions&#8221; title_text=&#8221;NCB Solutions&#8221; _builder_version=&#8221;4.27.4&#8243; _module_preset=&#8221;default&#8221; hover_enabled=&#8221;0&#8243; global_colors_info=&#8221;{}&#8221; sticky_enabled=&#8221;0&#8243;][\/et_pb_image][\/et_pb_column][\/et_pb_row][\/et_pb_section]<\/p>","protected":false},"excerpt":{"rendered":"<p>SOBRE N\u00d3S A NCB Solutions dedica-se ao fornecimento de embalagens industriais. Somos uma equipa preparada, que trabalha todos os dias para corresponder aos desafios criados pelos nossos clientes. Encontramos sempre uma solu\u00e7\u00e3o para si. A nossa gest\u00e3o assenta em 3 pilares. Qualidade, Compromisso e Competitividade! Qualidade \u00e9 uma premissa que obrigatoriamente tem de estar sempre [&hellip;]<\/p>","protected":false},"author":4,"featured_media":0,"parent":0,"menu_order":0,"comment_status":"closed","ping_status":"closed","template":"","meta":{"_et_pb_use_builder":"on","_et_pb_old_content":"","_et_gb_content_width":"","footnotes":""},"class_list":["post-3197","page","type-page","status-publish","hentry"],"_links":{"self":[{"href":"https:\/\/ncbsolutions.pt\/it\/wp-json\/wp\/v2\/pages\/3197","targetHints":{"allow":["GET"]}}],"collection":[{"href":"https:\/\/ncbsolutions.pt\/it\/wp-json\/wp\/v2\/pages"}],"about":[{"href":"https:\/\/ncbsolutions.pt\/it\/wp-json\/wp\/v2\/types\/page"}],"author":[{"embeddable":true,"href":"https:\/\/ncbsolutions.pt\/it\/wp-json\/wp\/v2\/users\/4"}],"replies":[{"embeddable":true,"href":"https:\/\/ncbsolutions.pt\/it\/wp-json\/wp\/v2\/comments?post=3197"}],"version-history":[{"count":0,"href":"https:\/\/ncbsolutions.pt\/it\/wp-json\/wp\/v2\/pages\/3197\/revisions"}],"wp:attachment":[{"href":"https:\/\/ncbsolutions.pt\/it\/wp-json\/wp\/v2\/media?parent=3197"}],"curies":[{"name":"wp","href":"https:\/\/api.w.org\/{rel}","templated":true}]}}