{"id":4607,"date":"2025-07-02T09:51:10","date_gmt":"2025-07-02T09:51:10","guid":{"rendered":"https:\/\/ncbsolutions.pt\/?page_id=4607"},"modified":"2026-04-14T07:47:56","modified_gmt":"2026-04-14T07:47:56","slug":"pagina-inicial","status":"publish","type":"page","link":"https:\/\/ncbsolutions.pt\/it\/","title":{"rendered":"P\u00e1gina Inicial"},"content":{"rendered":"<p>[et_pb_section fb_built=&#8221;1&#8243; _builder_version=&#8221;4.27.4&#8243; _module_preset=&#8221;default&#8221; custom_padding=&#8221;0px||0px|||&#8221; global_colors_info=&#8221;{}&#8221;][et_pb_row _builder_version=&#8221;4.27.4&#8243; _module_preset=&#8221;default&#8221; module_alignment=&#8221;center&#8221; custom_margin=&#8221;0px|0px|0px|0px|false|false&#8221; custom_padding=&#8221;0px|0px|0px|0px|false|false&#8221; global_colors_info=&#8221;{}&#8221;][et_pb_column type=&#8221;4_4&#8243; _builder_version=&#8221;4.27.4&#8243; _module_preset=&#8221;default&#8221; global_colors_info=&#8221;{}&#8221;][et_pb_text _builder_version=&#8221;4.27.4&#8243; _module_preset=&#8221;default&#8221; width=&#8221;100%&#8221; max_width=&#8221;100%&#8221; module_alignment=&#8221;center&#8221; global_colors_info=&#8221;{}&#8221;]<\/p>\n\n\n\n\n\n\t\t\t\t<p class=\"rs-p-wp-fix\"><\/p>\n\t\t\t\t<sr7-module data-alias=\"ncb-slider-2025-it\" data-id=\"5\" id=\"woodmart-slider-hardware\" class=\"rs-ov-hidden\" data-version=\"6.7.31\">\n\t\t\t\t\t<sr7-adjuster><\/sr7-adjuster>\n\t\t\t\t\t<sr7-content>\n\t\t\t\t\t\t<sr7-slide id=\"woodmart-slider-hardware-13\" data-key=\"13\">\n\t\t\t\t\t\t\t<sr7-bg id=\"woodmart-slider-hardware-13-52\" class=\"sr7-layer\"><noscript><img decoding=\"async\" src=\"https:\/\/ncbsolutions.pt\/wp-content\/uploads\/revslider\/ncb-slider-2025-pt-1\/big-bag-banner-hero-bg-B.jpg\" alt=\"\" title=\"big-bag-banner-hero-bg-B.jpg\"><\/noscript><\/sr7-bg>\n\t\t\t\t\t\t\t<h4 id=\"woodmart-slider-hardware-13-11\" class=\"sr7-layer\">Personalizziamo la Big Bag in base alle vostre esigenze...<\/h4>\n\t\t\t\t\t\t\t<h4 id=\"woodmart-slider-hardware-13-12\" class=\"sr7-layer\">TROVA LA BIG BAG\nCOSA TI SERVE<\/h4>\n\t\t\t\t\t\t\t<a id=\"woodmart-slider-hardware-13-17\" class=\"sr7-layer\" href=\"https:\/\/ncbsolutions.pt\/fr\/contactos\/\" target=\"_self\" rel=\"nofollow\">ORDINA ORA<\/a>\n\t\t\t\t\t\t\t<h4 id=\"woodmart-slider-hardware-13-28\" class=\"sr7-layer\">di<\/h4>\n\t\t\t\t\t\t\t<h4 id=\"woodmart-slider-hardware-13-29\" class=\"sr7-layer\">\u20ac1.90<\/h4>\n\t\t\t\t\t\t\t<h4 id=\"woodmart-slider-hardware-13-51\" class=\"sr7-layer\">+ iva<\/h4>\n\t\t\t\t\t\t<\/sr7-slide>\n\t\t\t\t\t\t<sr7-slide id=\"woodmart-slider-hardware-14\" data-key=\"14\">\n\t\t\t\t\t\t\t<sr7-bg id=\"woodmart-slider-hardware-14-24\" class=\"sr7-layer\"><noscript><img decoding=\"async\" src=\"https:\/\/ncbsolutions.pt\/wp-content\/uploads\/revslider\/ncb-slider-2025-es-1\/sacos-de-rafia-banner-hero-bg-A1.jpg\" alt=\"\" title=\"grafica-banner-bags-hero-bg-A1.jpg\"><\/noscript><\/sr7-bg>\n\t\t\t\t\t\t\t<h4 id=\"woodmart-slider-hardware-14-11\" class=\"sr7-layer\">TROVARE LA SOLUZIONE MIGLIORE<\/h4>\n\t\t\t\t\t\t\t<h4 id=\"woodmart-slider-hardware-14-12\" class=\"sr7-layer\">BORSE\nIN RAFIA<\/h4>\n\t\t\t\t\t\t\t<a id=\"woodmart-slider-hardware-14-17\" class=\"sr7-layer\" href=\"https:\/\/ncbsolutions.pt\/fr\/contactos\/\" target=\"_self\" rel=\"nofollow\">ORDINA ORA<\/a>\n\t\t\t\t\t\t<\/sr7-slide>\n\t\t\t\t\t\t<sr7-slide id=\"woodmart-slider-hardware-15\" data-key=\"15\">\n\t\t\t\t\t\t<\/sr7-slide>\n\t\t\t\t\t<\/sr7-content>\n\t\t\t\t\t<image_lists style=\"display:none\">\n\t\t\t\t\t\t<img data-src=\"\/\/ncbsolutions.pt\/wp-content\/uploads\/2025\/07\/1-bigbag-banner-ok.png\" data-libid=\"8061\" data-lib=\"medialibrary\" title=\"1-bigbag-banner-ok\" width=\"0\" height=\"0\" data-dbsrc=\"Ly9uY2Jzb2x1dGlvbnMucHQvd3AtY29udGVudC91cGxvYWRzLzIwMjUvMDcvMS1iaWdiYWctYmFubmVyLW9rLnBuZw==\"\/>\n\t\t\t\t\t\t<img data-src=\"\/\/ncbsolutions.pt\/wp-content\/uploads\/revslider\/ncb-slider-2025-pt-1\/big-bag-banner-hero-bg-B.jpg\" data-libid=\"8651\" data-lib=\"medialibrary\" title=\"big-bag-banner-hero-bg-B.jpg\" width=\"0\" height=\"0\" data-dbsrc=\"Ly9uY2Jzb2x1dGlvbnMucHQvd3AtY29udGVudC91cGxvYWRzL3JldnNsaWRlci9uY2Itc2xpZGVyLTIwMjUtcHQtMS9iaWctYmFnLWJhbm5lci1oZXJvLWJnLUIuanBn\"\/>\n\t\t\t\t\t\t<img data-src=\"\/\/ncbsolutions.pt\/wp-content\/uploads\/revslider\/ncb-slider-2025-es-1\/plastico-interior-dobrado2.png\" data-lib=\"medialibrary\" width=\"0\" height=\"0\" data-dbsrc=\"Ly9uY2Jzb2x1dGlvbnMucHQvd3AtY29udGVudC91cGxvYWRzL3JldnNsaWRlci9uY2Itc2xpZGVyLTIwMjUtZXMtMS9wbGFzdGljby1pbnRlcmlvci1kb2JyYWRvMi5wbmc=\"\/>\n\t\t\t\t\t\t<img data-src=\"\/\/ncbsolutions.pt\/wp-content\/uploads\/revslider\/ncb-slider-2025-es-1\/sacos-de-rafia-banner-hero-bg-A1.jpg\" data-libid=\"8660\" data-lib=\"medialibrary\" title=\"grafica-banner-bags-hero-bg-A1.jpg\" width=\"0\" height=\"0\" data-dbsrc=\"Ly9uY2Jzb2x1dGlvbnMucHQvd3AtY29udGVudC91cGxvYWRzL3JldnNsaWRlci9uY2Itc2xpZGVyLTIwMjUtZXMtMS9zYWNvcy1kZS1yYWZpYS1iYW5uZXItaGVyby1iZy1BMS5qcGc=\"\/>\n\t\t\t\t\t<\/image_lists>\n\t\t\t\t<\/sr7-module>\n\t\t\t\t<script>\n\t\t\t\t\tSR7.PMH ??={}; SR7.PMH[\"woodmart-slider-hardware\"] = {cn:100,state:false,fn: function() { if (_tpt!==undefined && _tpt.prepareModuleHeight !== undefined) {  _tpt.prepareModuleHeight({id:\"woodmart-slider-hardware\",el:[600,600,500,400,600],type:'standard',shdw:'0',gh:[600,600,500,400,600],gw:[1240,1240,1024,778,480],vpt:['20%&#039;,&#039;20%&#039;,&#039;20%&#039;,&#039;20%&#039;,&#039;20%'],size:{fullWidth:true, fullHeight:false},mh:'0',onh:0,onw:0,bg:{color:'{\"type\":\"solid\",\"orig\":\"#f8f8f8\",\"string\":\"rgba(248, 248, 248, 1)\"}'},plType:'2',plColor:'#FFFFFF'});   SR7.PMH[\"woodmart-slider-hardware\"].state=true;} else if(SR7.PMH[\"woodmart-slider-hardware\"].cn-->0)\tsetTimeout( SR7.PMH[\"woodmart-slider-hardware\"].fn,19);}};SR7.PMH[\"woodmart-slider-hardware\" ].fn();\n\t\t\t\t<\/script>\n\n<p>[\/et_pb_text][\/et_pb_column][\/et_pb_row][\/et_pb_section][et_pb_section fb_built=&#8221;1&#8243; _builder_version=&#8221;4.27.4&#8243; _module_preset=&#8221;default&#8221; custom_padding=&#8221;32px||32px|||&#8221; global_colors_info=&#8221;{}&#8221;][et_pb_row _builder_version=&#8221;4.27.4&#8243; _module_preset=&#8221;default&#8221; custom_padding=&#8221;||22px|||&#8221; global_colors_info=&#8221;{}&#8221;][et_pb_column type=&#8221;4_4&#8243; _builder_version=&#8221;4.27.4&#8243; _module_preset=&#8221;default&#8221; global_colors_info=&#8221;{}&#8221;][et_pb_text _builder_version=&#8221;4.27.4&#8243; _module_preset=&#8221;default&#8221; header_font=&#8221;Roboto Slab||||||||&#8221; header_text_align=&#8221;center&#8221; header_4_font_size=&#8221;22px&#8221; global_colors_info=&#8221;{}&#8221;]<\/p>\n<h1 style=\"text-align: center;\">Prodotti NCB<\/h1>\n<p>[\/et_pb_text][et_pb_divider color=&#8221;#3d5775&#8243; divider_position=&#8221;center&#8221; divider_weight=&#8221;3px&#8221; _builder_version=&#8221;4.27.4&#8243; _module_preset=&#8221;default&#8221; width=&#8221;4%&#8221; module_alignment=&#8221;center&#8221; custom_margin=&#8221;-30px|||490px|false|false&#8221; custom_margin_tablet=&#8221;-30px|||280px|false|false&#8221; custom_margin_phone=&#8221;-30px|||280px|false|false&#8221; custom_margin_last_edited=&#8221;on|tablet&#8221; global_colors_info=&#8221;{}&#8221;][\/et_pb_divider][\/et_pb_column][\/et_pb_row][et_pb_row _builder_version=&#8221;4.27.4&#8243; _module_preset=&#8221;default&#8221; global_colors_info=&#8221;{}&#8221;][et_pb_column type=&#8221;4_4&#8243; _builder_version=&#8221;4.27.4&#8243; _module_preset=&#8221;default&#8221; global_colors_info=&#8221;{}&#8221;][et_pb_shop posts_number=&#8221;8&#8243; orderby=&#8221;popularity&#8221; show_price=&#8221;off&#8221; show_rating=&#8221;off&#8221; show_sale_badge=&#8221;off&#8221; _builder_version=&#8221;4.27.4&#8243; _module_preset=&#8221;default&#8221; custom_margin=&#8221;||0px||false|false&#8221; global_colors_info=&#8221;{}&#8221;][\/et_pb_shop][et_pb_button button_url=&#8221;https:\/\/ncbsolutions.pt\/index.php\/produtos\/&#8221; button_text=&#8221;VER TODOS OS PRODUTOS&#8221; button_alignment=&#8221;center&#8221; _builder_version=&#8221;4.27.4&#8243; _module_preset=&#8221;default&#8221; custom_button=&#8221;on&#8221; button_text_size=&#8221;14px&#8221; button_text_color=&#8221;#385a84&#8243; button_border_color=&#8221;#385a84&#8243; button_font=&#8221;|600||on|||||&#8221; global_colors_info=&#8221;{}&#8221;][\/et_pb_button][\/et_pb_column][\/et_pb_row][\/et_pb_section][et_pb_section fb_built=&#8221;1&#8243; disabled_on=&#8221;off|off|off&#8221; _builder_version=&#8221;4.27.4&#8243; _module_preset=&#8221;default&#8221; background_color=&#8221;#3d5775&#8243; custom_padding=&#8221;0px||0px|||&#8221; global_colors_info=&#8221;{}&#8221;][et_pb_row column_structure=&#8221;1_2,1_2&#8243; _builder_version=&#8221;4.27.4&#8243; _module_preset=&#8221;default&#8221; module_alignment=&#8221;center&#8221; custom_margin=&#8221;||||false|false&#8221; global_colors_info=&#8221;{}&#8221;][et_pb_column type=&#8221;1_2&#8243; _builder_version=&#8221;4.27.4&#8243; _module_preset=&#8221;default&#8221; global_colors_info=&#8221;{}&#8221;][et_pb_text admin_label=&#8221;Text&#8221; _builder_version=&#8221;4.27.4&#8243; _module_preset=&#8221;default&#8221; header_font=&#8221;Roboto Slab||||||||&#8221; header_text_align=&#8221;center&#8221; header_text_color=&#8221;#FFFFFF&#8221; header_font_size=&#8221;34px&#8221; header_font_size_tablet=&#8221;30px&#8221; header_font_size_phone=&#8221;30px&#8221; header_font_size_last_edited=&#8221;on|tablet&#8221; global_colors_info=&#8221;{}&#8221;]<\/p>\n<h1><img loading=\"lazy\" decoding=\"async\" src=\"https:\/\/ncbsolutions.pt\/wp-content\/uploads\/2025\/07\/truck-entregas-icon-white.png\" width=\"49\" height=\"37\" alt=\"\" class=\"wp-image-8069 alignnone size-full\" srcset=\"https:\/\/ncbsolutions.pt\/wp-content\/uploads\/2025\/07\/truck-entregas-icon-white.png 49w, https:\/\/ncbsolutions.pt\/wp-content\/uploads\/2025\/07\/truck-entregas-icon-white-16x12.png 16w\" sizes=\"(max-width: 49px) 100vw, 49px\" \/> Consegne fino a 7 giorni<\/h1>\n<p>[\/et_pb_text][\/et_pb_column][et_pb_column type=&#8221;1_2&#8243; _builder_version=&#8221;4.27.4&#8243; _module_preset=&#8221;default&#8221; global_colors_info=&#8221;{}&#8221;][et_pb_text admin_label=&#8221;Text&#8221; _builder_version=&#8221;4.27.4&#8243; _module_preset=&#8221;default&#8221; link_text_align=&#8221;center&#8221; link_text_color=&#8221;#FFFFFF&#8221; header_font=&#8221;Roboto Slab||||||||&#8221; header_text_align=&#8221;center&#8221; header_text_color=&#8221;#FFFFFF&#8221; header_font_size=&#8221;34px&#8221; text_orientation=&#8221;center&#8221; header_font_size_tablet=&#8221;30px&#8221; header_font_size_phone=&#8221;30px&#8221; header_font_size_last_edited=&#8221;on|tablet&#8221; global_colors_info=&#8221;{}&#8221;]<\/p>\n<h1><img loading=\"lazy\" decoding=\"async\" src=\"https:\/\/ncbsolutions.pt\/wp-content\/uploads\/2025\/07\/encomenda-icon-white.png\" width=\"42\" height=\"41\" alt=\"\" class=\"wp-image-8070 alignnone size-full\" srcset=\"https:\/\/ncbsolutions.pt\/wp-content\/uploads\/2025\/07\/encomenda-icon-white.png 42w, https:\/\/ncbsolutions.pt\/wp-content\/uploads\/2025\/07\/encomenda-icon-white-12x12.png 12w\" sizes=\"(max-width: 42px) 100vw, 42px\" \/> Consegne gratuite*<\/h1>\n<p><a href=\"https:\/\/ncbsolutions.pt\/index.php\/termos-e-condicoes\/\">termini e condizioni<\/a><\/p>\n<p>[\/et_pb_text][\/et_pb_column][\/et_pb_row][\/et_pb_section][et_pb_section fb_built=&#8221;1&#8243; _builder_version=&#8221;4.27.4&#8243; _module_preset=&#8221;default&#8221; custom_margin=&#8221;60px||60px||true|false&#8221; custom_padding=&#8221;0px||0px|||&#8221; global_colors_info=&#8221;{}&#8221;][et_pb_row column_structure=&#8221;1_2,1_2&#8243; use_custom_gutter=&#8221;on&#8221; gutter_width=&#8221;2&#8243; make_equal=&#8221;on&#8221; _builder_version=&#8221;4.27.4&#8243; _module_preset=&#8221;default&#8221; width=&#8221;100%&#8221; max_width=&#8221;100%&#8221; custom_padding=&#8221;0px||0px||true|true&#8221; global_colors_info=&#8221;{}&#8221;][et_pb_column type=&#8221;1_2&#8243; _builder_version=&#8221;4.27.4&#8243; _module_preset=&#8221;default&#8221; background_enable_color=&#8221;off&#8221; background_image=&#8221;https:\/\/ncbsolutions.pt\/wp-content\/uploads\/2025\/07\/folheto-rafia-scaled-1.jpg&#8221; custom_padding=&#8221;10%|5%|10%|5%|true|true&#8221; global_colors_info=&#8221;{}&#8221;][et_pb_text _builder_version=&#8221;4.27.4&#8243; _module_preset=&#8221;default&#8221; header_2_font_size=&#8221;18px&#8221; header_3_font=&#8221;|700|||||||&#8221; header_3_font_size=&#8221;32px&#8221; background_color=&#8221;rgba(255,255,255,0.8)&#8221; width=&#8221;100%&#8221; max_width=&#8221;70%&#8221; custom_padding=&#8221;20px|20px|20px|20px|true|true&#8221; global_colors_info=&#8221;{}&#8221;]<\/p>\n<h2>Varie soluzioni.<\/h2>\n<h3>Borse in rafia<\/h3>\n<p class=\"translation-block\">Interno in plastica.<br>Personalizziamo la borsa.<br>Vari colori disponibili.<\/p>\n<p>[\/et_pb_text][et_pb_button button_url=&#8221;@ET-DC@eyJkeW5hbWljIjp0cnVlLCJjb250ZW50IjoicG9zdF9saW5rX3VybF9wYWdlIiwic2V0dGluZ3MiOnsicG9zdF9pZCI6Ijc5NDMifX0=@&#8221; button_text=&#8221;Saber mais&#8221; _builder_version=&#8221;4.27.4&#8243; _dynamic_attributes=&#8221;button_url&#8221; _module_preset=&#8221;default&#8221; custom_button=&#8221;on&#8221; button_text_color=&#8221;#FFFFFF&#8221; button_bg_color=&#8221;#385a84&#8243; button_border_width=&#8221;0px&#8221; button_border_radius=&#8221;4px&#8221; custom_margin=&#8221;|||20px|false|false&#8221; global_colors_info=&#8221;{}&#8221;][\/et_pb_button][\/et_pb_column][et_pb_column type=&#8221;1_2&#8243; _builder_version=&#8221;4.27.4&#8243; _module_preset=&#8221;default&#8221; background_image=&#8221;https:\/\/ncbsolutions.pt\/wp-content\/uploads\/2025\/07\/saco-rafia-estampado-S-banner2.jpg&#8221; custom_padding=&#8221;10%|5%|10%|5%|true|true&#8221; global_colors_info=&#8221;{}&#8221;][et_pb_text _builder_version=&#8221;4.27.4&#8243; _module_preset=&#8221;default&#8221; header_2_font_size=&#8221;18px&#8221; header_3_font=&#8221;|700|||||||&#8221; header_3_font_size=&#8221;32px&#8221; background_color=&#8221;rgba(255,255,255,0.8)&#8221; width=&#8221;100%&#8221; max_width=&#8221;70%&#8221; custom_padding=&#8221;20px|20px|20px|20px|true|true&#8221; global_colors_info=&#8221;{}&#8221;]<\/p>\n<h2>Lo personalizziamo per il vostro marchio.<\/h2>\n<h3>Borse in rafia laminata<\/h3>\n<p>Materiale robusto e sicuro.<br \/>Adatto alla vostra attivit\u00e0.<\/p>\n<p>[\/et_pb_text][et_pb_button button_url=&#8221;@ET-DC@eyJkeW5hbWljIjp0cnVlLCJjb250ZW50IjoicG9zdF9saW5rX3VybF9wcm9kdWN0Iiwic2V0dGluZ3MiOnsicG9zdF9pZCI6Ijk1In19@&#8221; button_text=&#8221;Saber mais&#8221; _builder_version=&#8221;4.27.4&#8243; _dynamic_attributes=&#8221;button_url&#8221; _module_preset=&#8221;default&#8221; custom_button=&#8221;on&#8221; button_text_color=&#8221;#FFFFFF&#8221; button_bg_color=&#8221;#385a84&#8243; button_border_width=&#8221;0px&#8221; button_border_radius=&#8221;4px&#8221; custom_margin=&#8221;|||20px|false|false&#8221; global_colors_info=&#8221;{}&#8221;][\/et_pb_button][\/et_pb_column][\/et_pb_row][\/et_pb_section][et_pb_section fb_built=&#8221;1&#8243; _builder_version=&#8221;4.27.4&#8243; _module_preset=&#8221;default&#8221; background_color=&#8221;#f2f2f2&#8243; custom_padding=&#8221;32px|||||&#8221; global_colors_info=&#8221;{}&#8221;][et_pb_row _builder_version=&#8221;4.27.4&#8243; _module_preset=&#8221;default&#8221; global_colors_info=&#8221;{}&#8221;][et_pb_column type=&#8221;4_4&#8243; _builder_version=&#8221;4.27.4&#8243; _module_preset=&#8221;default&#8221; global_colors_info=&#8221;{}&#8221;][et_pb_text _builder_version=&#8221;4.27.4&#8243; _module_preset=&#8221;default&#8221; header_4_font=&#8221;Roboto Slab||||||||&#8221; header_4_text_align=&#8221;center&#8221; header_4_font_size=&#8221;30px&#8221; custom_margin=&#8221;1px|||||&#8221; custom_padding=&#8221;0px|||||&#8221; global_colors_info=&#8221;{}&#8221;]<\/p>\n<h4 class=\"woodmart-title-container title  woodmart-font-weight-400\">Vantaggi della NCB<\/h4>\n<p>[\/et_pb_text][et_pb_divider color=&#8221;#3d5775&#8243; divider_position=&#8221;center&#8221; divider_weight=&#8221;3px&#8221; _builder_version=&#8221;4.27.4&#8243; _module_preset=&#8221;default&#8221; width=&#8221;4%&#8221; module_alignment=&#8221;center&#8221; custom_margin=&#8221;-30px|||490px|false|false&#8221; custom_margin_tablet=&#8221;-30px|||280px|false|false&#8221; custom_margin_phone=&#8221;-30px|||280px|false|false&#8221; custom_margin_last_edited=&#8221;on|tablet&#8221; global_colors_info=&#8221;{}&#8221;][\/et_pb_divider][\/et_pb_column][\/et_pb_row][et_pb_row column_structure=&#8221;1_4,1_4,1_4,1_4&#8243; _builder_version=&#8221;4.27.4&#8243; _module_preset=&#8221;default&#8221; custom_margin=&#8221;||||false|false&#8221; custom_margin_tablet=&#8221;|||180px|false|false&#8221; custom_margin_phone=&#8221;|||180px|false|false&#8221; custom_margin_last_edited=&#8221;on|tablet&#8221; custom_padding=&#8221;|0px||0px||&#8221; global_colors_info=&#8221;{}&#8221;][et_pb_column type=&#8221;1_4&#8243; _builder_version=&#8221;4.27.4&#8243; _module_preset=&#8221;default&#8221; global_colors_info=&#8221;{}&#8221;][et_pb_text _builder_version=&#8221;4.27.4&#8243; _module_preset=&#8221;default&#8221; header_font_size=&#8221;17px&#8221; header_4_font=&#8221;Roboto Slab||||||||&#8221; global_colors_info=&#8221;{}&#8221;]<\/p>\n<h4 class=\"info-box-title woodmart-font-weight- box-title-style-default\">Consegna sicura<\/h4>\n<p><span>Supportiamo la logistica.<\/span><\/p>\n<p>[\/et_pb_text][et_pb_image src=&#8221;https:\/\/ncbsolutions.pt\/wp-content\/uploads\/2025\/07\/truck-entregas-icon.png&#8221; title_text=&#8221;truck-entregas-icon&#8221; _builder_version=&#8221;4.27.4&#8243; _module_preset=&#8221;default&#8221; custom_margin=&#8221;-80px|||-60px|false|false&#8221; global_colors_info=&#8221;{}&#8221;][\/et_pb_image][\/et_pb_column][et_pb_column type=&#8221;1_4&#8243; _builder_version=&#8221;4.27.4&#8243; _module_preset=&#8221;default&#8221; global_colors_info=&#8221;{}&#8221;][et_pb_text _builder_version=&#8221;4.27.4&#8243; _module_preset=&#8221;default&#8221; header_font_size=&#8221;17px&#8221; header_4_font=&#8221;Roboto Slab||||||||&#8221; global_colors_info=&#8221;{}&#8221;]<\/p>\n<h4 class=\"info-box-title woodmart-font-weight- box-title-style-default\">Assistenza clienti<\/h4>\n<div class=\"info-box-inner reset-mb-10\">\n<p>Per tutte le vostre domande.<\/p>\n<\/div>\n<p>[\/et_pb_text][et_pb_image src=&#8221;https:\/\/ncbsolutions.pt\/wp-content\/uploads\/2025\/07\/person-apoio-cliente-icon.png&#8221; title_text=&#8221;person-apoio-cliente-icon&#8221; _builder_version=&#8221;4.27.4&#8243; _module_preset=&#8221;default&#8221; custom_margin=&#8221;-80px|||-60px|false|false&#8221; global_colors_info=&#8221;{}&#8221;][\/et_pb_image][\/et_pb_column][et_pb_column type=&#8221;1_4&#8243; _builder_version=&#8221;4.27.4&#8243; _module_preset=&#8221;default&#8221; global_colors_info=&#8221;{}&#8221;][et_pb_text _builder_version=&#8221;4.27.4&#8243; _module_preset=&#8221;default&#8221; header_4_font=&#8221;Roboto Slab||||||||&#8221; header_4_font_size=&#8221;17px&#8221; global_colors_info=&#8221;{}&#8221;]<\/p>\n<h4 class=\"info-box-title woodmart-font-weight- box-title-style-default\">Ordine diretto<\/h4>\n<div class=\"info-box-inner reset-mb-10\">\n<p>Facile e veloce.<\/p>\n<\/div>\n<p>[\/et_pb_text][et_pb_image src=&#8221;https:\/\/ncbsolutions.pt\/wp-content\/uploads\/2025\/07\/encomenda-icon.png&#8221; title_text=&#8221;encomenda-icon&#8221; _builder_version=&#8221;4.27.4&#8243; _module_preset=&#8221;default&#8221; custom_margin=&#8221;-80px|||-60px|false|false&#8221; global_colors_info=&#8221;{}&#8221;][\/et_pb_image][\/et_pb_column][et_pb_column type=&#8221;1_4&#8243; _builder_version=&#8221;4.27.4&#8243; _module_preset=&#8221;default&#8221; global_colors_info=&#8221;{}&#8221;][et_pb_text _builder_version=&#8221;4.27.4&#8243; _module_preset=&#8221;default&#8221; header_4_font=&#8221;Roboto Slab||||||||&#8221; header_4_font_size=&#8221;17px&#8221; global_colors_info=&#8221;{}&#8221;]<\/p>\n<h4 class=\"info-box-title woodmart-font-weight- box-title-style-default\">Sicurezza sempre<\/h4>\n<div class=\"info-box-inner reset-mb-10\">\n<p>Processo sicuro.<\/p>\n<\/div>\n<p>[\/et_pb_text][et_pb_image src=&#8221;https:\/\/ncbsolutions.pt\/wp-content\/uploads\/2025\/07\/seguro-icon.png&#8221; title_text=&#8221;seguro-icon&#8221; _builder_version=&#8221;4.27.4&#8243; _module_preset=&#8221;default&#8221; custom_margin=&#8221;-80px|||-60px|false|false&#8221; global_colors_info=&#8221;{}&#8221;][\/et_pb_image][\/et_pb_column][\/et_pb_row][\/et_pb_section]<\/p>","protected":false},"excerpt":{"rendered":"<p>    \n\t\t\t\t<p class=\"rs-p-wp-fix\"><\/p>\n\t\t\t\t<sr7-module data-alias=\"ncb-slider-2025-it\" data-id=\"5\" id=\"woodmart-slider-hardware_1\" class=\"rs-ov-hidden\" data-version=\"6.7.31\">\n\t\t\t\t\t<sr7-adjuster><\/sr7-adjuster>\n\t\t\t\t\t<sr7-content>\n\t\t\t\t\t\t<sr7-slide id=\"woodmart-slider-hardware_1-13\" data-key=\"13\">\n\t\t\t\t\t\t\t<sr7-bg id=\"woodmart-slider-hardware_1-13-52\" class=\"sr7-layer\"><noscript><img decoding=\"async\" src=\"https:\/\/ncbsolutions.pt\/wp-content\/uploads\/revslider\/ncb-slider-2025-pt-1\/big-bag-banner-hero-bg-B.jpg\" alt=\"\" title=\"big-bag-banner-hero-bg-B.jpg\"><\/noscript><\/sr7-bg>\n\t\t\t\t\t\t\t<h4 id=\"woodmart-slider-hardware_1-13-11\" class=\"sr7-layer\">Personalizziamo la Big Bag in base alle vostre esigenze...<\/h4>\n\t\t\t\t\t\t\t<h4 id=\"woodmart-slider-hardware_1-13-12\" class=\"sr7-layer\">TROVA LA BIG BAG\nCOSA TI SERVE<\/h4>\n\t\t\t\t\t\t\t<a id=\"woodmart-slider-hardware_1-13-17\" class=\"sr7-layer\" href=\"https:\/\/ncbsolutions.pt\/fr\/contactos\/\" target=\"_self\" rel=\"nofollow\">ORDINA ORA<\/a>\n\t\t\t\t\t\t\t<h4 id=\"woodmart-slider-hardware_1-13-28\" class=\"sr7-layer\">di<\/h4>\n\t\t\t\t\t\t\t<h4 id=\"woodmart-slider-hardware_1-13-29\" class=\"sr7-layer\">\u20ac1.90<\/h4>\n\t\t\t\t\t\t\t<h4 id=\"woodmart-slider-hardware_1-13-51\" class=\"sr7-layer\">+ iva<\/h4>\n\t\t\t\t\t\t<\/sr7-slide>\n\t\t\t\t\t\t<sr7-slide id=\"woodmart-slider-hardware_1-14\" data-key=\"14\">\n\t\t\t\t\t\t\t<sr7-bg id=\"woodmart-slider-hardware_1-14-24\" class=\"sr7-layer\"><noscript><img decoding=\"async\" src=\"https:\/\/ncbsolutions.pt\/wp-content\/uploads\/revslider\/ncb-slider-2025-es-1\/sacos-de-rafia-banner-hero-bg-A1.jpg\" alt=\"\" title=\"grafica-banner-bags-hero-bg-A1.jpg\"><\/noscript><\/sr7-bg>\n\t\t\t\t\t\t\t<h4 id=\"woodmart-slider-hardware_1-14-11\" class=\"sr7-layer\">TROVARE LA SOLUZIONE MIGLIORE<\/h4>\n\t\t\t\t\t\t\t<h4 id=\"woodmart-slider-hardware_1-14-12\" class=\"sr7-layer\">BORSE\nIN RAFIA<\/h4>\n\t\t\t\t\t\t\t<a id=\"woodmart-slider-hardware_1-14-17\" class=\"sr7-layer\" href=\"https:\/\/ncbsolutions.pt\/fr\/contactos\/\" target=\"_self\" rel=\"nofollow\">ORDINA ORA<\/a>\n\t\t\t\t\t\t<\/sr7-slide>\n\t\t\t\t\t\t<sr7-slide id=\"woodmart-slider-hardware_1-15\" data-key=\"15\">\n\t\t\t\t\t\t<\/sr7-slide>\n\t\t\t\t\t<\/sr7-content>\n\t\t\t\t\t<image_lists style=\"display:none\">\n\t\t\t\t\t\t<img data-src=\"\/\/ncbsolutions.pt\/wp-content\/uploads\/2025\/07\/1-bigbag-banner-ok.png\" data-libid=\"8061\" data-lib=\"medialibrary\" title=\"1-bigbag-banner-ok\" width=\"0\" height=\"0\" data-dbsrc=\"Ly9uY2Jzb2x1dGlvbnMucHQvd3AtY29udGVudC91cGxvYWRzLzIwMjUvMDcvMS1iaWdiYWctYmFubmVyLW9rLnBuZw==\"\/>\n\t\t\t\t\t\t<img data-src=\"\/\/ncbsolutions.pt\/wp-content\/uploads\/revslider\/ncb-slider-2025-pt-1\/big-bag-banner-hero-bg-B.jpg\" data-libid=\"8651\" data-lib=\"medialibrary\" title=\"big-bag-banner-hero-bg-B.jpg\" width=\"0\" height=\"0\" data-dbsrc=\"Ly9uY2Jzb2x1dGlvbnMucHQvd3AtY29udGVudC91cGxvYWRzL3JldnNsaWRlci9uY2Itc2xpZGVyLTIwMjUtcHQtMS9iaWctYmFnLWJhbm5lci1oZXJvLWJnLUIuanBn\"\/>\n\t\t\t\t\t\t<img data-src=\"\/\/ncbsolutions.pt\/wp-content\/uploads\/revslider\/ncb-slider-2025-es-1\/plastico-interior-dobrado2.png\" data-lib=\"medialibrary\" width=\"0\" height=\"0\" data-dbsrc=\"Ly9uY2Jzb2x1dGlvbnMucHQvd3AtY29udGVudC91cGxvYWRzL3JldnNsaWRlci9uY2Itc2xpZGVyLTIwMjUtZXMtMS9wbGFzdGljby1pbnRlcmlvci1kb2JyYWRvMi5wbmc=\"\/>\n\t\t\t\t\t\t<img data-src=\"\/\/ncbsolutions.pt\/wp-content\/uploads\/revslider\/ncb-slider-2025-es-1\/sacos-de-rafia-banner-hero-bg-A1.jpg\" data-libid=\"8660\" data-lib=\"medialibrary\" title=\"grafica-banner-bags-hero-bg-A1.jpg\" width=\"0\" height=\"0\" data-dbsrc=\"Ly9uY2Jzb2x1dGlvbnMucHQvd3AtY29udGVudC91cGxvYWRzL3JldnNsaWRlci9uY2Itc2xpZGVyLTIwMjUtZXMtMS9zYWNvcy1kZS1yYWZpYS1iYW5uZXItaGVyby1iZy1BMS5qcGc=\"\/>\n\t\t\t\t\t<\/image_lists>\n\t\t\t\t<\/sr7-module>\n\t\t\t\t<script>\n\t\t\t\t\tSR7.PMH ??={}; SR7.PMH[\"woodmart-slider-hardware_1\"] = {cn:100,state:false,fn: function() { if (_tpt!==undefined && _tpt.prepareModuleHeight !== undefined) {  _tpt.prepareModuleHeight({id:\"woodmart-slider-hardware_1\",el:[600,600,500,400,600],type:'standard',shdw:'0',gh:[600,600,500,400,600],gw:[1240,1240,1024,778,480],vpt:['20%&#039;,&#039;20%&#039;,&#039;20%&#039;,&#039;20%&#039;,&#039;20%'],size:{fullWidth:true, fullHeight:false},mh:'0',onh:0,onw:0,bg:{color:'{\"type\":\"solid\",\"orig\":\"#f8f8f8\",\"string\":\"rgba(248, 248, 248, 1)\"}'},plType:'2',plColor:'#FFFFFF'});   SR7.PMH[\"woodmart-slider-hardware_1\"].state=true;} else if(SR7.PMH[\"woodmart-slider-hardware_1\"].cn-->0)\tsetTimeout( SR7.PMH[\"woodmart-slider-hardware_1\"].fn,19);}};SR7.PMH[\"woodmart-slider-hardware_1\" ].fn();\n\t\t\t\t<\/script>\nOs Produtos NCB Entregas at\u00e9 48h Entregas gratuitas* *termos e condi\u00e7\u00f5esV\u00e1rias solu\u00e7\u00f5es. Sacos R\u00e1fia Interior com Pl\u00e1stico.Personalizamos o seu saco.V\u00e1rias cores dispon\u00edveis.Personalizamos para a sua marca. Sacos de R\u00e1fia Laminados Material resistente e seguro.Adequado ao seu neg\u00f3cio.Vantagens NCBEntrega Segura Apoiamos a [&hellip;]<\/p>","protected":false},"author":4,"featured_media":0,"parent":0,"menu_order":0,"comment_status":"closed","ping_status":"closed","template":"","meta":{"_et_pb_use_builder":"on","_et_pb_old_content":"","_et_gb_content_width":"","footnotes":""},"class_list":["post-4607","page","type-page","status-publish","hentry"],"_links":{"self":[{"href":"https:\/\/ncbsolutions.pt\/it\/wp-json\/wp\/v2\/pages\/4607","targetHints":{"allow":["GET"]}}],"collection":[{"href":"https:\/\/ncbsolutions.pt\/it\/wp-json\/wp\/v2\/pages"}],"about":[{"href":"https:\/\/ncbsolutions.pt\/it\/wp-json\/wp\/v2\/types\/page"}],"author":[{"embeddable":true,"href":"https:\/\/ncbsolutions.pt\/it\/wp-json\/wp\/v2\/users\/4"}],"replies":[{"embeddable":true,"href":"https:\/\/ncbsolutions.pt\/it\/wp-json\/wp\/v2\/comments?post=4607"}],"version-history":[{"count":2,"href":"https:\/\/ncbsolutions.pt\/it\/wp-json\/wp\/v2\/pages\/4607\/revisions"}],"predecessor-version":[{"id":9104,"href":"https:\/\/ncbsolutions.pt\/it\/wp-json\/wp\/v2\/pages\/4607\/revisions\/9104"}],"wp:attachment":[{"href":"https:\/\/ncbsolutions.pt\/it\/wp-json\/wp\/v2\/media?parent=4607"}],"curies":[{"name":"wp","href":"https:\/\/api.w.org\/{rel}","templated":true}]}}