{"id":5775,"date":"2025-07-02T09:58:52","date_gmt":"2025-07-02T09:58:52","guid":{"rendered":"https:\/\/ncbsolutions.pt\/?page_id=5775"},"modified":"2025-10-03T10:31:14","modified_gmt":"2025-10-03T10:31:14","slug":"politica-de-privacidade","status":"publish","type":"page","link":"https:\/\/ncbsolutions.pt\/it\/politica-de-privacidade\/","title":{"rendered":"Informativa sulla privacy"},"content":{"rendered":"<p>[et_pb_section fb_built=&#8221;1&#8243; _builder_version=&#8221;4.27.4&#8243; _module_preset=&#8221;default&#8221; custom_padding=&#8221;0px|||||&#8221; global_colors_info=&#8221;{}&#8221;][et_pb_row _builder_version=&#8221;4.27.4&#8243; _module_preset=&#8221;default&#8221; global_colors_info=&#8221;{}&#8221;][et_pb_column type=&#8221;4_4&#8243; _builder_version=&#8221;4.27.4&#8243; _module_preset=&#8221;default&#8221; global_colors_info=&#8221;{}&#8221;][et_pb_text _builder_version=&#8221;4.27.4&#8243; _module_preset=&#8221;default&#8221; hover_enabled=&#8221;0&#8243; global_colors_info=&#8221;{}&#8221; sticky_enabled=&#8221;0&#8243;]<\/p>\n<h2><strong>Informativa sulla privacy<\/strong><\/h2>\n<p>La vostra privacy \u00e8 importante per noi. La nostra politica \u00e8 quella di rispettare la vostra privacy per quanto riguarda le informazioni che possiamo raccogliere da voi attraverso il nostro sito web ncbsolutions.co.uk.<\/p>\n<p>Chiediamo informazioni personali solo quando ne abbiamo realmente bisogno per fornirvi un servizio. Lo facciamo con mezzi equi e leciti, con la vostra consapevolezza e il vostro consenso. Vi spieghiamo anche perch\u00e9 li stiamo raccogliendo e come verranno utilizzati.<\/p>\n<p>Conserviamo le informazioni raccolte solo per il tempo necessario a fornire il servizio richiesto. Quando conserviamo i dati, li proteggiamo con mezzi commercialmente accettabili per prevenire la perdita e il furto, nonch\u00e9 l'accesso, la divulgazione, la copia, l'uso o la modifica non autorizzati.<\/p>\n<p>Non condividiamo le informazioni di identificazione personale pubblicamente o con terzi, se non nei casi previsti dalla legge.<\/p>\n<p>Il nostro sito web pu\u00f2 contenere link a siti esterni non gestiti da noi. Si prega di notare che non abbiamo alcun controllo sul contenuto e sulle pratiche di questi siti e non possiamo accettare la responsabilit\u00e0 per le loro rispettive politiche sulla privacy.<\/p>\n<p>L'Utente \u00e8 libero di rifiutare la nostra richiesta di informazioni personali, comprendendo che potremmo non essere in grado di fornire alcuni dei servizi desiderati.<\/p>\n<p>L'uso continuato del nostro sito web da parte dell'utente equivale all'accettazione delle nostre pratiche in materia di privacy e informazioni personali. In caso di domande sul modo in cui gestiamo i dati degli utenti e le informazioni personali, vi preghiamo di contattarci.<\/p>\n<p>&nbsp;<\/p>\n<h2><strong>Chi siamo<\/strong><\/h2>\n<p>Il sito web ncbsolutions.pt \u00e8 di propriet\u00e0 della societ\u00e0 NCB Solutions, Lda. con sede a Z<span>Zona industriale di Monte Grande<\/span>, <span>265 Via Nat\u00e1lia Correia<\/span>, <span>4505-326<\/span> <span>Fi\u00e3es,<\/span> con partita IVA 513457054, di seguito denominata NCB Solutions.<\/p>\n<p>&nbsp;<\/p>\n<h2><strong>Politica sui cookie di NCB Solutions<\/strong><\/h2>\n<p><strong><\/strong><\/p>\n<h3><strong>Cosa sono i biscotti?<\/strong><\/h3>\n<p>Come \u00e8 prassi comune di quasi tutti i siti web professionali, questo sito utilizza i cookie, che sono piccoli file memorizzati sul vostro computer, per migliorare la vostra esperienza. Questa pagina descrive quali informazioni raccolgono, come le utilizziamo e perch\u00e9 a volte abbiamo bisogno di memorizzare questi cookie. Vi spieghiamo anche come potete impedire la memorizzazione di questi cookie, ma questo potrebbe ridurre o \u2018interrompere\u2019 alcuni elementi della funzionalit\u00e0 del sito.<\/p>\n<p>&nbsp;<\/p>\n<h3><strong>Come utilizziamo i cookie?<\/strong><\/h3>\n<p>Utilizziamo i cookie per vari motivi, illustrati di seguito. Purtroppo, nella maggior parte dei casi, non esistono opzioni standard del settore per disabilitare i cookie senza disattivare completamente le funzionalit\u00e0 e le caratteristiche che essi aggiungono a questo sito web. Si consiglia di lasciare tutti i cookie se non si \u00e8 sicuri di averne bisogno o meno, se vengono utilizzati per fornire un servizio che si utilizza.<\/p>\n<p>&nbsp;<\/p>\n<h3><strong>Disattivare i cookie<\/strong><\/h3>\n<p>\u00c8 possibile impedire l'impostazione dei cookie modificando le impostazioni del browser (consultare la guida del browser per sapere come farlo, oppure consultare il sito web di ANACOM che spiega come farlo). <a href=\"https:\/\/www.anacom.pt\/render.jsp?categoryId=373375\" target=\"_blank\" rel=\"noopener noreferrer\">clicca qui<\/a>). Si ricorda che la disabilitazione dei cookie influisce sulla funzionalit\u00e0 di questo e di molti altri siti web visitati. La disattivazione dei cookie comporta generalmente la disattivazione di alcune funzionalit\u00e0 e caratteristiche di questo sito web. Si raccomanda pertanto di non disattivare i cookie.<\/p>\n<p>&nbsp;<\/p>\n<h3><strong>Cookie che impostiamo<\/strong><\/h3>\n<ul>\n<li>Cookie relativi all'account - Se create un account con noi, utilizzeremo i cookie per la gestione del processo di iscrizione e per l'amministrazione generale. In genere questi cookie vengono rimossi quando l'utente lascia il sito, tuttavia in alcuni casi possono rimanere in seguito per ricordare le preferenze del sito quando l'utente lascia il sito.<\/li>\n<li>Cookie relativi all'accesso - Utilizziamo i cookie quando l'utente effettua l'accesso in modo da ricordare questa azione. In questo modo si evita di dover effettuare il login ogni volta che si visita una nuova pagina. Questi cookie vengono solitamente rimossi o cancellati quando si effettua il logout, per garantire che l'utente possa accedere a funzioni e aree riservate solo quando \u00e8 connesso.<\/li>\n<li>Cookie per le preferenze del sito - Per offrirvi un'ottima esperienza su questo sito, vi offriamo la possibilit\u00e0 di impostare le vostre preferenze per il funzionamento del sito quando lo utilizzate. Per ricordare le vostre preferenze, dobbiamo impostare dei cookie in modo che queste informazioni possano essere richiamate ogni volta che interagite con una pagina interessata dalle vostre preferenze.<\/li>\n<\/ul>\n<p>&nbsp;<\/p>\n<h3><strong>Cookie di terze parti<\/strong><\/h3>\n<p>In alcuni casi particolari, utilizziamo anche cookie forniti da terze parti fidate. La seguente sezione illustra in dettaglio i cookie di terze parti che potreste incontrare attraverso questo sito web.<\/p>\n<ul>\n<li>Questo sito utilizza Google Analytics, una delle soluzioni di analisi pi\u00f9 diffuse e affidabili del web, per aiutarci a capire come utilizzate il sito e come possiamo migliorare la vostra esperienza. Questi cookie possono tracciare elementi come il tempo trascorso sul sito e le pagine visitate, in modo da poter continuare a produrre contenuti coinvolgenti.<\/li>\n<\/ul>\n<p>Per ulteriori informazioni sui cookie di Google Analytics, consultare la pagina ufficiale di Google Analytics. <a href=\"https:\/\/developers.google.com\/analytics\/devguides\/collection\/analyticsjs\/cookie-usage\" target=\"_blank\" rel=\"noopener noreferrer\">Google Analytics<\/a>.<\/p>\n<ul>\n<li>Le analisi di terze parti sono utilizzate per misurare l'utilizzo di questo sito web in modo da poter continuare a produrre contenuti interessanti. Questi cookie possono tracciare elementi quali il tempo trascorso sul sito o le pagine visitate, aiutandoci a capire come migliorare il nostro servizio.<\/li>\n<li>Periodicamente testiamo nuove funzionalit\u00e0 e apportiamo lievi modifiche all'aspetto del sito. Quando stiamo ancora testando nuove funzionalit\u00e0, questi cookie possono essere utilizzati per garantire che l'utente riceva un'esperienza coerente durante la navigazione del sito, mentre capiamo quali sono le ottimizzazioni pi\u00f9 apprezzate dai nostri utenti.<\/li>\n<\/ul>\n<p>&nbsp;<\/p>\n<h3><strong>Impegno dell'utente<\/strong><\/h3>\n<p>L'utente si impegna a fare un uso appropriato dei contenuti e delle informazioni offerte da NCB Solutions sul sito web, a titolo esemplificativo e non esaustivo:<\/p>\n<ul>\n<li>A) Non intraprendere attivit\u00e0 illegali o contrarie alla buona fede e all'ordine pubblico;<\/li>\n<li>B) Non diffondere propaganda o contenuti di natura razzista, xenofoba, o riguardanti casin\u00f2, scommesse online, giochi d'azzardo, qualsiasi tipo di pornografia illegale, apologia del terrorismo o contro i diritti umani;<\/li>\n<li>C) Non causare danni ai sistemi fisici (hardware) e logici (software) di NCB Solutions, dei suoi fornitori o di terzi, non introdurre o diffondere virus informatici o qualsiasi altro sistema hardware o software in grado di causare i suddetti danni.<\/li>\n<\/ul>\n<p>&nbsp;<\/p>\n<h3><strong>I vostri diritti<\/strong><\/h3>\n<p>Avete il diritto di esercitare i seguenti diritti:<\/p>\n<ul>\n<li>Diritto all'informazione: richiedere ulteriori informazioni sul nostro utilizzo dei vostri dati personali;<\/li>\n<li>Diritto di accesso: accedere o richiedere l'accesso ai dati personali che ci avete fornito;<\/li>\n<li>Diritto di rettifica: richiedere la correzione o l'aggiornamento dei propri dati personali;<\/li>\n<li>Diritto alla cancellazione: richiedere la cancellazione dei propri dati personali, quando consentito dalla legge o dal contratto;<\/li>\n<li>Diritto di limitazione: richiedere di limitare il modo in cui utilizziamo i vostri dati personali, mentre li correggiamo o chiariamo eventuali dubbi sul loro contenuto o sull'uso che ne facciamo;<\/li>\n<\/ul>\n<p>Avete anche il diritto di revocare o modificare, in qualsiasi momento, il consenso che ci avete dato per l'utilizzo dei vostri dati personali, quando questo ne ha legittimato l'uso.<\/p>\n<p>Per esercitare i vostri diritti in materia di protezione dei dati personali, o per qualsiasi domanda sull'utilizzo dei vostri dati personali da parte nostra, vi preghiamo di contattarci via e-mail a <a href=\"mailto:info@ncbsolutions.pt\">info@ncbsolutions.pt<\/a><\/p>\n<p>&nbsp;<\/p>\n<h2><strong>Cosa raccogliamo e memorizziamo<\/strong><\/h2>\n<p>Mentre visitate il nostro sito, vi registriamo:<\/p>\n<ul>\n<li>Prodotti che hai visualizzato: lo utilizzeremo, ad esempio, per mostrare i prodotti che hai visualizzato di recente.<\/li>\n<li>Indirizzo di spedizione: vi chiederemo, ad esempio, di stimare le spese di spedizione prima di effettuare un ordine!<\/li>\n<\/ul>\n<p>Utilizziamo i cookie anche per mantenere il contenuto del vostro ordine mentre navigate sul nostro sito web.<\/p>\n<p>Quando acquistate dal nostro negozio, vi verranno chieste informazioni quali nome, indirizzo di fatturazione, indirizzo di spedizione, indirizzo e-mail, numero di telefono, carta di credito e dettagli di pagamento, nonch\u00e9 altre informazioni facoltative sull'account, quali nome utente e password. Queste informazioni saranno utilizzate per scopi quali:<\/p>\n<ul>\n<li>Inviarvi informazioni sul vostro conto e sul vostro ordine<\/li>\n<li>Rispondere alle vostre richieste, compresi rimborsi e reclami<\/li>\n<li>Elaborazione dei pagamenti e prevenzione delle frodi<\/li>\n<li>Configura il tuo account per il nostro negozio<\/li>\n<li>Adempiere a tutti gli obblighi di legge, come ad esempio il calcolo delle imposte.<\/li>\n<li>Migliorare le offerte del nostro negozio<\/li>\n<li>inviarvi messaggi di marketing, se desiderate riceverli<\/li>\n<\/ul>\n<p>Se si crea un account, memorizziamo il nome, l'indirizzo, l'indirizzo e-mail e il numero di telefono dell'utente, che verranno utilizzati per compilare i dati per gli ordini futuri.<\/p>\n<p>In generale, conserviamo le informazioni sull'utente per tutto il tempo necessario per le ragioni per cui le abbiamo raccolte, e non siamo obbligati per legge a conservarle. Ad esempio, conserveremo le informazioni per il tempo necessario ai fini fiscali e contabili. Queste informazioni comprendono il nome, l'indirizzo e-mail, l'indirizzo di fatturazione e di spedizione.<\/p>\n<p>&nbsp;<\/p>\n<h2><strong>Chi nel nostro team ha accesso<\/strong><\/h2>\n<p>I membri del nostro team hanno accesso alle informazioni fornite dall'utente. Ad esempio, gli amministratori e i gestori del sito web possono accedere:<\/p>\n<ul>\n<li>Informazioni sull'ordine, cosa avete acquistato, quando lo avete acquistato e dove verr\u00e0 spedito, e<\/li>\n<li>Informazioni sul cliente, come nome, indirizzo e-mail e indirizzo di fatturazione e spedizione.<\/li>\n<\/ul>\n<p>I membri del nostro team hanno accesso a queste informazioni per evadere gli ordini e fornire assistenza ai clienti.<\/p>\n<p>&nbsp;<\/p>\n<h2><strong>Cosa condividiamo con gli altri<\/strong><\/h2>\n<p>Condividiamo le informazioni con terze parti che ci aiutano a elaborare i vostri ordini, ad esempio il corriere che verr\u00e0 scelto per consegnare il vostro pacco.<\/p>\n<p>Questa politica \u00e8 in vigore dal 1\u00b0 gennaio 2021<\/p>\n<p>[\/et_pb_text][\/et_pb_column][\/et_pb_row][\/et_pb_section]<\/p>","protected":false},"excerpt":{"rendered":"<p>Pol\u00edtica de Privacidade A sua privacidade \u00e9 importante para n\u00f3s. A nossa pol\u00edtica \u00e9 respeitar a sua privacidade em rela\u00e7\u00e3o a qualquer informa\u00e7\u00e3o sua que possamos recolher no site ncbsolutions.pt Solicitamos informa\u00e7\u00f5es pessoais apenas quando realmente precisamos delas para lhe fornecer um servi\u00e7o. Fazemo-lo por meios justos e legais, com o seu conhecimento e consentimento. [&hellip;]<\/p>","protected":false},"author":4,"featured_media":0,"parent":0,"menu_order":0,"comment_status":"closed","ping_status":"closed","template":"","meta":{"_et_pb_use_builder":"on","_et_pb_old_content":"","_et_gb_content_width":"","footnotes":""},"class_list":["post-5775","page","type-page","status-publish","hentry"],"_links":{"self":[{"href":"https:\/\/ncbsolutions.pt\/it\/wp-json\/wp\/v2\/pages\/5775","targetHints":{"allow":["GET"]}}],"collection":[{"href":"https:\/\/ncbsolutions.pt\/it\/wp-json\/wp\/v2\/pages"}],"about":[{"href":"https:\/\/ncbsolutions.pt\/it\/wp-json\/wp\/v2\/types\/page"}],"author":[{"embeddable":true,"href":"https:\/\/ncbsolutions.pt\/it\/wp-json\/wp\/v2\/users\/4"}],"replies":[{"embeddable":true,"href":"https:\/\/ncbsolutions.pt\/it\/wp-json\/wp\/v2\/comments?post=5775"}],"version-history":[{"count":0,"href":"https:\/\/ncbsolutions.pt\/it\/wp-json\/wp\/v2\/pages\/5775\/revisions"}],"wp:attachment":[{"href":"https:\/\/ncbsolutions.pt\/it\/wp-json\/wp\/v2\/media?parent=5775"}],"curies":[{"name":"wp","href":"https:\/\/api.w.org\/{rel}","templated":true}]}}