{"id":7185,"date":"2025-07-02T10:04:31","date_gmt":"2025-07-02T10:04:31","guid":{"rendered":"https:\/\/ncbsolutions.pt\/?page_id=7185"},"modified":"2025-09-25T14:09:20","modified_gmt":"2025-09-25T14:09:20","slug":"solicite-orcamento","status":"publish","type":"page","link":"https:\/\/ncbsolutions.pt\/it\/solicite-orcamento\/","title":{"rendered":"Richiesta di preventivo"},"content":{"rendered":"<p>[et_pb_section fb_built=&#8221;1&#8243; _builder_version=&#8221;4.27.4&#8243; _module_preset=&#8221;default&#8221; background_image=&#8221;https:\/\/ncbsolutions.pt\/wp-content\/uploads\/2025\/07\/section-banners-orcamento3-8.jpg&#8221; global_colors_info=&#8221;{}&#8221;][et_pb_row _builder_version=&#8221;4.27.4&#8243; _module_preset=&#8221;default&#8221; global_colors_info=&#8221;{}&#8221;][et_pb_column type=&#8221;4_4&#8243; _builder_version=&#8221;4.27.4&#8243; _module_preset=&#8221;default&#8221; global_colors_info=&#8221;{}&#8221;][et_pb_text _builder_version=&#8221;4.27.4&#8243; _module_preset=&#8221;default&#8221; header_font=&#8221;Roboto Slab|700||on|||||&#8221; header_text_align=&#8221;center&#8221; header_text_color=&#8221;#FFFFFF&#8221; header_font_size=&#8221;50px&#8221; global_colors_info=&#8221;{}&#8221;]<\/p>\n<h1>Richiesta di preventivo<\/h1>\n<p>[\/et_pb_text][\/et_pb_column][\/et_pb_row][\/et_pb_section][et_pb_section fb_built=&#8221;1&#8243; _builder_version=&#8221;4.27.4&#8243; _module_preset=&#8221;default&#8221; global_colors_info=&#8221;{}&#8221;][et_pb_row _builder_version=&#8221;4.27.4&#8243; _module_preset=&#8221;default&#8221; global_colors_info=&#8221;{}&#8221;][et_pb_column type=&#8221;4_4&#8243; _builder_version=&#8221;4.27.4&#8243; _module_preset=&#8221;default&#8221; global_colors_info=&#8221;{}&#8221;][et_pb_text _builder_version=&#8221;4.27.4&#8243; _module_preset=&#8221;default&#8221; header_4_font=&#8221;||||||||&#8221; header_4_text_align=&#8221;center&#8221; header_4_text_color=&#8221;#000000&#8243; header_4_font_size=&#8221;24px&#8221; header_4_line_height=&#8221;1.7em&#8221; text_orientation=&#8221;center&#8221; global_colors_info=&#8221;{}&#8221;]<\/p>\n<h4>Attenzione, \u00e8 necessario aggiungere un prodotto.<\/h4>\n<p>Indicare le specifiche del prodotto desiderato e compilare i campi richiesti.<br \/>Vi invieremo un preventivo il prima possibile.<\/p>\n<p>[\/et_pb_text][et_pb_text _builder_version=&#8221;4.27.4&#8243; _module_preset=&#8221;default&#8221; global_colors_info=&#8221;{}&#8221;]<\/p>\n<div class=\"woocommerce ywraq-wrapper\">\n\t<div id=\"yith-ywraq-message\"><\/div>\n\t<div class=\"ywraq-form-table-wrapper\">\n\t\t\t<p>Nessun prodotto in elenco<\/p>\n\n\t\t\t<\/div>\n<\/div>\n\n<p>[\/et_pb_text][\/et_pb_column][\/et_pb_row][\/et_pb_section]<\/p>","protected":false},"excerpt":{"rendered":"<p>Solicite or\u00e7amentoAten\u00e7\u00e3o, tem de adicionar um produto. Por favor, indique as especifica\u00e7\u00f5es do produto que pretende e preencha os campos solicitados.Enviaremos a cota\u00e7\u00e3o com a maior brevidade.<div class=\"woocommerce ywraq-wrapper\">\n\t<div id=\"yith-ywraq-message\"><\/div>\n\t<div class=\"ywraq-form-table-wrapper\">\n\t\t\t<p>Nessun prodotto in elenco<\/p>\n\n\t\t\t<\/div>\n<\/div>\n<\/p>","protected":false},"author":4,"featured_media":0,"parent":0,"menu_order":0,"comment_status":"closed","ping_status":"closed","template":"","meta":{"_et_pb_use_builder":"on","_et_pb_old_content":"","_et_gb_content_width":"","footnotes":""},"class_list":["post-7185","page","type-page","status-publish","hentry"],"_links":{"self":[{"href":"https:\/\/ncbsolutions.pt\/it\/wp-json\/wp\/v2\/pages\/7185","targetHints":{"allow":["GET"]}}],"collection":[{"href":"https:\/\/ncbsolutions.pt\/it\/wp-json\/wp\/v2\/pages"}],"about":[{"href":"https:\/\/ncbsolutions.pt\/it\/wp-json\/wp\/v2\/types\/page"}],"author":[{"embeddable":true,"href":"https:\/\/ncbsolutions.pt\/it\/wp-json\/wp\/v2\/users\/4"}],"replies":[{"embeddable":true,"href":"https:\/\/ncbsolutions.pt\/it\/wp-json\/wp\/v2\/comments?post=7185"}],"version-history":[{"count":0,"href":"https:\/\/ncbsolutions.pt\/it\/wp-json\/wp\/v2\/pages\/7185\/revisions"}],"wp:attachment":[{"href":"https:\/\/ncbsolutions.pt\/it\/wp-json\/wp\/v2\/media?parent=7185"}],"curies":[{"name":"wp","href":"https:\/\/api.w.org\/{rel}","templated":true}]}}