{"id":7789,"date":"2025-07-02T10:07:27","date_gmt":"2025-07-02T10:07:27","guid":{"rendered":"https:\/\/ncbsolutions.pt\/?page_id=7789"},"modified":"2025-12-10T16:23:27","modified_gmt":"2025-12-10T16:23:27","slug":"termos-e-condicoes","status":"publish","type":"page","link":"https:\/\/ncbsolutions.pt\/it\/termos-e-condicoes\/","title":{"rendered":"Termos e condi\u00e7\u00f5es"},"content":{"rendered":"<p>[et_pb_section fb_built=&#8221;1&#8243; _builder_version=&#8221;4.27.4&#8243; _module_preset=&#8221;default&#8221; global_colors_info=&#8221;{}&#8221;][et_pb_row _builder_version=&#8221;4.27.4&#8243; _module_preset=&#8221;default&#8221; custom_padding=&#8221;0px|0px|0px|0px|false|false&#8221; global_colors_info=&#8221;{}&#8221;][et_pb_column type=&#8221;4_4&#8243; _builder_version=&#8221;4.27.4&#8243; _module_preset=&#8221;default&#8221; global_colors_info=&#8221;{}&#8221;][et_pb_text _builder_version=&#8221;4.27.4&#8243; _module_preset=&#8221;default&#8221; global_colors_info=&#8221;{}&#8221;]<\/p>\n<h2><strong>1 - Ambito di applicazione e oggetto delle Condizioni generali di contratto del Sito web<\/strong><\/h2>\n<p>Le presenti Condizioni Generali, unitamente al modulo d'ordine e agli altri elementi in esso richiamati, hanno lo scopo di disciplinare i termini e le condizioni che regolano la fornitura del Servizio del Sito Web di NCB Solutions, con sede legale a Fi\u00e3es, con numero unico di registrazione e identificazione della persona giuridica 513457054, di seguito denominata NCB Solutions.<\/p>\n<p>Il Servizio consiste nel fornire, tramite l'indirizzo https:\/\/ncbsolutions.pt, l'accesso al Sito Web che, oltre a fornire informazioni su una serie di prodotti e\/o servizi, consente all'Utente di ordinare elettronicamente i prodotti ivi indicati, secondo i termini e le condizioni qui descritti.<\/p>\n<p>Gli ordini di prodotti devono essere effettuati da utenti di et\u00e0 pari o superiore a 18 (diciotto) anni (i soggetti di et\u00e0 inferiore devono essere autorizzati dai loro rappresentanti). Gli elementi e le informazioni trasmessi dall'Utente godranno di piena efficacia giuridica, con il riconoscimento da parte dell'Utente degli acquisti elettronici e l'impossibilit\u00e0 di far valere la mancanza di firma per la violazione degli obblighi assunti.<\/p>\n<p>&nbsp;<\/p>\n<h2><strong>2 - Informazioni e contenuti del prodotto<\/strong><\/h2>\n<p>NCB Solutions si impegna a garantire che le informazioni presentate non contengano errori tipografici, che saranno prontamente corretti ogniqualvolta si verifichino.<\/p>\n<p>Il Cliente accetta e riconosce espressamente che:<\/p>\n<ul>\n<li>Le immagini degli articoli presentate sul sito web hanno scopo puramente illustrativo e il Cliente \u00e8 tenuto a leggere attentamente e integralmente le informazioni sulle caratteristiche essenziali degli articoli e pu\u00f2, in caso di dubbio, contattare NCB Solutions attraverso i contatti disponibili.<\/li>\n<li>NCB Solutions far\u00e0 ogni ragionevole sforzo per includere informazioni accurate e aggiornate sui propri prodotti disponibili sul sito web di NCB Solutions;<\/li>\n<\/ul>\n<p>NCB Solutions cercher\u00e0 di inviare tutti i prodotti ordinati, ma \u00e8 possibile che, in alcuni casi e per cause difficilmente controllabili da NCB Solutions, come errori umani o incidenti nei sistemi informatici, alcuni dei prodotti ordinati dall'Utente non siano disponibili. Se un prodotto non \u00e8 disponibile dopo aver effettuato l'ordine, l'Utente ne sar\u00e0 informato per e-mail o per telefono. L'Utente avr\u00e0 quindi la possibilit\u00e0 di annullare l'ordine con un rimborso, se ha gi\u00e0 pagato.<br \/><a name=\"entregas\"><\/a><br \/>Tutte le informazioni su prezzi, prodotti, specifiche, azioni promozionali e servizi possono essere modificate in qualsiasi momento da NCB Solutions.<\/p>\n<p>Salvo errori di ortografia, errori di pubblicazione o esaurimento delle scorte, i prezzi indicati non sono comprensivi di IVA e sono validi solo per questo sito web e per il giorno in cui sono stati annunciati. I prezzi e le specifiche sono soggetti a modifiche senza preavviso, tuttavia dal momento in cui l'ordine viene confermato da entrambe le parti, il prezzo concordato \u00e8 inalterabile, anche se l'ordine viene programmato e consegnato in una data successiva.<\/p>\n<p>&nbsp;<\/p>\n<h2><strong>3 - Condizioni di consegna<\/strong><\/h2>\n<p>Consegne gratuite nel comune di Santa Maria da Feira o in un raggio di non pi\u00f9 di 20 chilometri dall'indirizzo della sede centrale di NCB Solutions.<\/p>\n<p>Se la consegna avviene al di fuori del limite geografico di cui al punto precedente, \u00e8 gratuita se il valore netto dell'ordine \u00e8 superiore a 1.000 euro.<\/p>\n<p>&nbsp;<\/p>\n<h2><strong>4 - Responsabilit\u00e0<\/strong><\/h2>\n<p>Tutti i prodotti pubblicizzati sul sito web di NCB Solutions sono conformi alla legge portoghese.<\/p>\n<p>Il sito web \u00e8 dotato di adeguati livelli di sicurezza, tuttavia NCB Solutions non sar\u00e0 responsabile di eventuali danni subiti dall'Utente e\/o da Terzi a causa di ritardi, interruzioni, errori e sospensioni delle comunicazioni derivanti da fattori al di fuori del suo controllo, vale a dire eventuali carenze o guasti causati dalla rete di comunicazione o dai servizi di comunicazione forniti da terzi, dal sistema informatico, dai modem, dal software di connessione o da eventuali virus informatici o derivanti dallo scaricamento (\"download\") attraverso il servizio di file infetti o contenenti virus o altre propriet\u00e0 che possono danneggiare le apparecchiature dell'Utente. Se per qualsiasi motivo non \u00e8 possibile fornire il servizio a causa di un errore di accesso al sito web di NCB Solutions, NCB Solutions non sar\u00e0 responsabile di eventuali danni.<\/p>\n<p>Le richieste di dati e informazioni effettuate nell'ambito di questo Servizio si presumono effettuate dall'Utente e NCB Solutions declina ogni responsabilit\u00e0 derivante dall'uso abusivo o fraudolento delle informazioni ottenute.<\/p>\n<p>NCB Solutions non sar\u00e0 responsabile di eventuali perdite o danni causati da un uso improprio del Servizio che non siano direttamente attribuibili ad essa per dolo o colpa grave.<\/p>\n<p>NCB Solutions non sar\u00e0 responsabile di alcuna perdita o danno derivante dal mancato o difettoso adempimento del Servizio, qualora ci\u00f2 non sia direttamente o indirettamente imputabile ad essa a titolo di dolo o colpa grave, e non sar\u00e0 responsabile in particolare di (i) errori, omissioni o altre imprecisioni relative alle informazioni rese disponibili attraverso il Servizio; (ii) danni causati da colpa dell'Utente o di terzi, comprese le violazioni della propriet\u00e0 intellettuale, (iii) inadempienze o difetti di adempimento derivanti dall'osservanza di decisioni giudiziarie o di autorit\u00e0 amministrative o (iv) inadempienze o difetti di adempimento derivanti dal verificarsi di situazioni di forza maggiore, vale a dire situazioni di natura straordinaria o imprevedibile, esterne a NCB Solutions e non controllabili da NCB Solutions, quali incendi, interruzioni di corrente, esplosioni, guerre, sommosse, insurrezioni civili, decisioni governative, scioperi, terremoti, inondazioni, altre catastrofi naturali o altre situazioni non controllabili da NCB Solutions che impediscano o compromettano l'adempimento delle obbligazioni assunte.<\/p>\n<p>NCB Solutions non garantisce che:<\/p>\n<ol>\n<li>il Servizio viene fornito senza interruzioni, \u00e8 sicuro, privo di errori o funziona all'infinito;<\/li>\n<li>la qualit\u00e0 di qualsiasi prodotto, servizio, informazione o qualsiasi altro materiale acquistato o ottenuto tramite il Servizio soddisfa le aspettative dell'Utente in relazione ad esso;<\/li>\n<li>qualsiasi materiale ottenuto in qualsiasi modo attraverso l'uso del Servizio \u00e8 utilizzato a rischio e pericolo dell'Utente, che \u00e8 l'unico responsabile di qualsiasi danno causato al proprio sistema informatico e alle proprie apparecchiature o di qualsiasi perdita di dati derivante da tale operazione;<\/li>\n<li>nessun consiglio o informazione, orale o scritta, ottenuta dall'Utente attraverso il Servizio creer\u00e0 alcuna garanzia che non sia espressa nelle presenti Condizioni Generali.<\/li>\n<\/ol>\n<p>&nbsp;<\/p>\n<p>L'Utente accetta che NCB Solutions non pu\u00f2 in alcun modo essere ritenuta responsabile per eventuali danni, inclusi (ma non solo) i danni per perdita di profitti, dati, contenuti o qualsiasi altra perdita (anche se \u00e8 stata precedentemente avvisata dall'Utente della possibilit\u00e0 del verificarsi di tali danni), derivanti da tali danni:<\/p>\n<ol>\n<li>l'utilizzo o l'impossibilit\u00e0 di utilizzare il Servizio;<\/li>\n<li>la difficolt\u00e0 di ottenere beni\/servizi sostitutivi;<\/li>\n<li>accesso non autorizzato o modifica dei database personali.<\/li>\n<\/ol>\n<p>&nbsp;<\/p>\n<h2>5 &#8211; <strong>Obblighi dei consumatori<\/strong><\/h2>\n<p>L'utente si impegna a:<\/p>\n<ol>\n<li>Fornire dati e indirizzi corretti;<\/li>\n<li>Non utilizzate false identit\u00e0;<\/li>\n<li>Rispettare i limiti d'ordine imposti.<\/li>\n<\/ol>\n<p>Se uno dei dati \u00e8 errato o insufficiente e per questo motivo si verifica un ritardo o un'impossibilit\u00e0 nell'evasione dell'ordine o un'eventuale mancata consegna, la responsabilit\u00e0 \u00e8 dell'Utente e NCB Solutions declina ogni responsabilit\u00e0. Nel caso in cui il consumatore violi uno qualsiasi di questi obblighi, NCB Solutions si riserva il diritto di eliminare acquisti futuri, bloccare l'accesso al sito web, cancellare la fornitura di qualsiasi altro servizio reso disponibile contemporaneamente da NCB Solutions allo stesso Utente; e anche di non consentire l'accesso futuro dell'Utente a uno o tutti i servizi resi disponibili da NCB Solutions.<\/p>\n<p>\u00c8 espressamente vietato utilizzare i prodotti e i servizi acquistati per scopi commerciali, ovvero per la rivendita di beni.<\/p>\n<p>&nbsp;<\/p>\n<h2><strong>6 - Privacy e protezione dei dati personali<\/strong><\/h2>\n<p>NCB Solutions garantisce la riservatezza di tutti i dati forniti dagli Utenti.<\/p>\n<p>I dati personali che devono essere forniti nel modulo d'ordine sono essenziali per la fornitura del Servizio da parte di NCB Solutions. L'omissione o l'inesattezza dei dati forniti dall'Utente \u00e8 di sua esclusiva responsabilit\u00e0 e pu\u00f2 comportare il rifiuto da parte di NCB Solutions di fornire il Servizio.<\/p>\n<p>Ai sensi della normativa applicabile, all'Utente \u00e8 garantito, gratuitamente, il diritto di accesso, rettifica e aggiornamento dei propri dati personali, direttamente o su richiesta scritta, nonch\u00e9 il diritto di opporsi al loro utilizzo per le finalit\u00e0 di cui al paragrafo precedente, rivolgendosi a tal fine al soggetto responsabile del trattamento dei dati personali.<\/p>\n<p>&nbsp;<\/p>\n<h2><strong>7 - Cancellazione dell'ordine<\/strong><\/h2>\n<p>Su richiesta dell'Utente:<\/p>\n<p>L'Utente pu\u00f2 cancellare il proprio ordine richiedendolo a NCB Solutions via e-mail, citando il numero d'ordine, che sar\u00e0 accettato fintanto che l'ordine non sar\u00e0 ancora stato elaborato.<\/p>\n<p>Per decisione di NCB Solutions:<\/p>\n<p>NCB Solutions si riserva il diritto di non evadere gli ordini qualora riscontri un'incongruenza nei dati personali forniti o osservi un comportamento scorretto da parte dell'acquirente. NCB Solutions si riserva il diritto di non evadere alcun ordine o rimborso in caso di errori nei valori e\/o nelle caratteristiche dei prodotti, quando questi sono il risultato di problemi tecnici o di errori al di fuori del controllo di NCB Solutions.<\/p>\n<p>&nbsp;<\/p>\n<h2><strong>8 - Restituzione (diritto di recesso) <\/strong><\/h2>\n<p>L'Utente pu\u00f2 esercitare il diritto di recesso senza essere tenuto a fornire alcuna motivazione e\/o indennizzo, entro 14 (quattordici) giorni dal giorno in cui il consumatore acquisisce il possesso fisico del bene, e le spese di trasporto inerenti alla restituzione saranno sempre a carico dell'utente.<\/p>\n<p>&nbsp;<\/p>\n<h2><strong>9 - Condizioni per l'accettazione di resi\/cambiamenti<\/strong><\/h2>\n<p>Sebbene i resi\/cambi sugli acquisti a distanza (come descritto sopra) siano accettati entro i primi 14 giorni, la merce restituita sar\u00e0 accettata solo se soddisfa le seguenti condizioni:<\/p>\n<ul>\n<li>Il prodotto restituito deve essere integro e privo di segni e\/o danni dovuti all'uso.<\/li>\n<li>Dovete restituire il prodotto alla sede centrale di NCB Solutions, insieme all'imballaggio non danneggiato.<\/li>\n<li>Insieme alla merce restituita, \u00e8 necessario allegare la fattura dello stesso prodotto.<\/li>\n<\/ul>\n<p>In caso di mancato rispetto di uno dei punti sopra indicati, non potremo accettare la restituzione, il rimborso o la sostituzione del prodotto.<\/p>\n<p>&nbsp;<\/p>\n<h2><strong>10 - Non accettazione di resi\/annullamenti e\/o rimborsi<\/strong><\/h2>\n<p>Prodotti realizzati in modo personalizzato su richiesta del cliente e in base alle sue esigenze. Entrambe le parti (il cliente e NCB Solutions) presumono di essere state informate e di aver accettato le caratteristiche e le specifiche del prodotto personalizzato. Un altro motivo di mancata accettazione \u00e8 l'elevata impossibilit\u00e0 di rivendere il prodotto personalizzato a un altro cliente.<\/p>\n<p>&nbsp;<\/p>\n<h2><strong>11 - Difetto di fabbricazione<\/strong><\/h2>\n<p>In caso di difetti di fabbricazione, ossia quando vengono rilevati errori di fabbricazione nel prodotto, l'Utente deve notificare per iscritto a NCB Solutions i difetti di fabbricazione rilevati. NCB Solutions dispone di un periodo di 8 giorni di calendario dalla data del reclamo dell'Utente per analizzare e rispondere al reclamo. Dopo l'accettazione da parte di NCB Solutions, l'Utente deve restituire il prodotto, insieme a una copia della fattura, entro un massimo di 30 giorni di calendario dalla data della fattura, all'indirizzo della sede centrale di NCB Solutions. In questo caso, le spese di trasporto per la restituzione saranno a carico di NCB Solutions.<\/p>\n<p>&nbsp;<\/p>\n<h2><strong>12 - Rimborsi per restituzione<\/strong><\/h2>\n<p>La modalit\u00e0 di rimborso dell'importo da restituire avverr\u00e0 con lo stesso metodo di pagamento effettuato dall'utente.<\/p>\n<p>I rimborsi saranno effettuati entro 14 giorni dal ricevimento del prodotto restituito e dalla convalida della sua conformit\u00e0 da parte di NCB Solutions.<\/p>\n<p>&nbsp;<\/p>\n<h2><strong>13 - Propriet\u00e0 intellettuale<\/strong><\/h2>\n<p>Il sito \u00e8 un sito registrato e il servizio fornito dal sito stesso \u00e8 di responsabilit\u00e0 di NCB Solutions.<\/p>\n<p>L'Utente riconosce che il Servizio contiene informazioni riservate ed \u00e8 protetto dal diritto d'autore e dai diritti connessi, dalla propriet\u00e0 industriale e da altre leggi applicabili.<\/p>\n<p>L'Utente riconosce che qualsiasi contenuto che compaia nella pubblicit\u00e0, nell'evidenziazione, nella promozione o nella menzione di qualsiasi sponsor o inserzionista \u00e8 protetto dalle leggi relative al diritto d'autore e ai diritti connessi, dalle leggi relative alla propriet\u00e0 industriale e da altre leggi di tutela della propriet\u00e0, pertanto qualsiasi utilizzo di tali contenuti pu\u00f2 avvenire solo dietro espressa autorizzazione dei rispettivi proprietari.<\/p>\n<p>L'Utente si impegna a rispettare pienamente i diritti di cui al paragrafo precedente, in particolare astenendosi dal compiere qualsiasi atto che possa violare la legge o tali diritti, come la riproduzione, la commercializzazione, la trasmissione o la messa a disposizione del pubblico di tali contenuti o qualsiasi altro atto non autorizzato che abbia come oggetto lo stesso contenuto.<\/p>\n<p>&nbsp;<\/p>\n<h2><strong>14 - Condizioni di sicurezza del servizio<\/strong><\/h2>\n<p>L'Utente si impegna a rispettare tutte le disposizioni di legge applicabili, in particolare a non praticare o incoraggiare la pratica di atti illeciti o che offendano il buon costume, come l'invio indiscriminato di comunicazioni non richieste (<em>spamming<\/em>) in violazione delle disposizioni di legge applicabili al trattamento dei dati personali e alle comunicazioni pubblicitarie tramite dispositivi automatici di chiamata, e deve altres\u00ec rispettare le regole di utilizzo del Servizio, pena la sospensione o la disattivazione del Servizio da parte di NCB Solutions.<\/p>\n<p>L'Utente riconosce e accetta espressamente che la Rete IP \u00e8 una rete di comunicazione elettronica pubblica che pu\u00f2 essere utilizzata da pi\u00f9 utenti e, in quanto tale, \u00e8 soggetta a sovraccarichi informatici, per cui NCB Solutions non garantisce che il Servizio sar\u00e0 fornito senza interruzioni, perdite di informazioni o ritardi.<\/p>\n<p>NCB Solutions non garantisce inoltre la fornitura del Servizio in situazioni di sovraccarico imprevedibile dei sistemi su cui si basa o di forza maggiore (situazioni di natura straordinaria o imprevedibile, esterne a NCB Solutions e che essa non pu\u00f2 controllare).<\/p>\n<p>In caso di interruzione della fornitura del Servizio per motivi di sovraccarico imprevedibile dei sistemi su cui si basa, NCB Solutions si impegna a regolarizzarne il funzionamento nel pi\u00f9 breve tempo possibile.<\/p>\n<p><strong>\u00a0<\/strong><\/p>\n<h2><strong>15 - Sospensione e disattivazione del servizio\/sito web<\/strong><\/h2>\n<p>Indipendentemente da qualsiasi avviso precedente o successivo, NCB Solutions pu\u00f2, in qualsiasi momento e a sua esclusiva discrezione, interrompere la messa a disposizione del Servizio e\/o di parte del Servizio a uno o a tutti gli Utenti.<\/p>\n<p>NCB Solutions si riserva inoltre il diritto di sospendere o interrompere immediatamente l'accesso al Servizio nei seguenti casi:<\/p>\n<ol>\n<li>Quando l'utente non rispetta le condizioni d'uso.<\/li>\n<li>Quando NCB Solutions cessa l'accesso al sito web, con un preavviso di 15 giorni rispetto alla data di cessazione.<\/li>\n<\/ol>\n<p>La sospensione o la cessazione del Servizio da parte di NCB Solutions, ai sensi dei paragrafi precedenti, non dar\u00e0 diritto all'Utente o a terzi ad alcun indennizzo o altro risarcimento, e NCB Solutions non potr\u00e0 essere ritenuta responsabile o in alcun modo gravata per qualsiasi conseguenza derivante dalla sospensione, cancellazione o cessazione del Servizio.<\/p>\n<p>Nelle situazioni sopra descritte, NCB Solutions informer\u00e0 l'Utente in anticipo in modo che l'Utente possa, se lo desidera, salvaguardare il contenuto della sua area di visualizzazione degli ordini entro 3 (tre) giorni lavorativi dall'invio dell'e-mail o dalla messa a disposizione delle informazioni sulla pagina principale del Servizio.<\/p>\n<p>&nbsp;<\/p>\n<h2><strong>16 - Comunicazioni<\/strong><\/h2>\n<p>Fatte salve le altre forme di comunicazione previste dalle presenti Condizioni Generali, le notifiche all'Utente relative al Servizio, comprese le eventuali modifiche alle presenti Condizioni Generali, potranno essere effettuate all'indirizzo di posta elettronica dell'Utente, via SMS o per telefono.<\/p>\n<p>L'Utente accetta di ricevere tutte le comunicazioni, comprese le azioni promozionali, e\/o le notifiche relative al sito web, all'indirizzo, al numero di telefono di contatto e\/o all'indirizzo e-mail (\"e-mail\") indicati nel processo di registrazione nell'area clienti.<\/p>\n<p>In qualsiasi momento, potete richiedere di non ricevere queste comunicazioni e\/o notifiche inviando un'e-mail a NCB Solutions.<\/p>\n<p>&nbsp;<\/p>\n<h2><strong>\u00a017 - Configurazioni tecniche<\/strong><\/h2>\n<p>Fatte salve le disposizioni del paragrafo seguente, NCB Solutions pu\u00f2 modificare il Servizio e\/o le condizioni tecniche per la sua fornitura, nonch\u00e9 le rispettive regole di utilizzo, e render\u00e0 note tali modifiche all'Utente con almeno 15 (quindici) giorni di anticipo.<\/p>\n<p>&nbsp;<\/p>\n<h2><strong>18 - Comunicazioni<\/strong><\/h2>\n<p>Ogni qualvolta NCB Solutions lo ritenga necessario o conveniente per ottimizzare l'esperienza di navigazione e\/o migliorare le condizioni di connettivit\u00e0, pu\u00f2 riformulare da remoto le impostazioni di rete.<\/p>\n<p>Fatte salve le disposizioni dei paragrafi seguenti, e in considerazione della natura innovativa del Servizio e degli sviluppi tecnologici a cui pu\u00f2 essere soggetto, NCB Solutions potr\u00e0 modificare le configurazioni tecniche del Servizio ogniqualvolta ci\u00f2 risulti conveniente al fine di adattarlo a possibili sviluppi tecnologici.<\/p>\n<p>NCB Solutions non garantisce tuttavia all'utente alcun aggiornamento o miglioramento del Servizio.<\/p>\n<p>Alcuni aggiornamenti o nuove funzionalit\u00e0 del Servizio possono essere disponibili solo a fronte di un pagamento da parte dell'Utente e\/o della sottoscrizione da parte dell'Utente di specifiche Condizioni d'uso.<\/p>\n<p>&nbsp;<\/p>\n<h2><strong>19 - Reclami<\/strong><\/h2>\n<p>L'Utente pu\u00f2 sottoporre qualsiasi controversia contrattuale ai meccanismi di arbitrato e mediazione che sono o possono essere legalmente costituiti, nonch\u00e9 presentare reclami a NCB Solutions per atti e omissioni che violano le disposizioni legali applicabili all'acquisto di beni.<\/p>\n<p>Il reclamo dovr\u00e0 essere presentato entro un termine massimo di 30 (trenta) giorni dalla data di conoscenza dei fatti da parte dell'Utente e sar\u00e0 registrato nei sistemi informativi di NCB Solutions, che decider\u00e0 sul reclamo e lo comunicher\u00e0 all'interessato entro un termine massimo di 30 (trenta) giorni dalla data di ricevimento.<\/p>\n<p>&nbsp;<\/p>\n<h2><strong>19.1 - Libro dei reclami<\/strong><\/h2>\n<p>NCB Solutions dispone di un registro dei reclami\/complimenti\/suggerimenti online.<\/p>\n<p>&nbsp;<\/p>\n<h2><strong>20 - Legge applicabile<\/strong><\/h2>\n<p>Il Contratto \u00e8 disciplinato dalla legge portoghese.<\/p>\n<p>[\/et_pb_text][\/et_pb_column][\/et_pb_row][\/et_pb_section]<\/p>","protected":false},"excerpt":{"rendered":"<p>1 &#8211; \u00c2mbito e Objeto das Condi\u00e7\u00f5es Gerais do Website As presentes Condi\u00e7\u00f5es Gerais destinam-se, com o formul\u00e1rio de encomenda, e os demais elementos referidos nas mesmas, a regular os termos e as condi\u00e7\u00f5es por que se reger\u00e1 a presta\u00e7\u00e3o do Servi\u00e7o Website NCB Solutions, com sede em Fi\u00e3es, sob o n\u00famero \u00fanico de matr\u00edcula [&hellip;]<\/p>","protected":false},"author":4,"featured_media":0,"parent":0,"menu_order":0,"comment_status":"closed","ping_status":"closed","template":"","meta":{"_et_pb_use_builder":"on","_et_pb_old_content":"","_et_gb_content_width":"","footnotes":""},"class_list":["post-7789","page","type-page","status-publish","hentry"],"_links":{"self":[{"href":"https:\/\/ncbsolutions.pt\/it\/wp-json\/wp\/v2\/pages\/7789","targetHints":{"allow":["GET"]}}],"collection":[{"href":"https:\/\/ncbsolutions.pt\/it\/wp-json\/wp\/v2\/pages"}],"about":[{"href":"https:\/\/ncbsolutions.pt\/it\/wp-json\/wp\/v2\/types\/page"}],"author":[{"embeddable":true,"href":"https:\/\/ncbsolutions.pt\/it\/wp-json\/wp\/v2\/users\/4"}],"replies":[{"embeddable":true,"href":"https:\/\/ncbsolutions.pt\/it\/wp-json\/wp\/v2\/comments?post=7789"}],"version-history":[{"count":0,"href":"https:\/\/ncbsolutions.pt\/it\/wp-json\/wp\/v2\/pages\/7789\/revisions"}],"wp:attachment":[{"href":"https:\/\/ncbsolutions.pt\/it\/wp-json\/wp\/v2\/media?parent=7789"}],"curies":[{"name":"wp","href":"https:\/\/api.w.org\/{rel}","templated":true}]}}