{"id":7959,"date":"2025-07-02T11:02:58","date_gmt":"2025-07-02T11:02:58","guid":{"rendered":"https:\/\/ncbsolutions.pt\/?page_id=7959"},"modified":"2025-09-24T09:07:40","modified_gmt":"2025-09-24T09:07:40","slug":"vantagens-big-bags","status":"publish","type":"page","link":"https:\/\/ncbsolutions.pt\/it\/vantagens-big-bags\/","title":{"rendered":"Vantaggi delle Big Bags"},"content":{"rendered":"<p>[et_pb_section fb_built=&#8221;1&#8243; _builder_version=&#8221;4.27.4&#8243; _module_preset=&#8221;default&#8221; custom_margin=&#8221;40px||||false|false&#8221; custom_padding=&#8221;0px||0px|||&#8221; global_colors_info=&#8221;{}&#8221;][et_pb_row column_structure=&#8221;1_2,1_2&#8243; _builder_version=&#8221;4.27.4&#8243; _module_preset=&#8221;default&#8221; global_colors_info=&#8221;{}&#8221;][et_pb_column type=&#8221;1_2&#8243; _builder_version=&#8221;4.27.4&#8243; _module_preset=&#8221;default&#8221; global_colors_info=&#8221;{}&#8221;][et_pb_text _builder_version=&#8221;4.27.4&#8243; _module_preset=&#8221;default&#8221; text_font_size=&#8221;16px&#8221; text_line_height=&#8221;2.2em&#8221; header_font=&#8221;Roboto Slab||||||||&#8221; header_font_size=&#8221;48px&#8221; global_colors_info=&#8221;{}&#8221;]<\/p>\n<p><span>Vantaggi di<\/span><\/p>\n<h1>Big Bags<\/h1>\n<p>[\/et_pb_text][et_pb_text _builder_version=&#8221;4.27.4&#8243; _module_preset=&#8221;default&#8221; text_font=&#8221;Roboto Slab|300|||||||&#8221; text_text_color=&#8221;#000000&#8243; text_font_size=&#8221;16px&#8221; hover_enabled=&#8221;0&#8243; global_colors_info=&#8221;{}&#8221; sticky_enabled=&#8221;0&#8243;]<\/p>\n<p>I big bag sono sacchi molto resistenti, grandi e riutilizzabili, utilizzati per il trasporto e lo stoccaggio di grandi quantit\u00e0 di merci.<\/p>\n<p>Grazie alle sue caratteristiche, il carico e la movimentazione sono semplici e veloci. Le maniglie del big bag consentono di sollevarlo con un carrello elevatore o un dispositivo di sollevamento adeguato. La riduzione dei tempi e dei costi di movimentazione \u00e8 uno dei principali vantaggi dell'utilizzo dei big bag in azienda.<\/p>\n<p>La big bag pu\u00f2 essere personalizzata (dimensioni, colore, trattamento UV, stampa, ecc.) in base alle esigenze del cliente.<\/p>\n<p>La capacit\u00e0 di carico del big bag pu\u00f2 variare da 250 kg a 2500 kg e il fattore di sicurezza pu\u00f2 essere di 5:1 o 6:1.<\/p>\n<p>Tutti i nostri sacchi grandi sono adatti al trasporto di prodotti alimentari.<\/p>\n<p>[\/et_pb_text][et_pb_button button_url=&#8221;@ET-DC@eyJkeW5hbWljIjp0cnVlLCJjb250ZW50IjoicG9zdF9saW5rX3VybF9wYWdlIiwic2V0dGluZ3MiOnsicG9zdF9pZCI6IjUwNzYifX0=@&#8221; button_text=&#8221;Fale Connosco&#8221; button_alignment=&#8221;left&#8221; _builder_version=&#8221;4.27.4&#8243; _dynamic_attributes=&#8221;button_url&#8221; _module_preset=&#8221;default&#8221; custom_button=&#8221;on&#8221; button_text_size=&#8221;14px&#8221; button_text_color=&#8221;#385a84&#8243; button_border_color=&#8221;#385a84&#8243; button_font=&#8221;|600||on|||||&#8221; custom_padding=&#8221;8px||8px||true|false&#8221; locked=&#8221;off&#8221; global_colors_info=&#8221;{}&#8221;][\/et_pb_button][\/et_pb_column][et_pb_column type=&#8221;1_2&#8243; _builder_version=&#8221;4.27.4&#8243; _module_preset=&#8221;default&#8221; global_colors_info=&#8221;{}&#8221;][et_pb_image src=&#8221;https:\/\/ncbsolutions.pt\/wp-content\/uploads\/2025\/07\/vantagens-big-bag.jpg&#8221; title_text=&#8221;vantagens-big-bag&#8221; _builder_version=&#8221;4.27.4&#8243; _module_preset=&#8221;default&#8221; height_tablet=&#8221;400px&#8221; height_phone=&#8221;160px&#8221; height_last_edited=&#8221;on|phone&#8221; custom_margin=&#8221;16px||||false|false&#8221; global_colors_info=&#8221;{}&#8221;][\/et_pb_image][\/et_pb_column][\/et_pb_row][\/et_pb_section][et_pb_section fb_built=&#8221;1&#8243; _builder_version=&#8221;4.27.4&#8243; _module_preset=&#8221;default&#8221; custom_padding=&#8221;||0px|||&#8221; global_colors_info=&#8221;{}&#8221;][et_pb_row _builder_version=&#8221;4.27.4&#8243; _module_preset=&#8221;default&#8221; custom_padding=&#8221;||0px|||&#8221; global_colors_info=&#8221;{}&#8221;][et_pb_column type=&#8221;4_4&#8243; _builder_version=&#8221;4.27.4&#8243; _module_preset=&#8221;default&#8221; global_colors_info=&#8221;{}&#8221;][et_pb_shop type=&#8221;product_category&#8221; posts_number=&#8221;4&#8243; include_categories=&#8221;19&#8243; _builder_version=&#8221;4.27.4&#8243; _module_preset=&#8221;default&#8221; global_colors_info=&#8221;{}&#8221;][\/et_pb_shop][\/et_pb_column][\/et_pb_row][\/et_pb_section]<\/p>","protected":false},"excerpt":{"rendered":"<p>Vantagens dos Big BagsBig bags s\u00e3o sacos bastante resistentes, de grandes dimens\u00f5es, reutiliz\u00e1veis, cuja fun\u00e7\u00e3o \u00e9 o transporte e armazenagem de grandes quantidades de mercadoria. Devido \u00e0s suas caracter\u00edsticas, o carregamento e manuseamento s\u00e3o feitos de uma forma simples e r\u00e1pida. As al\u00e7as do big bag permitem uma eleva\u00e7\u00e3o por meio de empilhador ou dispositivo [&hellip;]<\/p>","protected":false},"author":4,"featured_media":0,"parent":0,"menu_order":0,"comment_status":"closed","ping_status":"closed","template":"","meta":{"_et_pb_use_builder":"on","_et_pb_old_content":"<!-- wp:divi\/placeholder \/-->","_et_gb_content_width":"","footnotes":""},"class_list":["post-7959","page","type-page","status-publish","hentry"],"_links":{"self":[{"href":"https:\/\/ncbsolutions.pt\/it\/wp-json\/wp\/v2\/pages\/7959","targetHints":{"allow":["GET"]}}],"collection":[{"href":"https:\/\/ncbsolutions.pt\/it\/wp-json\/wp\/v2\/pages"}],"about":[{"href":"https:\/\/ncbsolutions.pt\/it\/wp-json\/wp\/v2\/types\/page"}],"author":[{"embeddable":true,"href":"https:\/\/ncbsolutions.pt\/it\/wp-json\/wp\/v2\/users\/4"}],"replies":[{"embeddable":true,"href":"https:\/\/ncbsolutions.pt\/it\/wp-json\/wp\/v2\/comments?post=7959"}],"version-history":[{"count":0,"href":"https:\/\/ncbsolutions.pt\/it\/wp-json\/wp\/v2\/pages\/7959\/revisions"}],"wp:attachment":[{"href":"https:\/\/ncbsolutions.pt\/it\/wp-json\/wp\/v2\/media?parent=7959"}],"curies":[{"name":"wp","href":"https:\/\/api.w.org\/{rel}","templated":true}]}}