{"id":100,"date":"2025-07-02T09:33:29","date_gmt":"2025-07-02T09:33:29","guid":{"rendered":"https:\/\/ncbsolutions.pt\/?post_type=product&#038;p=100"},"modified":"2025-12-03T17:55:46","modified_gmt":"2025-12-03T17:55:46","slug":"filme-estiravel-manual","status":"publish","type":"product","link":"https:\/\/ncbsolutions.pt\/it\/product\/filme-estiravel-manual\/","title":{"rendered":"Film estensibile manuale"},"content":{"rendered":"<div class=\"page\" title=\"Pagina 6\">\n<div class=\"section\">\n<div class=\"layoutArea\">\n<div class=\"column\">\n<p class=\"p1\">Il film estensibile manuale viene applicato dall'operatore direttamente sul pallet o sul prodotto. Grazie alla sua facilit\u00e0 d'uso, questo tipo di film \u00e8 uno dei pi\u00f9 utilizzati per proteggere i prodotti.<span class=\"Apple-converted-space\">\u00a0 La larghezza pi\u00f9 comunemente utilizzata \u00e8 di 500 mm e il peso lordo \u00e8 di 2 kg (cartone incluso); tuttavia, possiamo fornire altre misure e pesi.<\/span><\/p>\n<\/div>\n<\/div>\n<\/div>\n<\/div>","protected":false},"excerpt":{"rendered":"<p class=\"p1\">Applicazione diretta dell'operatore nella protezione dei prodotti.<\/p>\n<p><strong>Dimensioni<\/strong><br \/>\n<strong>Peso della bobina:<\/strong> Su richiesta del cliente<br \/>\n<strong>Spessore:<\/strong> su richiesta del cliente<br \/>\n<strong>Colore:<\/strong> Trasparente e altri<\/p>","protected":false},"featured_media":174,"comment_status":"closed","ping_status":"closed","template":"","meta":{"_et_pb_use_builder":"","_et_pb_old_content":"","_et_gb_content_width":""},"product_brand":[],"product_cat":[21],"product_tag":[],"class_list":{"0":"post-100","1":"product","2":"type-product","3":"status-publish","4":"has-post-thumbnail","6":"product_cat-filme-estiravel","8":"first","9":"instock","10":"shipping-taxable","11":"purchasable","12":"product-type-variable"},"_links":{"self":[{"href":"https:\/\/ncbsolutions.pt\/it\/wp-json\/wp\/v2\/product\/100","targetHints":{"allow":["GET"]}}],"collection":[{"href":"https:\/\/ncbsolutions.pt\/it\/wp-json\/wp\/v2\/product"}],"about":[{"href":"https:\/\/ncbsolutions.pt\/it\/wp-json\/wp\/v2\/types\/product"}],"replies":[{"embeddable":true,"href":"https:\/\/ncbsolutions.pt\/it\/wp-json\/wp\/v2\/comments?post=100"}],"wp:featuredmedia":[{"embeddable":true,"href":"https:\/\/ncbsolutions.pt\/it\/wp-json\/wp\/v2\/media\/174"}],"wp:attachment":[{"href":"https:\/\/ncbsolutions.pt\/it\/wp-json\/wp\/v2\/media?parent=100"}],"wp:term":[{"taxonomy":"product_brand","embeddable":true,"href":"https:\/\/ncbsolutions.pt\/it\/wp-json\/wp\/v2\/product_brand?post=100"},{"taxonomy":"product_cat","embeddable":true,"href":"https:\/\/ncbsolutions.pt\/it\/wp-json\/wp\/v2\/product_cat?post=100"},{"taxonomy":"product_tag","embeddable":true,"href":"https:\/\/ncbsolutions.pt\/it\/wp-json\/wp\/v2\/product_tag?post=100"}],"curies":[{"name":"wp","href":"https:\/\/api.w.org\/{rel}","templated":true}]}}