{"id":92,"date":"2025-07-02T09:33:28","date_gmt":"2025-07-02T09:33:28","guid":{"rendered":"https:\/\/ncbsolutions.pt\/?post_type=product&#038;p=92"},"modified":"2025-09-24T09:22:19","modified_gmt":"2025-09-24T09:22:19","slug":"big-bag-plastico-interior","status":"publish","type":"product","link":"https:\/\/ncbsolutions.pt\/it\/product\/big-bag-plastico-interior\/","title":{"rendered":"Big Bag Interno in plastica"},"content":{"rendered":"<p class=\"p1\">Il big bag con plastica interna \u00e8 progettato per proteggere le materie prime da fattori esterni. La plastica interna in polietilene protegge dall'umidit\u00e0 ed evita possibili perdite durante lo svuotamento di prodotti sfusi a bassissima densit\u00e0.<\/p>","protected":false},"excerpt":{"rendered":"<p>Il big bag con plastica interna \u00e8 progettato per proteggere le materie prime da fattori esterni. La plastica interna in polietilene protegge dall'umidit\u00e0 ed evita possibili perdite durante lo svuotamento di prodotti sfusi a bassissima densit\u00e0.<\/p>","protected":false},"featured_media":131,"comment_status":"closed","ping_status":"closed","template":"","meta":{"_et_pb_use_builder":"","_et_pb_old_content":"","_et_gb_content_width":""},"product_brand":[],"product_cat":[19],"product_tag":[],"class_list":{"0":"post-92","1":"product","2":"type-product","3":"status-publish","4":"has-post-thumbnail","6":"product_cat-big-bags-pt","8":"first","9":"instock","10":"shipping-taxable","11":"purchasable","12":"product-type-variable"},"_links":{"self":[{"href":"https:\/\/ncbsolutions.pt\/it\/wp-json\/wp\/v2\/product\/92","targetHints":{"allow":["GET"]}}],"collection":[{"href":"https:\/\/ncbsolutions.pt\/it\/wp-json\/wp\/v2\/product"}],"about":[{"href":"https:\/\/ncbsolutions.pt\/it\/wp-json\/wp\/v2\/types\/product"}],"replies":[{"embeddable":true,"href":"https:\/\/ncbsolutions.pt\/it\/wp-json\/wp\/v2\/comments?post=92"}],"wp:featuredmedia":[{"embeddable":true,"href":"https:\/\/ncbsolutions.pt\/it\/wp-json\/wp\/v2\/media\/131"}],"wp:attachment":[{"href":"https:\/\/ncbsolutions.pt\/it\/wp-json\/wp\/v2\/media?parent=92"}],"wp:term":[{"taxonomy":"product_brand","embeddable":true,"href":"https:\/\/ncbsolutions.pt\/it\/wp-json\/wp\/v2\/product_brand?post=92"},{"taxonomy":"product_cat","embeddable":true,"href":"https:\/\/ncbsolutions.pt\/it\/wp-json\/wp\/v2\/product_cat?post=92"},{"taxonomy":"product_tag","embeddable":true,"href":"https:\/\/ncbsolutions.pt\/it\/wp-json\/wp\/v2\/product_tag?post=92"}],"curies":[{"name":"wp","href":"https:\/\/api.w.org\/{rel}","templated":true}]}}